{"id":918,"date":"2024-11-24T15:53:18","date_gmt":"2024-11-24T15:53:18","guid":{"rendered":"https:\/\/iut.fluxeos.com\/rapcollect\/?post_type=product&#038;p=918"},"modified":"2024-11-27T11:15:52","modified_gmt":"2024-11-27T11:15:52","slug":"carte-caballero","status":"publish","type":"product","link":"https:\/\/iut.fluxeos.com\/rapcollect\/produit\/carte-caballero\/","title":{"rendered":"Carte Caballero"},"content":{"rendered":"<h1>Caballero<\/h1>\n<p><span class=\"OYPEnA font-feature-liga-off font-feature-clig-off font-feature-calt-off text-decoration-none text-strikethrough-none\">Notre carte Caballero est bien plus qu&rsquo;un simple objet, c&rsquo;est une \u0153uvre de design soign\u00e9e qui allie esth\u00e9tisme et qualit\u00e9. Fabriqu\u00e9e \u00e0 partir de mat\u00e9riaux durables, elle arbore un motif original et \u00e9l\u00e9gant qui capte l\u2019attention et refl\u00e8te le soin apport\u00e9 \u00e0 chaque d\u00e9tail. Son format pratique la rend facile \u00e0 transporter, tandis que son design contemporain en fait un accessoire incontournable pour les amateurs de produits tendance. Que vous souhaitiez l\u2019utiliser comme \u00e9l\u00e9ment d\u00e9coratif, objet de collection ou cadeau, cette carte Caballero saura r\u00e9pondre \u00e0 toutes vos attentes. Un produit unique, con\u00e7u pour ceux qui appr\u00e9cient l&rsquo;innovation et l&rsquo;esth\u00e9tique.<\/span><\/p>\n","protected":false},"excerpt":{"rendered":"<p><span class=\"OYPEnA font-feature-liga-off font-feature-clig-off font-feature-calt-off text-decoration-none text-strikethrough-none\">D\u00e9couvrez notre carte Caballero au design \u00e9l\u00e9gant et moderne, parfaite pour ajouter une touche unique \u00e0 votre collection ou offrir en cadeau.<\/span><\/p>\n","protected":false},"featured_media":921,"comment_status":"open","ping_status":"closed","template":"","meta":[],"product_brand":[],"product_cat":[19],"product_tag":[],"class_list":{"0":"post-918","1":"product","2":"type-product","3":"status-publish","4":"has-post-thumbnail","6":"product_cat-collection-belgique","8":"first","9":"instock","10":"shipping-taxable","11":"purchasable","12":"product-type-simple"},"_links":{"self":[{"href":"https:\/\/iut.fluxeos.com\/rapcollect\/wp-json\/wp\/v2\/product\/918","targetHints":{"allow":["GET"]}}],"collection":[{"href":"https:\/\/iut.fluxeos.com\/rapcollect\/wp-json\/wp\/v2\/product"}],"about":[{"href":"https:\/\/iut.fluxeos.com\/rapcollect\/wp-json\/wp\/v2\/types\/product"}],"replies":[{"embeddable":true,"href":"https:\/\/iut.fluxeos.com\/rapcollect\/wp-json\/wp\/v2\/comments?post=918"}],"wp:featuredmedia":[{"embeddable":true,"href":"https:\/\/iut.fluxeos.com\/rapcollect\/wp-json\/wp\/v2\/media\/921"}],"wp:attachment":[{"href":"https:\/\/iut.fluxeos.com\/rapcollect\/wp-json\/wp\/v2\/media?parent=918"}],"wp:term":[{"taxonomy":"product_brand","embeddable":true,"href":"https:\/\/iut.fluxeos.com\/rapcollect\/wp-json\/wp\/v2\/product_brand?post=918"},{"taxonomy":"product_cat","embeddable":true,"href":"https:\/\/iut.fluxeos.com\/rapcollect\/wp-json\/wp\/v2\/product_cat?post=918"},{"taxonomy":"product_tag","embeddable":true,"href":"https:\/\/iut.fluxeos.com\/rapcollect\/wp-json\/wp\/v2\/product_tag?post=918"}],"curies":[{"name":"wp","href":"https:\/\/api.w.org\/{rel}","templated":true}]}}