{"id":965,"date":"2024-11-24T17:13:27","date_gmt":"2024-11-24T17:13:27","guid":{"rendered":"https:\/\/iut.fluxeos.com\/rapcollect\/?page_id=965"},"modified":"2024-11-27T12:24:50","modified_gmt":"2024-11-27T12:24:50","slug":"paiement-securise-rapcollect","status":"publish","type":"page","link":"https:\/\/iut.fluxeos.com\/rapcollect\/paiement-securise-rapcollect\/","title":{"rendered":"Paiement s\u00e9curis\u00e9 Rapcollect"},"content":{"rendered":"\n<div class=\"wp-block-stackable-columns stk-block-columns stk-block stk-fe4143b stk-block-background\" data-block-id=\"fe4143b\"><style>.stk-fe4143b {background-color:#000000 !important;margin-bottom:-25px !important;}.stk-fe4143b:before{background-color:#000000 !important;}<\/style><div class=\"stk-row stk-inner-blocks stk-block-content stk-content-align stk-fe4143b-column\">\n<div class=\"wp-block-stackable-column stk-block-column stk-column stk-block stk-849fba5\" data-v=\"4\" data-block-id=\"849fba5\"><div class=\"stk-column-wrapper stk-block-column__content stk-container stk-849fba5-container stk--no-background stk--no-padding\"><div class=\"stk-block-content stk-inner-blocks stk-849fba5-inner-blocks\">\n<div class=\"wp-block-stackable-spacer stk-block-spacer stk--no-padding stk-block stk-e80d89a stk-block-background\" data-block-id=\"e80d89a\"><style>.stk-e80d89a {height:25px !important;background-color:#000000 !important;}.stk-e80d89a:before{background-color:#000000 !important;}<\/style><\/div>\n\n\n\n<div class=\"wp-block-stackable-heading stk-block-heading stk-block-heading--v2 stk-block stk-029de68\" id=\"paiement-securise\" data-block-id=\"029de68\"><style>.stk-029de68 .stk-block-heading__bottom-line{width:155px !important;background-color:#ffffff !important;margin-top:10px !important;margin-left:auto !important;margin-right:auto !important;}.stk-029de68 .stk-block-heading__text{color:#ffffff !important;}<\/style><h1 class=\"stk-block-heading__text has-text-color has-text-align-center\">Paiement s\u00e9curis\u00e9<\/h1><div class=\"stk-block-heading__bottom-line\"><\/div><\/div>\n\n\n\n<div class=\"wp-block-stackable-spacer stk-block-spacer stk--no-padding stk-block stk-688f28b\" data-block-id=\"688f28b\"><\/div>\n\n\n\n<div class=\"wp-block-stackable-text stk-block-text stk-block stk-3980c26\" data-block-id=\"3980c26\"><style>.stk-3980c26 .stk-block-text__text{color:#ffffff !important;}<\/style><p class=\"stk-block-text__text has-text-color\">Chez RapCollect, la s\u00e9curit\u00e9 de vos paiements est notre priorit\u00e9. Nous mettons en place toutes les mesures n\u00e9cessaires pour assurer la confidentialit\u00e9 et la protection de vos informations bancaires.<\/p><\/div>\n\n\n\n<div class=\"wp-block-stackable-spacer stk-block-spacer stk--no-padding stk-block stk-69a9cfe\" data-block-id=\"69a9cfe\"><\/div>\n\n\n\n<div class=\"wp-block-stackable-subtitle stk-block-subtitle stk-block stk-762fac4\" data-block-id=\"762fac4\"><style>.stk-762fac4 .stk-block-subtitle__text{color:#ffffff !important;font-weight:900 !important;text-transform:uppercase !important;}<\/style><p class=\"stk-block-subtitle__text stk-subtitle has-text-color\">M\u00e9thodes de paiement accept\u00e9es<\/p><\/div>\n\n\n\n<div class=\"wp-block-stackable-text stk-block-text stk-block stk-e0006f6\" data-block-id=\"e0006f6\"><style>.stk-e0006f6 .stk-block-text__text{color:#ffffff !important;}<\/style><p class=\"stk-block-text__text has-text-color\">Nous vous proposons plusieurs options de paiement s\u00e9curis\u00e9es pour faciliter vos achats en ligne :\nCarte bancaire (Visa, Mastercard, American Express) : Toutes les transactions par carte bancaire sont s\u00e9curis\u00e9es gr\u00e2ce \u00e0 un protocole de cryptage SSL (Secure Socket Layer), qui garantit la protection de vos donn\u00e9es.\nPayPal : Vous pouvez \u00e9galement r\u00e9gler vos achats via PayPal, une solution de paiement en ligne s\u00e9curis\u00e9e qui vous permet de payer rapidement sans partager vos informations financi\u00e8res.\nVirement bancaire : Le virement bancaire est aussi disponible pour les paiements, bien que le traitement puisse prendre quelques jours suppl\u00e9mentaires.<\/p><\/div>\n\n\n\n<div class=\"wp-block-stackable-spacer stk-block-spacer stk--no-padding stk-block stk-2f763c1\" data-block-id=\"2f763c1\"><\/div>\n\n\n\n<div class=\"wp-block-stackable-subtitle stk-block-subtitle stk-block stk-f4ecf01\" data-block-id=\"f4ecf01\"><style>.stk-f4ecf01 .stk-block-subtitle__text{color:#ffffff !important;font-weight:900 !important;text-transform:uppercase !important;}<\/style><p class=\"stk-block-subtitle__text stk-subtitle has-text-color\">S\u00e9curit\u00e9 des transactions<\/p><\/div>\n\n\n\n<div class=\"wp-block-stackable-text stk-block-text stk-block stk-13611b7\" data-block-id=\"13611b7\"><style>.stk-13611b7 .stk-block-text__text{color:#ffffff !important;}<\/style><p class=\"stk-block-text__text has-text-color\">Toutes les transactions effectu\u00e9es sur notre site sont crypt\u00e9es \u00e0 l\u2019aide de la technologie SSL, qui assure une transmission s\u00e9curis\u00e9e de vos donn\u00e9es. Cela signifie que vos informations personnelles et bancaires sont prot\u00e9g\u00e9es \u00e0 chaque \u00e9tape de votre commande.\nDe plus, nous utilisons un syst\u00e8me de v\u00e9rification 3D Secure pour renforcer la s\u00e9curit\u00e9 de vos paiements par carte bancaire. Ce protocole vous demandera de confirmer votre identit\u00e9 via un code envoy\u00e9 par votre banque lors du paiement.\n<\/p><\/div>\n\n\n\n<div class=\"wp-block-stackable-spacer stk-block-spacer stk--no-padding stk-block stk-7316c24\" data-block-id=\"7316c24\"><\/div>\n\n\n\n<div class=\"wp-block-stackable-subtitle stk-block-subtitle stk-block stk-a100170\" data-block-id=\"a100170\"><style>.stk-a100170 .stk-block-subtitle__text{color:#ffffff !important;font-weight:900 !important;text-transform:uppercase !important;}<\/style><p class=\"stk-block-subtitle__text stk-subtitle has-text-color\">Protection contre la fraude<\/p><\/div>\n\n\n\n<div class=\"wp-block-stackable-text stk-block-text stk-block stk-e87d8dd\" data-block-id=\"e87d8dd\"><style>.stk-e87d8dd .stk-block-text__text{color:#ffffff !important;}<\/style><p class=\"stk-block-text__text has-text-color\">\nNous surveillons les transactions pour pr\u00e9venir les fraudes et garantir une exp\u00e9rience d&rsquo;achat en toute confiance. Si une anomalie est d\u00e9tect\u00e9e, nous nous r\u00e9servons le droit de suspendre la transaction et de vous contacter pour une v\u00e9rification suppl\u00e9mentaire.<\/p><\/div>\n\n\n\n<div class=\"wp-block-stackable-spacer stk-block-spacer stk--no-padding stk-block stk-c66d346\" data-block-id=\"c66d346\"><\/div>\n\n\n\n<div class=\"wp-block-stackable-subtitle stk-block-subtitle stk-block stk-42c3279\" data-block-id=\"42c3279\"><style>.stk-42c3279 .stk-block-subtitle__text{color:#ffffff !important;font-weight:900 !important;text-transform:uppercase !important;}<\/style><p class=\"stk-block-subtitle__text stk-subtitle has-text-color\">Confidentialit\u00e9 des donn\u00e9es<\/p><\/div>\n\n\n\n<div class=\"wp-block-stackable-text stk-block-text stk-block stk-7c39c70\" data-block-id=\"7c39c70\"><style>.stk-7c39c70 .stk-block-text__text{color:#ffffff !important;}<\/style><p class=\"stk-block-text__text has-text-color\">Vos donn\u00e9es bancaires ne sont jamais stock\u00e9es sur notre site. Nous faisons appel \u00e0 des prestataires de paiement certifi\u00e9s qui traitent vos informations en toute s\u00e9curit\u00e9, conform\u00e9ment aux normes PCI-DSS (Payment Card Industry Data Security Standard).<\/p><\/div>\n\n\n\n<div class=\"wp-block-stackable-text stk-block-text stk-block stk-f591fca\" data-block-id=\"f591fca\"><style>.stk-f591fca .stk-block-text__text{color:#ffffff !important;}<\/style><p class=\"stk-block-text__text has-text-color\">Achetez en toute tranquillit\u00e9 sur RapCollect, nous mettons tout en \u0153uvre pour garantir une exp\u00e9rience de paiement s\u00e9curis\u00e9e et fiable.<\/p><\/div>\n\n\n\n<div class=\"wp-block-stackable-spacer stk-block-spacer stk--no-padding stk-block stk-06447b1\" data-block-id=\"06447b1\"><\/div>\n<\/div><\/div><\/div>\n<\/div><\/div>\n","protected":false},"excerpt":{"rendered":"<p>Paiement s\u00e9curis\u00e9 Chez RapCollect, la s\u00e9curit\u00e9 de vos paiements est notre priorit\u00e9. Nous mettons en place toutes les mesures n\u00e9cessaires pour assurer la confidentialit\u00e9 et la protection de vos informations bancaires. M\u00e9thodes de paiement accept\u00e9es Nous vous proposons plusieurs options de paiement s\u00e9curis\u00e9es pour faciliter vos achats en ligne : Carte bancaire (Visa, Mastercard, American [&hellip;]<\/p>\n","protected":false},"author":8,"featured_media":0,"parent":0,"menu_order":0,"comment_status":"closed","ping_status":"closed","template":"","meta":{"footnotes":""},"class_list":["post-965","page","type-page","status-publish","hentry"],"_links":{"self":[{"href":"https:\/\/iut.fluxeos.com\/rapcollect\/wp-json\/wp\/v2\/pages\/965","targetHints":{"allow":["GET"]}}],"collection":[{"href":"https:\/\/iut.fluxeos.com\/rapcollect\/wp-json\/wp\/v2\/pages"}],"about":[{"href":"https:\/\/iut.fluxeos.com\/rapcollect\/wp-json\/wp\/v2\/types\/page"}],"author":[{"embeddable":true,"href":"https:\/\/iut.fluxeos.com\/rapcollect\/wp-json\/wp\/v2\/users\/8"}],"replies":[{"embeddable":true,"href":"https:\/\/iut.fluxeos.com\/rapcollect\/wp-json\/wp\/v2\/comments?post=965"}],"version-history":[{"count":4,"href":"https:\/\/iut.fluxeos.com\/rapcollect\/wp-json\/wp\/v2\/pages\/965\/revisions"}],"predecessor-version":[{"id":1286,"href":"https:\/\/iut.fluxeos.com\/rapcollect\/wp-json\/wp\/v2\/pages\/965\/revisions\/1286"}],"wp:attachment":[{"href":"https:\/\/iut.fluxeos.com\/rapcollect\/wp-json\/wp\/v2\/media?parent=965"}],"curies":[{"name":"wp","href":"https:\/\/api.w.org\/{rel}","templated":true}]}}