{"id":874,"date":"2024-11-24T14:59:46","date_gmt":"2024-11-24T14:59:46","guid":{"rendered":"https:\/\/iut.fluxeos.com\/rapcollect\/?page_id=874"},"modified":"2024-11-27T11:57:21","modified_gmt":"2024-11-27T11:57:21","slug":"livraison-rapcollect","status":"publish","type":"page","link":"https:\/\/iut.fluxeos.com\/rapcollect\/livraison-rapcollect\/","title":{"rendered":"Livraison Rapcollect"},"content":{"rendered":"\n<div class=\"wp-block-stackable-columns stk-block-columns stk-block stk-e7d0582 stk-block-background\" data-block-id=\"e7d0582\"><style>.stk-e7d0582 {background-color:#000000 !important;margin-bottom:-25px !important;}.stk-e7d0582:before{background-color:#000000 !important;}<\/style><div class=\"stk-row stk-inner-blocks stk-block-content stk-content-align stk-e7d0582-column\">\n<div class=\"wp-block-stackable-column stk-block-column stk-column stk-block stk-1d06f67 stk-block-background\" data-v=\"4\" data-block-id=\"1d06f67\"><style>.stk-1d06f67 {background-color:#000000 !important;}.stk-1d06f67:before{background-color:#000000 !important;}<\/style><div class=\"stk-column-wrapper stk-block-column__content stk-container stk-1d06f67-container stk--no-background stk--no-padding\"><div class=\"stk-block-content stk-inner-blocks stk-1d06f67-inner-blocks\">\n<div class=\"wp-block-stackable-spacer stk-block-spacer stk--no-padding stk-block stk-8064b5e stk-block-background\" data-block-id=\"8064b5e\"><style>.stk-8064b5e {height:25px !important;background-color:#000000 !important;}.stk-8064b5e:before{background-color:#000000 !important;}<\/style><\/div>\n\n\n\n<div class=\"wp-block-stackable-heading stk-block-heading stk-block-heading--v2 stk-block stk-6ce023d stk-block-background\" id=\"livraison\" data-block-id=\"6ce023d\"><style>.stk-6ce023d .stk-block-heading__top-line{width:155px !important;background-color:#ffffff !important;margin-bottom:0px !important;margin-left:auto !important;margin-right:auto !important;}.stk-6ce023d .stk-block-heading__bottom-line{width:155px !important;background-color:#ffffff !important;margin-top:10px !important;margin-left:auto !important;margin-right:auto !important;}.stk-6ce023d {background-color:#000000 !important;}.stk-6ce023d:before{background-color:#000000 !important;}.stk-6ce023d .stk-block-heading__text{color:#ffffff !important;}<\/style><h1 class=\"stk-block-heading__text has-text-color has-text-align-center\">Livraison<\/h1><div class=\"stk-block-heading__bottom-line\"><\/div><\/div>\n\n\n\n<div class=\"wp-block-stackable-spacer stk-block-spacer stk--no-padding stk-block stk-cef1d05\" data-block-id=\"cef1d05\"><\/div>\n\n\n\n<div class=\"wp-block-stackable-subtitle stk-block-subtitle stk-block stk-ad688d9\" data-block-id=\"ad688d9\"><style>.stk-ad688d9 .stk-block-subtitle__text{text-shadow:none !important;color:#ffffff !important;font-weight:900 !important;text-transform:uppercase !important;}<\/style><p class=\"stk-block-subtitle__text stk-subtitle has-text-color\">Modes de livraison<\/p><\/div>\n\n\n\n<div class=\"wp-block-stackable-text stk-block-text stk-block stk-0623ce5\" data-block-id=\"0623ce5\"><style>.stk-0623ce5 .stk-block-text__text{color:#ffffff !important;}<\/style><p class=\"stk-block-text__text has-text-color\">Nous proposons plusieurs options de livraison afin de r\u00e9pondre au mieux \u00e0 vos besoins. Lors de votre commande, vous pourrez choisir parmi les modes suivants :\n\nLivraison Standard : Livraison en 3 \u00e0 5 jours ouvr\u00e9s.\nLivraison Express : Livraison en 24 \u00e0 48 heures pour les commandes pass\u00e9es avant 12h.\nRetrait en point relais : Disponible sous 3 \u00e0 5 jours ouvr\u00e9s dans un point relais proche de chez vous\n<\/p><\/div>\n\n\n\n<div class=\"wp-block-stackable-spacer stk-block-spacer stk--no-padding stk-block stk-61a94cd\" data-block-id=\"61a94cd\"><\/div>\n\n\n\n<div class=\"wp-block-stackable-subtitle stk-block-subtitle stk-block stk-6c35db9\" data-block-id=\"6c35db9\"><style>.stk-6c35db9 .stk-block-subtitle__text{color:#ffffff !important;font-weight:900 !important;text-transform:uppercase !important;}<\/style><p class=\"stk-block-subtitle__text stk-subtitle has-text-color\">Frais de Livraison<\/p><\/div>\n\n\n\n<div class=\"wp-block-stackable-text stk-block-text stk-block stk-ddabe54\" data-block-id=\"ddabe54\"><style>.stk-ddabe54 .stk-block-text__text{color:#ffffff !important;}<\/style><p class=\"stk-block-text__text has-text-color\">Les frais de livraison sont calcul\u00e9s en fonction du poids de votre commande et de la destination. Voici les tarifs indicatifs :\n\nLivraison standard : \u00e0 partir de 4,99 \u20ac\nLivraison express : \u00e0 partir de 9,99 \u20ac\nLivraison en point relais : \u00e0 partir de 3,99 \u20ac\n\nLes frais de livraison vous seront confirm\u00e9s lors du processus de commande, avant le paiement.<\/p><\/div>\n\n\n\n<div class=\"wp-block-stackable-spacer stk-block-spacer stk--no-padding stk-block stk-1ebe035\" data-block-id=\"1ebe035\"><\/div>\n\n\n\n<div class=\"wp-block-stackable-subtitle stk-block-subtitle stk-block stk-3343a70\" data-block-id=\"3343a70\"><style>.stk-3343a70 .stk-block-subtitle__text{color:#ffffff !important;font-weight:900 !important;text-transform:uppercase !important;}<\/style><p class=\"stk-block-subtitle__text stk-subtitle has-text-color\">D\u00e9lais de Livraison<\/p><\/div>\n\n\n\n<div class=\"wp-block-stackable-text stk-block-text stk-block stk-2cb7a84\" data-block-id=\"2cb7a84\"><style>.stk-2cb7a84 .stk-block-text__text{color:#ffffff !important;}<\/style><p class=\"stk-block-text__text has-text-color\">Nous nous engageons \u00e0 pr\u00e9parer et exp\u00e9dier votre commande dans les 24 heures suivant sa validation (hors week-end et jours f\u00e9ri\u00e9s). Les d\u00e9lais de livraison peuvent varier en fonction de votre localisation et du transporteur choisi. Vous recevrez un e-mail de confirmation avec un num\u00e9ro de suivi pour suivre votre colis.<\/p><\/div>\n\n\n\n<div class=\"wp-block-stackable-spacer stk-block-spacer stk--no-padding stk-block stk-50dd134\" data-block-id=\"50dd134\"><\/div>\n\n\n\n<div class=\"wp-block-stackable-text stk-block-text stk-block stk-ee0e9c9\" data-block-id=\"ee0e9c9\"><style>.stk-ee0e9c9 .stk-block-text__text{color:#ffffff !important;font-weight:900 !important;text-transform:uppercase !important;}<\/style><p class=\"stk-block-text__text has-text-color\">Zones de Livraison<\/p><\/div>\n\n\n\n<div class=\"wp-block-stackable-text stk-block-text stk-block stk-3abc2cc\" data-block-id=\"3abc2cc\"><style>.stk-3abc2cc .stk-block-text__text{color:#ffffff !important;}<\/style><p class=\"stk-block-text__text has-text-color\">Nous livrons actuellement en France m\u00e9tropolitaine et dans certains pays d&rsquo;Europe. Pour les livraisons internationales, des frais suppl\u00e9mentaires peuvent s&rsquo;appliquer. Veuillez nous contacter pour obtenir plus d&rsquo;informations sur les zones desservies.<\/p><\/div>\n\n\n\n<div class=\"wp-block-stackable-spacer stk-block-spacer stk--no-padding stk-block stk-622845b\" data-block-id=\"622845b\"><\/div>\n\n\n\n<div class=\"wp-block-stackable-subtitle stk-block-subtitle stk-block stk-8b34dbe\" data-block-id=\"8b34dbe\"><style>.stk-8b34dbe .stk-block-subtitle__text{color:#ffffff !important;font-weight:900 !important;text-transform:uppercase !important;}<\/style><p class=\"stk-block-subtitle__text stk-subtitle has-text-color\">Probl\u00e8mes de Livraison<\/p><\/div>\n\n\n\n<div class=\"wp-block-stackable-text stk-block-text stk-block stk-34561b0\" data-block-id=\"34561b0\"><style>.stk-34561b0 .stk-block-text__text{color:#ffffff !important;}<\/style><p class=\"stk-block-text__text has-text-color\">Si vous rencontrez un probl\u00e8me avec votre livraison (colis non re\u00e7u, retard, etc.), n\u2019h\u00e9sitez pas \u00e0 contacter notre service client \u00e0 l\u2019adresse suivante : RapCollect@gmail.com. Nous ferons tout notre possible pour r\u00e9soudre le probl\u00e8me dans les meilleurs d\u00e9lais.<\/p><\/div>\n\n\n\n<div class=\"wp-block-stackable-spacer stk-block-spacer stk--no-padding stk-block stk-6883c7a stk-block-background\" data-block-id=\"6883c7a\"><style>.stk-6883c7a {background-color:#000000 !important;}.stk-6883c7a:before{background-color:#000000 !important;}<\/style><\/div>\n<\/div><\/div><\/div>\n<\/div><\/div>\n\n\n\n<div class=\"wp-block-stackable-text stk-block-text stk-block stk-2e0d4d1\" data-block-id=\"2e0d4d1\"><p class=\"stk-block-text__text\"><\/p><\/div>\n","protected":false},"excerpt":{"rendered":"<p>Livraison Modes de livraison Nous proposons plusieurs options de livraison afin de r\u00e9pondre au mieux \u00e0 vos besoins. Lors de votre commande, vous pourrez choisir parmi les modes suivants : Livraison Standard : Livraison en 3 \u00e0 5 jours ouvr\u00e9s. Livraison Express : Livraison en 24 \u00e0 48 heures pour les commandes pass\u00e9es avant 12h. [&hellip;]<\/p>\n","protected":false},"author":8,"featured_media":0,"parent":0,"menu_order":0,"comment_status":"closed","ping_status":"closed","template":"","meta":{"footnotes":""},"class_list":["post-874","page","type-page","status-publish","hentry"],"_links":{"self":[{"href":"https:\/\/iut.fluxeos.com\/rapcollect\/wp-json\/wp\/v2\/pages\/874","targetHints":{"allow":["GET"]}}],"collection":[{"href":"https:\/\/iut.fluxeos.com\/rapcollect\/wp-json\/wp\/v2\/pages"}],"about":[{"href":"https:\/\/iut.fluxeos.com\/rapcollect\/wp-json\/wp\/v2\/types\/page"}],"author":[{"embeddable":true,"href":"https:\/\/iut.fluxeos.com\/rapcollect\/wp-json\/wp\/v2\/users\/8"}],"replies":[{"embeddable":true,"href":"https:\/\/iut.fluxeos.com\/rapcollect\/wp-json\/wp\/v2\/comments?post=874"}],"version-history":[{"count":16,"href":"https:\/\/iut.fluxeos.com\/rapcollect\/wp-json\/wp\/v2\/pages\/874\/revisions"}],"predecessor-version":[{"id":1295,"href":"https:\/\/iut.fluxeos.com\/rapcollect\/wp-json\/wp\/v2\/pages\/874\/revisions\/1295"}],"wp:attachment":[{"href":"https:\/\/iut.fluxeos.com\/rapcollect\/wp-json\/wp\/v2\/media?parent=874"}],"curies":[{"name":"wp","href":"https:\/\/api.w.org\/{rel}","templated":true}]}}