{"id":585,"date":"2024-11-27T21:47:05","date_gmt":"2024-11-27T21:47:05","guid":{"rendered":"https:\/\/iut.fluxeos.com\/larmoiredemamie\/?post_type=product&#038;p=585"},"modified":"2024-12-05T20:27:25","modified_gmt":"2024-12-05T20:27:25","slug":"sac-iris","status":"publish","type":"product","link":"https:\/\/iut.fluxeos.com\/larmoiredemamie\/produit\/sac-iris\/","title":{"rendered":"Sac Iris"},"content":{"rendered":"<p>D\u00e9couvrez le sac IRIS , alliant \u00e9l\u00e9gance et praticit\u00e9, parfait pour transporter tous vos indispensables au quotidien. Avec son grand compartiment principal et ses poches suppl\u00e9mentaires, il vous permet d\u2019organiser vos affaires en toute simplicit\u00e9, tout en ajoutant une touche unique gr\u00e2ce \u00e0 son design en tissu matelass\u00e9 recycl\u00e9<\/p>\n<p><b>Composition &amp; Entretien<\/b><\/p>\n<p>\u2013 Pochette 100% coton.<\/p>\n<p>\u2013 Vous pouvez mettre en machine en lavant \u00e0 30\u00b0 et ne pas utiliser le s\u00e8che linge<\/p>\n<p><b>Dimensions\u00a0<\/b><\/p>\n<p>\u2013\u00a0 Taille: 48x16x22 cm<\/p>\n<p>\u2013 Hauteur des anses 33,5 cm<\/p>\n<p>\u2013 ouverture Zipp\u00e9 dor\u00e9<\/p>\n<p>\u2013 3 poches int\u00e9rieurs<\/p>\n<p><b>Fabrication\u00a0<\/b><\/p>\n<p>\u2013 Fabriqu\u00e9 \u00e0 la main<\/p>\n","protected":false},"excerpt":{"rendered":"<p>Le sac IRIS est \u00e9l\u00e9gant et fonctionnel est con\u00e7u pour emporter tous vos indispensables avec style. Son grand compartiment principal et ses poches suppl\u00e9mentaires permettent de tout organiser facilement.<\/p>\n<ul>\n<li>Lavable \u00e0 30\u00b0, ne pas utiliser le s\u00e8che linge<\/li>\n<li>100 % tissus recycl\u00e9s<\/li>\n<li>Fabrication \u00e0 la main<\/li>\n<\/ul>\n","protected":false},"featured_media":223,"comment_status":"open","ping_status":"closed","template":"","meta":[],"product_brand":[],"product_cat":[17],"product_tag":[],"class_list":{"0":"post-585","1":"product","2":"type-product","3":"status-publish","4":"has-post-thumbnail","6":"product_cat-collections","8":"first","9":"instock","10":"shipping-taxable","11":"purchasable","12":"product-type-simple"},"_links":{"self":[{"href":"https:\/\/iut.fluxeos.com\/larmoiredemamie\/wp-json\/wp\/v2\/product\/585","targetHints":{"allow":["GET"]}}],"collection":[{"href":"https:\/\/iut.fluxeos.com\/larmoiredemamie\/wp-json\/wp\/v2\/product"}],"about":[{"href":"https:\/\/iut.fluxeos.com\/larmoiredemamie\/wp-json\/wp\/v2\/types\/product"}],"replies":[{"embeddable":true,"href":"https:\/\/iut.fluxeos.com\/larmoiredemamie\/wp-json\/wp\/v2\/comments?post=585"}],"wp:featuredmedia":[{"embeddable":true,"href":"https:\/\/iut.fluxeos.com\/larmoiredemamie\/wp-json\/wp\/v2\/media\/223"}],"wp:attachment":[{"href":"https:\/\/iut.fluxeos.com\/larmoiredemamie\/wp-json\/wp\/v2\/media?parent=585"}],"wp:term":[{"taxonomy":"product_brand","embeddable":true,"href":"https:\/\/iut.fluxeos.com\/larmoiredemamie\/wp-json\/wp\/v2\/product_brand?post=585"},{"taxonomy":"product_cat","embeddable":true,"href":"https:\/\/iut.fluxeos.com\/larmoiredemamie\/wp-json\/wp\/v2\/product_cat?post=585"},{"taxonomy":"product_tag","embeddable":true,"href":"https:\/\/iut.fluxeos.com\/larmoiredemamie\/wp-json\/wp\/v2\/product_tag?post=585"}],"curies":[{"name":"wp","href":"https:\/\/api.w.org\/{rel}","templated":true}]}}