{"id":542,"date":"2024-11-27T21:10:53","date_gmt":"2024-11-27T21:10:53","guid":{"rendered":"https:\/\/iut.fluxeos.com\/larmoiredemamie\/?post_type=product&#038;p=542"},"modified":"2024-11-27T21:20:25","modified_gmt":"2024-11-27T21:20:25","slug":"pochette-ordinateur-jasmin","status":"publish","type":"product","link":"https:\/\/iut.fluxeos.com\/larmoiredemamie\/produit\/pochette-ordinateur-jasmin\/","title":{"rendered":"Pochette Ordinateur Jasmin"},"content":{"rendered":"<p>D\u00e9couvrez notre nouvelle pochette d&rsquo;ordinateur, alliant style et praticit\u00e9, id\u00e9ale pour prot\u00e9ger votre appareil avec \u00e9l\u00e9gance. Confectionn\u00e9e en tissu matelass\u00e9 recycl\u00e9, elle offre une protection efficace contre les chocs tout en apportant une touche unique et color\u00e9e<\/p>\n<p><b>Composition &amp; Entretien<\/b><\/p>\n<p><span style=\"font-weight: 400\">&#8211; Pochette 100% coton.<\/span><\/p>\n<p>&#8211; Vous pouvez mettre en machine en lavant \u00e0 30\u00b0 et ne pas utiliser le s\u00e8che linge<\/p>\n<p><b>Dimensions\u00a0<\/b><\/p>\n<p><span style=\"font-weight: 400\">&#8211; Taille: 36&#215;25 cm \/ Diagonale: 38cm<\/span><\/p>\n<p><span style=\"font-weight: 400\">&#8211; Pochette matelass\u00e9e et rembourr\u00e9e 100% coton<\/span><\/p>\n<p><span style=\"font-weight: 400\">&#8211; Ouverture large pour y ranger facilement son ordinateur et ses documents<\/span><\/p>\n<p><b>FABRICATION<\/b><\/p>\n<p>\u2013 Fabriqu\u00e9 \u00e0 la main<\/p>\n","protected":false},"excerpt":{"rendered":"<p><span style=\"font-weight: 400\">La nouvelle pochette d&rsquo;ordinateur JASMIN est pens\u00e9e pour prot\u00e9ger votre ordinateur. Son ouverture large permet de glisser votre ordinateur tr\u00e8s facilement.<\/span><\/p>\n<ul>\n<li>Lavable \u00e0 30\u00b0, ne pas utiliser le s\u00e8che linge<\/li>\n<li>100 % tissus recycl\u00e9s<\/li>\n<li>Fabrication \u00e0 la main<\/li>\n<\/ul>\n","protected":false},"featured_media":219,"comment_status":"open","ping_status":"closed","template":"","meta":[],"product_brand":[],"product_cat":[17],"product_tag":[],"class_list":{"0":"post-542","1":"product","2":"type-product","3":"status-publish","4":"has-post-thumbnail","6":"product_cat-collections","8":"first","9":"instock","10":"shipping-taxable","11":"purchasable","12":"product-type-simple"},"_links":{"self":[{"href":"https:\/\/iut.fluxeos.com\/larmoiredemamie\/wp-json\/wp\/v2\/product\/542","targetHints":{"allow":["GET"]}}],"collection":[{"href":"https:\/\/iut.fluxeos.com\/larmoiredemamie\/wp-json\/wp\/v2\/product"}],"about":[{"href":"https:\/\/iut.fluxeos.com\/larmoiredemamie\/wp-json\/wp\/v2\/types\/product"}],"replies":[{"embeddable":true,"href":"https:\/\/iut.fluxeos.com\/larmoiredemamie\/wp-json\/wp\/v2\/comments?post=542"}],"wp:featuredmedia":[{"embeddable":true,"href":"https:\/\/iut.fluxeos.com\/larmoiredemamie\/wp-json\/wp\/v2\/media\/219"}],"wp:attachment":[{"href":"https:\/\/iut.fluxeos.com\/larmoiredemamie\/wp-json\/wp\/v2\/media?parent=542"}],"wp:term":[{"taxonomy":"product_brand","embeddable":true,"href":"https:\/\/iut.fluxeos.com\/larmoiredemamie\/wp-json\/wp\/v2\/product_brand?post=542"},{"taxonomy":"product_cat","embeddable":true,"href":"https:\/\/iut.fluxeos.com\/larmoiredemamie\/wp-json\/wp\/v2\/product_cat?post=542"},{"taxonomy":"product_tag","embeddable":true,"href":"https:\/\/iut.fluxeos.com\/larmoiredemamie\/wp-json\/wp\/v2\/product_tag?post=542"}],"curies":[{"name":"wp","href":"https:\/\/api.w.org\/{rel}","templated":true}]}}