{"id":528,"date":"2024-11-27T20:47:38","date_gmt":"2024-11-27T20:47:38","guid":{"rendered":"https:\/\/iut.fluxeos.com\/larmoiredemamie\/?post_type=product&#038;p=528"},"modified":"2024-11-27T21:24:05","modified_gmt":"2024-11-27T21:24:05","slug":"veste-disa","status":"publish","type":"product","link":"https:\/\/iut.fluxeos.com\/larmoiredemamie\/produit\/veste-disa\/","title":{"rendered":"Veste Disa"},"content":{"rendered":"<p>D\u00e9couvrez notre veste matelass\u00e9e Disa en coton pour un look boh\u00e8me-chic ! On adore cette veste r\u00e9versible aux manches longues resserr\u00e9es, qui vous permettra de choisir votre look au fil de vos envies ainsi que son col au d\u00e9tail \u00e0 volant.<\/p>\n<p><b>Description<\/b><\/p>\n<p><span style=\"font-weight: 400\">&#8211;<\/span><span style=\"font-weight: 400\"> Veste matelass\u00e9e avec manches longues\u00a0<\/span><\/p>\n<p><span style=\"font-weight: 400\">&#8211; Poches plaqu\u00e9es devant sur un seul c\u00f4t\u00e9<\/span><\/p>\n<p><span style=\"font-weight: 400\">&#8211; R\u00e9versible<\/span><\/p>\n<p><span style=\"font-weight: 400\">&#8211; 100% coton<\/span><\/p>\n<p><span style=\"font-weight: 400\">&#8211; Taille unique\u00a0<\/span><\/p>\n<p><b>Composition<\/b><\/p>\n<p><span style=\"font-weight: 400\">&#8211; 100% coton recycl\u00e9s\u00a0<\/span><\/p>\n<p><span style=\"font-weight: 400\">&#8211; Lavage \u00e0 froid conseill\u00e9, pas de s\u00e8che-linge<\/span><\/p>\n<p><b>Fabrication<\/b><\/p>\n<p>&#8211; Fabriqu\u00e9 \u00e0 la main<\/p>\n","protected":false},"excerpt":{"rendered":"<p>Que vous souhaitiez vous promener en ville ou profiter d\u2019une journ\u00e9e en plein air, la veste DISA vous gardera au chaud et au sec gr\u00e2ce \u00e0 sa couche matelass\u00e9e suppl\u00e9mentaire.<\/p>\n<ul>\n<li>Lavable \u00e0 30\u00b0, ne pas utiliser le s\u00e8che linge<\/li>\n<li>100 % tissus recycl\u00e9s<\/li>\n<li>Fabrication \u00e0 la main<\/li>\n<\/ul>\n","protected":false},"featured_media":382,"comment_status":"open","ping_status":"closed","template":"","meta":[],"product_brand":[],"product_cat":[17],"product_tag":[],"class_list":{"0":"post-528","1":"product","2":"type-product","3":"status-publish","4":"has-post-thumbnail","6":"product_cat-collections","8":"first","9":"instock","10":"shipping-taxable","11":"purchasable","12":"product-type-simple"},"_links":{"self":[{"href":"https:\/\/iut.fluxeos.com\/larmoiredemamie\/wp-json\/wp\/v2\/product\/528","targetHints":{"allow":["GET"]}}],"collection":[{"href":"https:\/\/iut.fluxeos.com\/larmoiredemamie\/wp-json\/wp\/v2\/product"}],"about":[{"href":"https:\/\/iut.fluxeos.com\/larmoiredemamie\/wp-json\/wp\/v2\/types\/product"}],"replies":[{"embeddable":true,"href":"https:\/\/iut.fluxeos.com\/larmoiredemamie\/wp-json\/wp\/v2\/comments?post=528"}],"wp:featuredmedia":[{"embeddable":true,"href":"https:\/\/iut.fluxeos.com\/larmoiredemamie\/wp-json\/wp\/v2\/media\/382"}],"wp:attachment":[{"href":"https:\/\/iut.fluxeos.com\/larmoiredemamie\/wp-json\/wp\/v2\/media?parent=528"}],"wp:term":[{"taxonomy":"product_brand","embeddable":true,"href":"https:\/\/iut.fluxeos.com\/larmoiredemamie\/wp-json\/wp\/v2\/product_brand?post=528"},{"taxonomy":"product_cat","embeddable":true,"href":"https:\/\/iut.fluxeos.com\/larmoiredemamie\/wp-json\/wp\/v2\/product_cat?post=528"},{"taxonomy":"product_tag","embeddable":true,"href":"https:\/\/iut.fluxeos.com\/larmoiredemamie\/wp-json\/wp\/v2\/product_tag?post=528"}],"curies":[{"name":"wp","href":"https:\/\/api.w.org\/{rel}","templated":true}]}}