{"id":353,"date":"2024-11-15T12:11:18","date_gmt":"2024-11-15T12:11:18","guid":{"rendered":"https:\/\/iut.fluxeos.com\/larmoiredemamie\/?post_type=product&#038;p=353"},"modified":"2024-11-27T21:28:27","modified_gmt":"2024-11-27T21:28:27","slug":"trousse-alysse","status":"publish","type":"product","link":"https:\/\/iut.fluxeos.com\/larmoiredemamie\/produit\/trousse-alysse\/","title":{"rendered":"Trousse Alysse"},"content":{"rendered":"<p>&nbsp;<\/p>\n<p><span style=\"font-weight: 400\">Parfaite pour une trousse de toilette ou une trousse de maquillage, ALYSSE deviendra vite indispensable lors de tous vos d\u00e9placements. Gr\u00e2ce \u00e0 sa grande capacit\u00e9, vous pourrez y ranger tout le n\u00e9cessaire pour voyager en toute s\u00e9r\u00e9nit\u00e9.<\/span><\/p>\n<p><b>Entretien<\/b><\/p>\n<p><span style=\"font-weight: 400\">&#8211; Vous pouvez mettre en machine en lavant \u00e0 30\u00b0 et ne pas utiliser le s\u00e8che linge.<\/span><\/p>\n<p><b>Dimensions :<\/b><\/p>\n<p><span style=\"font-weight: 400\">&#8211; Longueur : 18 cm<\/span><\/p>\n<p><span style=\"font-weight: 400\">&#8211; Largeur : 12 cm<\/span><\/p>\n<p><span style=\"font-weight: 400\">&#8211; Hauteur : 10 cm<\/span><\/p>\n","protected":false},"excerpt":{"rendered":"<p><span style=\"font-weight: 400\">Pratique et \u00e9l\u00e9gante, la trousse ALYSSE a une grande capacit\u00e9 de rangement, elle peut accueillir tout le n\u00e9cessaire pour vos voyages, vous garantissant un style soign\u00e9s ou que vous soyez !<\/span><\/p>\n<ul>\n<li style=\"font-weight: 400\"><span style=\"font-weight: 400\">Lavable \u00e0 30\u00b0, ne pas utiliser le s\u00e8che linge<\/span><\/li>\n<li style=\"font-weight: 400\"><span style=\"font-weight: 400\">100 % tissus recycl\u00e9s<\/span><\/li>\n<li style=\"font-weight: 400\"><span style=\"font-weight: 400\">Fabrication \u00e0 la main<\/span><\/li>\n<\/ul>\n","protected":false},"featured_media":217,"comment_status":"open","ping_status":"closed","template":"","meta":[],"product_brand":[],"product_cat":[17],"product_tag":[],"class_list":{"0":"post-353","1":"product","2":"type-product","3":"status-publish","4":"has-post-thumbnail","6":"product_cat-collections","8":"first","9":"instock","10":"shipping-taxable","11":"purchasable","12":"product-type-simple"},"_links":{"self":[{"href":"https:\/\/iut.fluxeos.com\/larmoiredemamie\/wp-json\/wp\/v2\/product\/353","targetHints":{"allow":["GET"]}}],"collection":[{"href":"https:\/\/iut.fluxeos.com\/larmoiredemamie\/wp-json\/wp\/v2\/product"}],"about":[{"href":"https:\/\/iut.fluxeos.com\/larmoiredemamie\/wp-json\/wp\/v2\/types\/product"}],"replies":[{"embeddable":true,"href":"https:\/\/iut.fluxeos.com\/larmoiredemamie\/wp-json\/wp\/v2\/comments?post=353"}],"wp:featuredmedia":[{"embeddable":true,"href":"https:\/\/iut.fluxeos.com\/larmoiredemamie\/wp-json\/wp\/v2\/media\/217"}],"wp:attachment":[{"href":"https:\/\/iut.fluxeos.com\/larmoiredemamie\/wp-json\/wp\/v2\/media?parent=353"}],"wp:term":[{"taxonomy":"product_brand","embeddable":true,"href":"https:\/\/iut.fluxeos.com\/larmoiredemamie\/wp-json\/wp\/v2\/product_brand?post=353"},{"taxonomy":"product_cat","embeddable":true,"href":"https:\/\/iut.fluxeos.com\/larmoiredemamie\/wp-json\/wp\/v2\/product_cat?post=353"},{"taxonomy":"product_tag","embeddable":true,"href":"https:\/\/iut.fluxeos.com\/larmoiredemamie\/wp-json\/wp\/v2\/product_tag?post=353"}],"curies":[{"name":"wp","href":"https:\/\/api.w.org\/{rel}","templated":true}]}}