{"id":295,"date":"2024-11-15T09:38:00","date_gmt":"2024-11-15T09:38:00","guid":{"rendered":"https:\/\/iut.fluxeos.com\/larmoiredemamie\/?post_type=product&#038;p=295"},"modified":"2024-11-27T21:29:26","modified_gmt":"2024-11-27T21:29:26","slug":"trousse-capucine","status":"publish","type":"product","link":"https:\/\/iut.fluxeos.com\/larmoiredemamie\/produit\/trousse-capucine\/","title":{"rendered":"Trousse Capucine"},"content":{"rendered":"<p>&nbsp;<\/p>\n<p><span class=\"OYPEnA font-feature-liga-off font-feature-clig-off font-feature-calt-off text-decoration-none text-strikethrough-none\">Parfaite pour une trousse de toilette ou une trousse de maquillage, CAPUCINE deviendra vite indispensable lors de tous vos d\u00e9placements. Gr\u00e2ce \u00e0 sa grande capacit\u00e9, vous pourrez y ranger tout le n\u00e9cessaire pour voyager en toute s\u00e9r\u00e9nit\u00e9.<\/span><\/p>\n<p><strong>Entretien<\/strong><\/p>\n<p><span style=\"font-weight: 400\">&#8211; Vous pouvez mettre en machine en lavant \u00e0 30\u00b0 et ne pas utiliser le s\u00e8che linge.<\/span><\/p>\n<p><b>Dimensions :<\/b><\/p>\n<p><span style=\"font-weight: 400\">&#8211; Longueur : 18 cm<\/span><\/p>\n<p><span style=\"font-weight: 400\">&#8211; Largeur : 12 cm<\/span><\/p>\n<p><span style=\"font-weight: 400\">&#8211; Hauteur : 10 cm<\/span><\/p>\n","protected":false},"excerpt":{"rendered":"<p><span style=\"font-weight: 400\">Pratique et \u00e9l\u00e9gante, la trousse CAPUCINE a une grande capacit\u00e9 de rangement, elle peut accueillir tout le n\u00e9cessaire pour vos voyages, vous garantissant un style soign\u00e9s ou que vous soyez !<\/span><\/p>\n<ul>\n<li><span class=\"OYPEnA font-feature-liga-off font-feature-clig-off font-feature-calt-off text-decoration-none text-strikethrough-none\">Lavable \u00e0 30\u00b0, ne pas utiliser le s\u00e8che linge<\/span><\/li>\n<li><span class=\"OYPEnA font-feature-liga-off font-feature-clig-off font-feature-calt-off text-decoration-none text-strikethrough-none\">100 % tissus recycl\u00e9s<\/span><\/li>\n<li><span class=\"OYPEnA font-feature-liga-off font-feature-clig-off font-feature-calt-off text-decoration-none text-strikethrough-none\">Fabrication \u00e0 la main<\/span><\/li>\n<\/ul>\n<p class=\"cvGsUA direction-ltr align-center para-style-body\">\n","protected":false},"featured_media":299,"comment_status":"open","ping_status":"closed","template":"","meta":[],"product_brand":[],"product_cat":[17],"product_tag":[],"class_list":{"0":"post-295","1":"product","2":"type-product","3":"status-publish","4":"has-post-thumbnail","6":"product_cat-collections","8":"first","9":"instock","10":"shipping-taxable","11":"product-type-simple"},"_links":{"self":[{"href":"https:\/\/iut.fluxeos.com\/larmoiredemamie\/wp-json\/wp\/v2\/product\/295","targetHints":{"allow":["GET"]}}],"collection":[{"href":"https:\/\/iut.fluxeos.com\/larmoiredemamie\/wp-json\/wp\/v2\/product"}],"about":[{"href":"https:\/\/iut.fluxeos.com\/larmoiredemamie\/wp-json\/wp\/v2\/types\/product"}],"replies":[{"embeddable":true,"href":"https:\/\/iut.fluxeos.com\/larmoiredemamie\/wp-json\/wp\/v2\/comments?post=295"}],"wp:featuredmedia":[{"embeddable":true,"href":"https:\/\/iut.fluxeos.com\/larmoiredemamie\/wp-json\/wp\/v2\/media\/299"}],"wp:attachment":[{"href":"https:\/\/iut.fluxeos.com\/larmoiredemamie\/wp-json\/wp\/v2\/media?parent=295"}],"wp:term":[{"taxonomy":"product_brand","embeddable":true,"href":"https:\/\/iut.fluxeos.com\/larmoiredemamie\/wp-json\/wp\/v2\/product_brand?post=295"},{"taxonomy":"product_cat","embeddable":true,"href":"https:\/\/iut.fluxeos.com\/larmoiredemamie\/wp-json\/wp\/v2\/product_cat?post=295"},{"taxonomy":"product_tag","embeddable":true,"href":"https:\/\/iut.fluxeos.com\/larmoiredemamie\/wp-json\/wp\/v2\/product_tag?post=295"}],"curies":[{"name":"wp","href":"https:\/\/api.w.org\/{rel}","templated":true}]}}