{"id":248,"date":"2024-11-13T12:46:48","date_gmt":"2024-11-13T12:46:48","guid":{"rendered":"https:\/\/iut.fluxeos.com\/larmoiredemamie\/?post_type=product&#038;p=248"},"modified":"2024-12-03T14:30:16","modified_gmt":"2024-12-03T14:30:16","slug":"capucine","status":"publish","type":"product","link":"https:\/\/iut.fluxeos.com\/larmoiredemamie\/produit\/capucine\/","title":{"rendered":"Capucine"},"content":{"rendered":"<h2>Description<\/h2>\n<p>&nbsp;<\/p>\n<p>Parfaite pour une trousse de toilette ou une trousse de maquillage, DHALIA deviendra vite indispensable lors de tous vos d\u00e9placements. Gr\u00e2ce \u00e0 sa grande capacit\u00e9, vous pourrez y ranger tout le n\u00e9cessaire pour voyager en toute s\u00e9r\u00e9nit\u00e9.<\/p>\n<p><b>Entretien<\/b><\/p>\n<p>\u2013 Vous pouvez mettre en machine en lavant \u00e0 30\u00b0 et ne pas utiliser le s\u00e8che linge.<\/p>\n<p><b>Dimensions :<\/b><\/p>\n<p>\u2013 Longueur : 18 cm<\/p>\n<p>\u2013 Largeur : 12 cm<\/p>\n<p>\u2013 Hauteur : 10 cm<\/p>\n","protected":false},"excerpt":{"rendered":"<p>Pratique et \u00e9l\u00e9gante, la trousse DHALIA a une grande capacit\u00e9 de rangement, elle peut accueillir tout le n\u00e9cessaire pour vos voyages, vous garantissant un style soign\u00e9s ou que vous soyez !<\/p>\n<ul>\n<li>Lavable \u00e0 30\u00b0, ne pas utiliser le s\u00e8che linge<\/li>\n<li>100 % tissus recycl\u00e9s<\/li>\n<li>Fabrication \u00e0 la main<\/li>\n<\/ul>\n","protected":false},"featured_media":214,"comment_status":"open","ping_status":"closed","template":"","meta":[],"product_brand":[],"product_cat":[17],"product_tag":[],"class_list":{"0":"post-248","1":"product","2":"type-product","3":"status-publish","4":"has-post-thumbnail","6":"product_cat-collections","8":"first","9":"instock","10":"shipping-taxable","11":"purchasable","12":"product-type-simple"},"_links":{"self":[{"href":"https:\/\/iut.fluxeos.com\/larmoiredemamie\/wp-json\/wp\/v2\/product\/248","targetHints":{"allow":["GET"]}}],"collection":[{"href":"https:\/\/iut.fluxeos.com\/larmoiredemamie\/wp-json\/wp\/v2\/product"}],"about":[{"href":"https:\/\/iut.fluxeos.com\/larmoiredemamie\/wp-json\/wp\/v2\/types\/product"}],"replies":[{"embeddable":true,"href":"https:\/\/iut.fluxeos.com\/larmoiredemamie\/wp-json\/wp\/v2\/comments?post=248"}],"wp:featuredmedia":[{"embeddable":true,"href":"https:\/\/iut.fluxeos.com\/larmoiredemamie\/wp-json\/wp\/v2\/media\/214"}],"wp:attachment":[{"href":"https:\/\/iut.fluxeos.com\/larmoiredemamie\/wp-json\/wp\/v2\/media?parent=248"}],"wp:term":[{"taxonomy":"product_brand","embeddable":true,"href":"https:\/\/iut.fluxeos.com\/larmoiredemamie\/wp-json\/wp\/v2\/product_brand?post=248"},{"taxonomy":"product_cat","embeddable":true,"href":"https:\/\/iut.fluxeos.com\/larmoiredemamie\/wp-json\/wp\/v2\/product_cat?post=248"},{"taxonomy":"product_tag","embeddable":true,"href":"https:\/\/iut.fluxeos.com\/larmoiredemamie\/wp-json\/wp\/v2\/product_tag?post=248"}],"curies":[{"name":"wp","href":"https:\/\/api.w.org\/{rel}","templated":true}]}}