{"id":96,"date":"2024-10-25T08:36:03","date_gmt":"2024-10-25T08:36:03","guid":{"rendered":"https:\/\/iut.fluxeos.com\/larmoiredemamie\/?page_id=96"},"modified":"2024-12-05T19:38:40","modified_gmt":"2024-12-05T19:38:40","slug":"la-recuperation","status":"publish","type":"page","link":"https:\/\/iut.fluxeos.com\/larmoiredemamie\/la-recuperation\/","title":{"rendered":"La r\u00e9cup\u00e9ration"},"content":{"rendered":"\n<p data-block-type=\"core\"><\/p>\n\n\n\n<div class=\"wp-block-stackable-columns stk-block-columns stk-block stk-bd1c4d9\" data-block-id=\"bd1c4d9\"><div class=\"stk-row stk-inner-blocks stk-block-content stk-content-align stk-bd1c4d9-column\">\n<div class=\"wp-block-stackable-column stk-block-column stk-column stk-block stk-8e80cdb\" data-v=\"4\" data-block-id=\"8e80cdb\"><div class=\"stk-column-wrapper stk-block-column__content stk-container stk-8e80cdb-container stk--no-background stk--no-padding\"><div class=\"stk-block-content stk-inner-blocks stk-8e80cdb-inner-blocks\">\n<div class=\"wp-block-stackable-heading stk-block-heading stk-block-heading--v2 stk-block stk-4579a8b\" id=\"la-recup\" data-block-id=\"4579a8b\"><style>.stk-4579a8b .stk-block-heading__text{color:var(--stk-global-color-54527, #e89b9b) !important;}<\/style><h2 class=\"stk-block-heading__text has-text-color has-text-align-center\">La r\u00e9cup&rsquo; <\/h2><\/div>\n<\/div><\/div><\/div>\n<\/div><\/div>\n\n\n\n<div class=\"wp-block-stackable-text stk-block-text stk-block stk-e702753\" data-block-id=\"e702753\"><style>.stk-e702753 .stk-block-text__text{font-size:18px !important;font-family:\"Nunito\", Sans-serif !important;}@media screen and (max-width: 1023px){.stk-e702753 .stk-block-text__text{font-size:18px !important;}}<\/style><p class=\"stk-block-text__text has-text-align-center\">\u00ab\u00a0L\u2019armoire de Mamie\u00a0\u00bb offre \u00e0 ses clients une exp\u00e9rience unique et personnalis\u00e9e dans le domaine de la confection de v\u00eatements. Nous invitons nos clients \u00e0 nous envoyer leur propre tissu pour cr\u00e9er des pi\u00e8ces sur mesure selon leurs go\u00fbts et leurs besoins. En plus de cela, nous encourageons \u00e9galement ceux qui le souhaitent \u00e0 faire don de leur tissu, contribuant ainsi \u00e0 r\u00e9duire le gaspillage textile et \u00e0 promouvoir une mode plus durable. Chez \u00ab\u00a0L\u2019Amoire de Mamie\u00a0\u00bb, chaque pi\u00e8ce raconte une histoire et incarne notre engagement envers la cr\u00e9ativit\u00e9.<\/p><\/div>\n\n\n\n<figure class=\"wp-block-image size-full is-resized\" data-block-type=\"core\"><img loading=\"lazy\" decoding=\"async\" width=\"736\" height=\"920\" src=\"https:\/\/iut.fluxeos.com\/larmoiredemamie\/wp-content\/uploads\/sites\/9\/2024\/11\/8b61550bb340ae242769ac0b5fb9222c.jpg\" alt=\"\" class=\"wp-image-431\" style=\"object-fit:cover;width:1920px;height:600px\" srcset=\"https:\/\/iut.fluxeos.com\/larmoiredemamie\/wp-content\/uploads\/sites\/9\/2024\/11\/8b61550bb340ae242769ac0b5fb9222c.jpg 736w, https:\/\/iut.fluxeos.com\/larmoiredemamie\/wp-content\/uploads\/sites\/9\/2024\/11\/8b61550bb340ae242769ac0b5fb9222c-240x300.jpg 240w, https:\/\/iut.fluxeos.com\/larmoiredemamie\/wp-content\/uploads\/sites\/9\/2024\/11\/8b61550bb340ae242769ac0b5fb9222c-600x750.jpg 600w\" sizes=\"auto, (max-width: 736px) 100vw, 736px\" \/><\/figure>\n\n\n\n<p data-block-type=\"core\"><\/p>\n\n\n\n<div class=\"wp-block-stackable-heading stk-block-heading stk-block-heading--v2 stk-block stk-c53a396\" id=\"strong-vous-souhaitez-acheter-un-article-avec-votre-propre-tissu-ou-bien-nous-en-faire-don-le-placard-de-mamie-reprend-vos-chutes-de-tissu-strong\" data-block-id=\"c53a396\"><style>.stk-c53a396 .stk-block-heading__text{font-size:15px !important;color:var(--stk-global-color-54527, #e89b9b) !important;font-family:\"Nunito\", Sans-serif !important;}@media screen and (max-width: 1023px){.stk-c53a396 .stk-block-heading__text{font-size:15px !important;}}<\/style><h6 class=\"stk-block-heading__text has-text-color has-text-align-center\"><strong>Vous souhaitez acheter un article avec votre propre tissu ou bien nous en faire don ? Le placard de mamie reprend vos chutes de tissu !<\/strong><\/h6><\/div>\n\n\n\n<div class=\"wp-block-stackable-button-group stk-block-button-group stk-block stk-2ed22c5\" data-block-id=\"2ed22c5\"><style>.stk-2ed22c5 .stk-button-group{flex-direction:row !important;}@media screen and (max-width: 1023px){.stk-2ed22c5 .stk-button-group{flex-direction:row !important;}}@media screen and (max-width: 767px){.stk-2ed22c5 .stk-button-group{flex-direction:row !important;}}<\/style><div class=\"stk-row stk-inner-blocks has-text-align-center stk-block-content stk-button-group\">\n<div class=\"wp-block-stackable-button stk-block-button stk-block stk-1859e18\" data-block-id=\"1859e18\"><style>.stk-1859e18 .stk-button{background:var(--stk-global-color-54527, #e89b9b) !important;border-top-left-radius:25px !important;border-top-right-radius:25px !important;border-bottom-right-radius:25px !important;border-bottom-left-radius:25px !important;}.stk-1859e18 .stk-button:before{box-shadow:7px 5px 30px rgba(72, 73, 121, 0.15) !important;}.stk-1859e18 .stk-button__inner-text{font-family:\"Nunito\", Sans-serif !important;}<\/style><a class=\"stk-link stk-button stk--hover-effect-darken\" href=\"https:\/\/iut.fluxeos.com\/larmoiredemamie\/envoyer-un-tissu\/\"><span class=\"stk-button__inner-text\">Envoyer un tissu <\/span><\/a><\/div>\n<\/div><\/div>\n\n\n\n<p data-block-type=\"core\"><\/p>\n","protected":false},"excerpt":{"rendered":"<p>La r\u00e9cup&rsquo; \u00ab\u00a0L\u2019armoire de Mamie\u00a0\u00bb offre \u00e0 ses clients une exp\u00e9rience unique et personnalis\u00e9e dans le domaine de la confection de v\u00eatements. Nous invitons nos clients \u00e0 nous envoyer leur propre tissu pour cr\u00e9er des pi\u00e8ces sur mesure selon leurs go\u00fbts et leurs besoins. En plus de cela, nous encourageons \u00e9galement ceux qui le souhaitent [&hellip;]<\/p>\n","protected":false},"author":11,"featured_media":0,"parent":0,"menu_order":0,"comment_status":"closed","ping_status":"closed","template":"","meta":{"footnotes":""},"class_list":["post-96","page","type-page","status-publish","hentry"],"_links":{"self":[{"href":"https:\/\/iut.fluxeos.com\/larmoiredemamie\/wp-json\/wp\/v2\/pages\/96","targetHints":{"allow":["GET"]}}],"collection":[{"href":"https:\/\/iut.fluxeos.com\/larmoiredemamie\/wp-json\/wp\/v2\/pages"}],"about":[{"href":"https:\/\/iut.fluxeos.com\/larmoiredemamie\/wp-json\/wp\/v2\/types\/page"}],"author":[{"embeddable":true,"href":"https:\/\/iut.fluxeos.com\/larmoiredemamie\/wp-json\/wp\/v2\/users\/11"}],"replies":[{"embeddable":true,"href":"https:\/\/iut.fluxeos.com\/larmoiredemamie\/wp-json\/wp\/v2\/comments?post=96"}],"version-history":[{"count":14,"href":"https:\/\/iut.fluxeos.com\/larmoiredemamie\/wp-json\/wp\/v2\/pages\/96\/revisions"}],"predecessor-version":[{"id":674,"href":"https:\/\/iut.fluxeos.com\/larmoiredemamie\/wp-json\/wp\/v2\/pages\/96\/revisions\/674"}],"wp:attachment":[{"href":"https:\/\/iut.fluxeos.com\/larmoiredemamie\/wp-json\/wp\/v2\/media?parent=96"}],"curies":[{"name":"wp","href":"https:\/\/api.w.org\/{rel}","templated":true}]}}