{"id":600,"date":"2024-12-02T11:20:25","date_gmt":"2024-12-02T11:20:25","guid":{"rendered":"https:\/\/iut.fluxeos.com\/larmoiredemamie\/?page_id=600"},"modified":"2024-12-05T19:19:42","modified_gmt":"2024-12-05T19:19:42","slug":"sav-livraison-2","status":"publish","type":"page","link":"https:\/\/iut.fluxeos.com\/larmoiredemamie\/sav-livraison-2\/","title":{"rendered":"SAV &amp; LIVRAISON"},"content":{"rendered":"\n<div class=\"wp-block-stackable-heading stk-block-heading stk-block-heading--v2 stk-block stk-4860eb8\" id=\"sav-et-livraison\" data-block-id=\"4860eb8\"><style>.stk-4860eb8 .stk-block-heading__text{color:var(--stk-global-color-54527, #e89b9b) !important;}<\/style><h1 class=\"stk-block-heading__text has-text-color has-text-align-center\">SAV ET LIVRAISON <\/h1><\/div>\n\n\n\n<div class=\"wp-block-stackable-text stk-block-text stk-block stk-aa3ec78\" data-block-id=\"aa3ec78\"><style>.stk-aa3ec78 .stk-block-text__text{font-size:21px !important;color:#000000 !important;font-family:\"Nunito\", Sans-serif !important;}@media screen and (max-width: 1023px){.stk-aa3ec78 .stk-block-text__text{font-size:21px !important;}}<\/style><p class=\"stk-block-text__text has-text-color has-text-align-justify\"><strong><span style=\"color: var(--stk-global-color-54527, #e89b9b)\" class=\"stk-highlight\">Tarifs<\/span><\/strong>                                                                                                                                                        <br>&#8211; France M\u00e9tropolitaine : \u00e0 partir de 5,50\u20ac TTC via Mondial Relais et 6,50\u20ac TTC en Colissimo \u00e0 domicile.<br>&#8211; Europe : livraison possible via Mondial Relais et Colissimo International.<br>&#8211; Monde (pays hors France m\u00e9tropolitaine et Europe) : \u00e0 partir de 24\u20ac TTC en Colissimo International.<br>&#8211; Livraison offerte d\u00e8s 60\u20ac d\u2019achat en France M\u00e9tropolitaine <br> <br><strong><span style=\"color: var(--stk-global-color-54527, #e89b9b)\" class=\"stk-highlight\">Livraison<\/span><br><\/strong> <br>Le Client est livr\u00e9 par Colissimo ou par Mondial Relais. Les Produits sont livr\u00e9s \u00e0 l\u2019adresse indiqu\u00e9e par le client sur le bon de commande. Le client se doit de v\u00e9rifier l\u2019exhaustivit\u00e9 et la conformit\u00e9 des renseignements qu\u2019il fournit \u00e0 L&rsquo;Armoire de Mamie. Cette derni\u00e8re ne saurait \u00eatre tenue responsable d\u2019\u00e9ventuelles erreurs de saisie et des cons\u00e9quences en termes de retard ou d\u2019erreur de livraison. Dans ce contexte, tous les frais engag\u00e9s pour la r\u00e9exp\u00e9dition de la commande seront enti\u00e8rement \u00e0 la charge du client. Les livraisons s\u2019effectuent du lundi au vendredi, sauf jour f\u00e9ri\u00e9.<br> <br>Si le service de suivi de colis de nos transporteurs indique que le colis a \u00e9t\u00e9 livr\u00e9, mais que le client n\u2019a pas re\u00e7u son colis, celui-ci devra effectuer une recherche\/r\u00e9clamation aupr\u00e8s des services commerciaux du transporteur, mais en aucun cas, L&rsquo;armoire de Mamie ne pourra \u00eatre tenue responsable de la perte ou du vol de ce colis, ainsi aucunes indemnisations ou aucune r\u00e9exp\u00e9dition ne sera possible.<br> <br><strong><span style=\"color: var(--stk-global-color-54527, #e89b9b)\" class=\"stk-highlight\">D\u00e9lais d\u2019exp\u00e9dition<\/span><br><\/strong> <br>Les commandes pass\u00e9es en ligne via le site sont relev\u00e9es chaque jour du lundi au vendredi, sauf jour f\u00e9ri\u00e9. <br>Les commandes sont pr\u00e9par\u00e9es et exp\u00e9di\u00e9es sous 2 jours ouvr\u00e9s.<br>Dans le cas o\u00f9 la dur\u00e9e de traitement des commandes est exceptionnellement rallong\u00e9, le Client sera averti au moment de passer sa commande. Un courrier \u00e9lectronique est automatiquement envoy\u00e9 au client au moment de l\u2019exp\u00e9dition des produits sous r\u00e9serve que l\u2019adresse \u00e9lectronique indiqu\u00e9e dans le formulaire d\u2019inscription ne comporte pas d\u2019erreur.<br> <br><strong><span style=\"color: var(--stk-global-color-54527, #e89b9b)\" class=\"stk-highlight\">D\u00e9lais de transport<\/span><\/strong><br> <br>Les d\u00e9lais de transport sont estim\u00e9s entre 2 \u00e0 5 jours ouvr\u00e9s \u00e0 partir de l\u2019exp\u00e9dition du colis en France m\u00e9tropolitaine et en Europe. Une estimation du montant des frais de port est calcul\u00e9e en fonction du pays de livraison avant validation du panier. Ces frais sont confirm\u00e9s d\u00e9finitivement avant la validation d\u00e9finitive de la commande.<br> <br><strong><span style=\"color: var(--stk-global-color-54527, #e89b9b)\" class=\"stk-highlight\">Retours et \u00e9changes<\/span><br><\/strong> <br>Conform\u00e9ment aux dispositions du code de la consommation, le Client b\u00e9n\u00e9ficie d\u2019un droit de r\u00e9tractation qu\u2019il peut exercer dans les 14 jours suivant la r\u00e9ception de sa commande. <br>Le frais d\u2019\u00e9change et retour sont \u00e0 la charge du client.  <\/p><\/div>\n","protected":false},"excerpt":{"rendered":"<p>SAV ET LIVRAISON Tarifs &#8211; France M\u00e9tropolitaine : \u00e0 partir de 5,50\u20ac TTC via Mondial Relais et 6,50\u20ac TTC en Colissimo \u00e0 domicile.&#8211; Europe : livraison possible via Mondial Relais et Colissimo International.&#8211; Monde (pays hors France m\u00e9tropolitaine et Europe) : \u00e0 partir de 24\u20ac TTC en Colissimo International.&#8211; Livraison offerte d\u00e8s 60\u20ac d\u2019achat en [&hellip;]<\/p>\n","protected":false},"author":11,"featured_media":0,"parent":0,"menu_order":0,"comment_status":"closed","ping_status":"closed","template":"","meta":{"footnotes":""},"class_list":["post-600","page","type-page","status-publish","hentry"],"_links":{"self":[{"href":"https:\/\/iut.fluxeos.com\/larmoiredemamie\/wp-json\/wp\/v2\/pages\/600","targetHints":{"allow":["GET"]}}],"collection":[{"href":"https:\/\/iut.fluxeos.com\/larmoiredemamie\/wp-json\/wp\/v2\/pages"}],"about":[{"href":"https:\/\/iut.fluxeos.com\/larmoiredemamie\/wp-json\/wp\/v2\/types\/page"}],"author":[{"embeddable":true,"href":"https:\/\/iut.fluxeos.com\/larmoiredemamie\/wp-json\/wp\/v2\/users\/11"}],"replies":[{"embeddable":true,"href":"https:\/\/iut.fluxeos.com\/larmoiredemamie\/wp-json\/wp\/v2\/comments?post=600"}],"version-history":[{"count":3,"href":"https:\/\/iut.fluxeos.com\/larmoiredemamie\/wp-json\/wp\/v2\/pages\/600\/revisions"}],"predecessor-version":[{"id":689,"href":"https:\/\/iut.fluxeos.com\/larmoiredemamie\/wp-json\/wp\/v2\/pages\/600\/revisions\/689"}],"wp:attachment":[{"href":"https:\/\/iut.fluxeos.com\/larmoiredemamie\/wp-json\/wp\/v2\/media?parent=600"}],"curies":[{"name":"wp","href":"https:\/\/api.w.org\/{rel}","templated":true}]}}