{"id":575,"date":"2024-11-27T21:34:11","date_gmt":"2024-11-27T21:34:11","guid":{"rendered":"https:\/\/iut.fluxeos.com\/larmoiredemamie\/?page_id=575"},"modified":"2024-11-27T21:34:12","modified_gmt":"2024-11-27T21:34:12","slug":"sav-livraison","status":"publish","type":"page","link":"https:\/\/iut.fluxeos.com\/larmoiredemamie\/sav-livraison\/","title":{"rendered":"SAV &amp; LIVRAISON"},"content":{"rendered":"\n<div class=\"wp-block-stackable-columns stk-block-columns stk-block stk-7963ec6\" data-block-id=\"7963ec6\"><div class=\"stk-row stk-inner-blocks stk-block-content stk-content-align stk-7963ec6-column\">\n<div class=\"wp-block-stackable-column stk-block-column stk-column stk-block stk-b8e476e\" data-v=\"4\" data-block-id=\"b8e476e\"><div class=\"stk-column-wrapper stk-block-column__content stk-container stk-b8e476e-container stk--no-background stk--no-padding\"><div class=\"stk-block-content stk-inner-blocks stk-b8e476e-inner-blocks\">\n<div class=\"wp-block-stackable-text stk-block-text stk-block stk-c8ed19c\" data-block-id=\"c8ed19c\"><p class=\"stk-block-text__text\">Tarifs\n&#8211; France M\u00e9tropolitaine : \u00e0 partir de 5,50\u20ac TTC via Mondial Relais et 6,50\u20ac TTC en Colissimo \u00e0 domicile.\n\n&#8211; Europe : livraison possible via Mondial Relais et Colissimo International.\n\n&#8211; Monde (pays hors France m\u00e9tropolitaine et Europe) : \u00e0 partir de 24\u20ac TTC en Colissimo International.\n\n&#8211; Livraison offerte d\u00e8s 80\u20ac d\u2019achat en France M\u00e9tropolitaine (hors commandes pass\u00e9es sur le site Seconde Vie)\n\n \n\nLivraison\n \n\nLe Client est livr\u00e9 par Colissimo ou par Mondial Relais. Les Produits sont livr\u00e9s \u00e0 l\u2019adresse indiqu\u00e9e par le Client sur le bon de commande. Le Client se doit de v\u00e9rifier l\u2019exhaustivit\u00e9 et la conformit\u00e9 des renseignements qu\u2019il fournit \u00e0 Bindi Atelier. Cette derni\u00e8re ne saurait \u00eatre tenue responsable d\u2019\u00e9ventuelles erreurs de saisie et des cons\u00e9quences en termes de retard ou d\u2019erreur de livraison. Dans ce contexte, tous les frais engag\u00e9s pour la r\u00e9exp\u00e9dition de la commande seront enti\u00e8rement \u00e0 la charge du Client. Les livraisons s\u2019effectuent du lundi au vendredi, sauf jour f\u00e9ri\u00e9.\n\n \n\nSi le service de suivi de colis de nos transporteurs indique que le colis a \u00e9t\u00e9 livr\u00e9, mais que le Client n\u2019a pas re\u00e7u son colis, celui-ci devra effectuer une recherche\/r\u00e9clamation aupr\u00e8s des services commerciaux du transporteur, mais en aucun cas, Bindi Atelier ne pourra \u00eatre tenue responsable de la perte ou du vol de ce colis, ainsi aucune indemnisation ou aucune r\u00e9exp\u00e9dition ne sera possible.\n\n \n\nD\u00e9lais d\u2019exp\u00e9dition\n \n\nLes commandes pass\u00e9es en ligne via le Site sont relev\u00e9es chaque jour du lundi au vendredi, sauf jour f\u00e9ri\u00e9.\n\nLes commandes sont pr\u00e9par\u00e9es et exp\u00e9di\u00e9es sous 2 jours ouvr\u00e9s.\n\nDans le cas o\u00f9 la dur\u00e9e de traitement des commandes est exceptionnellement rallong\u00e9, le Client sera averti au moment de passer sa commande. Un courrier \u00e9lectronique est automatiquement envoy\u00e9 au Client au moment de l\u2019exp\u00e9dition des produits sous r\u00e9serve que l\u2019adresse \u00e9lectronique indiqu\u00e9e dans le formulaire d\u2019inscription ne comporte pas d\u2019erreur.\n\n \n\nD\u00e9lais de transport\n \n\nLes d\u00e9lais de transport sont estim\u00e9s entre 2 \u00e0 5 jours ouvr\u00e9s \u00e0 partir de l\u2019exp\u00e9dition du colis en France m\u00e9tropolitaine et en Europe. Une estimation du montant des frais de port est calcul\u00e9e en fonction du pays de livraison avant validation du panier. Ces frais sont confirm\u00e9s d\u00e9finitivement avant la validation d\u00e9finitive de la commande.\n\n \n\nRetours et \u00e9changes\n \n\nConform\u00e9ment aux dispositions du code de la consommation, le Client b\u00e9n\u00e9ficie d\u2019un droit de r\u00e9tractation qu\u2019il peut exercer dans les 14 jours suivant la r\u00e9ception de sa commande. \n\nLe frais d\u2019\u00e9change et retour sont \u00e0 la charge du client.  \n<\/p><\/div>\n<\/div><\/div><\/div>\n<\/div><\/div>\n\n\n\n<p data-block-type=\"core\"><\/p>\n","protected":false},"excerpt":{"rendered":"<p>Tarifs &#8211; France M\u00e9tropolitaine : \u00e0 partir de 5,50\u20ac TTC via Mondial Relais et 6,50\u20ac TTC en Colissimo \u00e0 domicile. &#8211; Europe : livraison possible via Mondial Relais et Colissimo International. &#8211; Monde (pays hors France m\u00e9tropolitaine et Europe) : \u00e0 partir de 24\u20ac TTC en Colissimo International. &#8211; Livraison offerte d\u00e8s 80\u20ac d\u2019achat en [&hellip;]<\/p>\n","protected":false},"author":11,"featured_media":0,"parent":0,"menu_order":0,"comment_status":"closed","ping_status":"closed","template":"","meta":{"footnotes":""},"class_list":["post-575","page","type-page","status-publish","hentry"],"_links":{"self":[{"href":"https:\/\/iut.fluxeos.com\/larmoiredemamie\/wp-json\/wp\/v2\/pages\/575","targetHints":{"allow":["GET"]}}],"collection":[{"href":"https:\/\/iut.fluxeos.com\/larmoiredemamie\/wp-json\/wp\/v2\/pages"}],"about":[{"href":"https:\/\/iut.fluxeos.com\/larmoiredemamie\/wp-json\/wp\/v2\/types\/page"}],"author":[{"embeddable":true,"href":"https:\/\/iut.fluxeos.com\/larmoiredemamie\/wp-json\/wp\/v2\/users\/11"}],"replies":[{"embeddable":true,"href":"https:\/\/iut.fluxeos.com\/larmoiredemamie\/wp-json\/wp\/v2\/comments?post=575"}],"version-history":[{"count":1,"href":"https:\/\/iut.fluxeos.com\/larmoiredemamie\/wp-json\/wp\/v2\/pages\/575\/revisions"}],"predecessor-version":[{"id":577,"href":"https:\/\/iut.fluxeos.com\/larmoiredemamie\/wp-json\/wp\/v2\/pages\/575\/revisions\/577"}],"wp:attachment":[{"href":"https:\/\/iut.fluxeos.com\/larmoiredemamie\/wp-json\/wp\/v2\/media?parent=575"}],"curies":[{"name":"wp","href":"https:\/\/api.w.org\/{rel}","templated":true}]}}