{"id":108,"date":"2024-10-25T08:44:22","date_gmt":"2024-10-25T08:44:22","guid":{"rendered":"https:\/\/iut.fluxeos.com\/larmoiredemamie\/?page_id=108"},"modified":"2024-12-05T19:21:14","modified_gmt":"2024-12-05T19:21:14","slug":"actualites","status":"publish","type":"page","link":"https:\/\/iut.fluxeos.com\/larmoiredemamie\/actualites\/","title":{"rendered":"Actualit\u00e9s"},"content":{"rendered":"\n<div class=\"wp-block-stackable-columns stk-block-columns stk-block stk-f42a364\" data-block-id=\"f42a364\"><div class=\"stk-row stk-inner-blocks stk-block-content stk-content-align stk-f42a364-column\">\n<div class=\"wp-block-stackable-column stk-block-column stk-column stk-block stk-17d3bf1\" data-v=\"4\" data-block-id=\"17d3bf1\"><div class=\"stk-column-wrapper stk-block-column__content stk-container stk-17d3bf1-container stk--no-background stk--no-padding\"><div class=\"stk-block-content stk-inner-blocks stk-17d3bf1-inner-blocks\">\n<div class=\"wp-block-stackable-heading stk-block-heading stk-block-heading--v2 stk-block stk-dd38986\" id=\"tendances-et-inspiration\" data-block-id=\"dd38986\"><style>.stk-dd38986 .stk-block-heading__text{text-shadow:none !important;color:var(--stk-global-color-54527, #e89b9b) !important;}<\/style><h2 class=\"stk-block-heading__text has-text-color has-text-align-center\">Tendances et Inspiration <\/h2><\/div>\n<\/div><\/div><\/div>\n<\/div><\/div>\n\n\n\n<div class=\"wp-block-stackable-columns stk-block-columns stk-block stk-e735914\" data-block-id=\"e735914\"><div class=\"stk-row stk-inner-blocks stk-block-content stk-content-align stk-e735914-column\">\n<div class=\"wp-block-stackable-column stk-block-column stk-column stk-block stk-91b1780 stk-block-background\" data-v=\"4\" data-block-id=\"91b1780\"><style>.stk-91b1780 {background-color:var(--stk-global-color-54527, #e89b9b) !important;}.stk-91b1780:before{background-color:var(--stk-global-color-54527, #e89b9b) !important;}<\/style><div class=\"stk-column-wrapper stk-block-column__content stk-container stk-91b1780-container stk--no-background stk--no-padding\"><div class=\"has-text-align-center stk-block-content stk-inner-blocks stk-91b1780-inner-blocks\">\n<div class=\"wp-block-stackable-text stk-block-text stk-block stk-4f6b707\" data-block-id=\"4f6b707\"><style>.stk-4f6b707 {margin-bottom:6px !important;}.stk-4f6b707 .stk-block-text__text{font-size:20px !important;color:var(--stk-global-color-74915, #fffaf3) !important;font-family:\"Nunito\", Sans-serif !important;}@media screen and (max-width: 1023px){.stk-4f6b707 .stk-block-text__text{font-size:20px !important;}}<\/style><p class=\"stk-block-text__text has-text-color has-text-align-center\">Les vestes de L&rsquo;Armoire de Mamie ne sont pas seulement des pi\u00e8ces uniques, elles incarnent aussi les tendances actuelles. <br>Avec leurs tissus matelass\u00e9s recycl\u00e9s et leurs motifs \u00e9clatants<br><\/p><\/div>\n\n\n\n<div class=\"wp-block-stackable-text stk-block-text stk-block stk-e998b24\" data-block-id=\"e998b24\"><style>.stk-e998b24 .stk-block-text__text{font-size:20px !important;color:var(--stk-global-color-74915, #fffaf3) !important;font-family:\"Nunito\", Sans-serif !important;}@media screen and (max-width: 1023px){.stk-e998b24 .stk-block-text__text{font-size:20px !important;}}<\/style><p class=\"stk-block-text__text has-text-color has-text-align-center\"><strong>Look casual<\/strong>  : associez une de nos vestes \u00e0 un jean brut et des baskets blanches. Un combo parfait pour vos journ\u00e9es d\u00e9tente ou vos balades en ville.<br><br><strong>Chic sans effort<\/strong> : une pochette d&rsquo;ordinateur au tissu color\u00e9, gliss\u00e9e dans un Tote bag neutre, apporte une touche originale \u00e0 votre tenue de bureau.<br><br><strong>Esprit boh\u00e8me<\/strong> : optez pour un sac en tissu matelass\u00e9 avec une robe longue et des sandales en cuir. Parfait pour un brunch ou un march\u00e9 le dimanche matin<\/p><\/div>\n<\/div><\/div><\/div>\n\n\n\n<div class=\"wp-block-stackable-column stk-block-column stk-column stk-block stk-321e919\" data-v=\"4\" data-block-id=\"321e919\"><div class=\"stk-column-wrapper stk-block-column__content stk-container stk-321e919-container stk--no-background stk--no-padding\"><div class=\"stk-block-content stk-inner-blocks stk-321e919-inner-blocks\">\n<figure class=\"wp-block-image size-full is-style-default\" data-block-type=\"core\"><img loading=\"lazy\" decoding=\"async\" width=\"735\" height=\"1031\" src=\"https:\/\/iut.fluxeos.com\/larmoiredemamie\/wp-content\/uploads\/sites\/9\/2024\/11\/Veste-matelassee-brodee-marine.jpg\" alt=\"\" class=\"wp-image-417\" style=\"object-fit:cover\" srcset=\"https:\/\/iut.fluxeos.com\/larmoiredemamie\/wp-content\/uploads\/sites\/9\/2024\/11\/Veste-matelassee-brodee-marine.jpg 735w, https:\/\/iut.fluxeos.com\/larmoiredemamie\/wp-content\/uploads\/sites\/9\/2024\/11\/Veste-matelassee-brodee-marine-214x300.jpg 214w, https:\/\/iut.fluxeos.com\/larmoiredemamie\/wp-content\/uploads\/sites\/9\/2024\/11\/Veste-matelassee-brodee-marine-730x1024.jpg 730w, https:\/\/iut.fluxeos.com\/larmoiredemamie\/wp-content\/uploads\/sites\/9\/2024\/11\/Veste-matelassee-brodee-marine-600x842.jpg 600w\" sizes=\"auto, (max-width: 735px) 100vw, 735px\" \/><\/figure>\n<\/div><\/div><\/div>\n<\/div><\/div>\n\n\n\n<div class=\"wp-block-stackable-columns stk-block-columns stk-block stk-116bdd5\" data-block-id=\"116bdd5\"><div class=\"stk-row stk-inner-blocks stk-block-content stk-content-align stk-116bdd5-column\">\n<div class=\"wp-block-stackable-column stk-block-column stk-column stk-block stk-acb43ab\" data-v=\"4\" data-block-id=\"acb43ab\"><div class=\"stk-column-wrapper stk-block-column__content stk-container stk-acb43ab-container stk--no-background stk--no-padding\"><div class=\"stk-block-content stk-inner-blocks stk-acb43ab-inner-blocks\">\n<div class=\"wp-block-stackable-heading stk-block-heading stk-block-heading--v2 stk-block stk-8cffde1\" id=\"nos-conseils-pour-entretenir-et-prolonger-la-duree-de-vie-de-vos-accessoires\" data-block-id=\"8cffde1\"><style>.stk-8cffde1 .stk-block-heading__text{color:var(--stk-global-color-54527, #e89b9b) !important;}<\/style><h2 class=\"stk-block-heading__text has-text-color has-text-align-center\">Nos conseils pour entretenir et prolonger la dur\u00e9e de vie de vos accessoires<\/h2><\/div>\n<\/div><\/div><\/div>\n<\/div><\/div>\n\n\n\n<div class=\"wp-block-stackable-columns stk-block-columns stk-block stk-beb1976\" data-block-id=\"beb1976\"><div class=\"stk-row stk-inner-blocks stk-block-content stk-content-align stk-beb1976-column\">\n<div class=\"wp-block-stackable-column stk-block-column stk-column stk-block stk-93ec057\" data-v=\"4\" data-block-id=\"93ec057\"><style>@media screen and (min-width: 768px){.stk-93ec057 {flex:var(--stk-flex-grow, 1) 1 calc(50% - var(--stk-column-gap, 0px) * 1 \/ 2 ) !important;}}<\/style><div class=\"stk-column-wrapper stk-block-column__content stk-container stk-93ec057-container stk--no-background stk--no-padding\"><div class=\"stk-block-content stk-inner-blocks stk-93ec057-inner-blocks\">\n<figure class=\"wp-block-image size-full is-resized is-style-default\" data-block-type=\"core\"><img loading=\"lazy\" decoding=\"async\" width=\"474\" height=\"474\" src=\"https:\/\/iut.fluxeos.com\/larmoiredemamie\/wp-content\/uploads\/sites\/9\/2024\/11\/fafa1d167b91a6e880215547480095db.jpg\" alt=\"\" class=\"wp-image-438\" style=\"object-fit:cover;width:735px;height:1031px\" srcset=\"https:\/\/iut.fluxeos.com\/larmoiredemamie\/wp-content\/uploads\/sites\/9\/2024\/11\/fafa1d167b91a6e880215547480095db.jpg 474w, https:\/\/iut.fluxeos.com\/larmoiredemamie\/wp-content\/uploads\/sites\/9\/2024\/11\/fafa1d167b91a6e880215547480095db-300x300.jpg 300w, https:\/\/iut.fluxeos.com\/larmoiredemamie\/wp-content\/uploads\/sites\/9\/2024\/11\/fafa1d167b91a6e880215547480095db-150x150.jpg 150w, https:\/\/iut.fluxeos.com\/larmoiredemamie\/wp-content\/uploads\/sites\/9\/2024\/11\/fafa1d167b91a6e880215547480095db-100x100.jpg 100w\" sizes=\"auto, (max-width: 474px) 100vw, 474px\" \/><\/figure>\n<\/div><\/div><\/div>\n\n\n\n<div class=\"wp-block-stackable-column stk-block-column stk-column stk-block stk-269d535 stk-block-background\" data-v=\"4\" data-block-id=\"269d535\"><style>.stk-269d535 {background-color:var(--stk-global-color-54527, #e89b9b) !important;}.stk-269d535:before{background-color:var(--stk-global-color-54527, #e89b9b) !important;}@media screen and (min-width: 768px){.stk-269d535 {flex:var(--stk-flex-grow, 1) 1 calc(50% - var(--stk-column-gap, 0px) * 1 \/ 2 ) !important;}}<\/style><div class=\"stk-column-wrapper stk-block-column__content stk-container stk-269d535-container stk--no-background stk--no-padding\"><div class=\"has-text-align-center stk-block-content stk-inner-blocks stk-269d535-inner-blocks\">\n<div class=\"wp-block-stackable-text stk-block-text stk-block stk-0b437ba\" data-block-id=\"0b437ba\"><style>.stk-0b437ba {margin-bottom:6px !important;}.stk-0b437ba .stk-block-text__text{font-size:20px !important;color:var(--stk-global-color-74915, #fffaf3) !important;font-family:\"Nunito\", Sans-serif !important;}@media screen and (max-width: 1023px){.stk-0b437ba .stk-block-text__text{font-size:20px !important;}}<\/style><p class=\"stk-block-text__text has-text-color has-text-align-center\">Chez L&rsquo;Armoire de Mamie, chaque produit porte le nom d\u2019une fleur<\/p><\/div>\n\n\n\n<div class=\"wp-block-stackable-text stk-block-text stk-block stk-368420e\" data-block-id=\"368420e\"><style>.stk-368420e .stk-block-text__text{font-size:20px !important;color:var(--stk-global-color-74915, #fffaf3) !important;font-family:\"Nunito\", Sans-serif !important;}@media screen and (max-width: 1023px){.stk-368420e .stk-block-text__text{font-size:20px !important;}}<\/style><p class=\"stk-block-text__text has-text-color has-text-align-center\">Elles \u00e9voquent la beaut\u00e9, la nature et l\u2019unicit\u00e9, tout comme nos vestes, trousses, et sacs en tissu recycl\u00e9.\n\nChaque cr\u00e9ation refl\u00e8te l\u2019histoire et les couleurs de nos tissus chin\u00e9s ou donn\u00e9s. Une trousse d\u00e9licate devient Violette, une veste aux tons \u00e9clatants s\u2019appelle Coquelicot, et un sac \u00e9l\u00e9gant se pare du nom Cam\u00e9lia.                                                          Pas de hasard : ces noms c\u00e9l\u00e8brent la diversit\u00e9 et la po\u00e9sie de la nature.   \n           \nEt puis, les fleurs, c\u2019est aussi notre clin d\u2019\u0153il \u00e0 la plan\u00e8te ! Comme elles, nos cr\u00e9ations poussent doucement, avec amour et dans le respect de l\u2019environnement. Alors, pourquoi ne pas adopter Marguerite ou Iris pour faire entrer un peu de nature et de style \u00e9thique dans votre quotidien                                        <\/p><\/div>\n<\/div><\/div><\/div>\n<\/div><\/div>\n\n\n\n<div class=\"wp-block-stackable-columns stk-block-columns stk-block stk-3ffbeed\" data-block-id=\"3ffbeed\"><div class=\"stk-row stk-inner-blocks stk-block-content stk-content-align stk-3ffbeed-column\">\n<div class=\"wp-block-stackable-column stk-block-column stk-column stk-block stk-ed98259\" data-v=\"4\" data-block-id=\"ed98259\"><div class=\"stk-column-wrapper stk-block-column__content stk-container stk-ed98259-container stk--no-background stk--no-padding\"><div class=\"stk-block-content stk-inner-blocks stk-ed98259-inner-blocks\"><\/div><\/div><\/div>\n<\/div><\/div>\n\n\n\n<div class=\"wp-block-stackable-heading stk-block-heading stk-block-heading--v2 stk-block stk-8f27978\" id=\"retrouvez-larmoire-de-mamie-au-marche-de-noel-de-nantes\" data-block-id=\"8f27978\"><style>.stk-8f27978 .stk-block-heading__text{color:var(--stk-global-color-54527, #e89b9b) !important;}<\/style><h2 class=\"stk-block-heading__text has-text-color has-text-align-center\">Retrouvez l&rsquo;armoire de mamie au march\u00e9 de No\u00ebl de Nantes <\/h2><\/div>\n\n\n\n<div class=\"wp-block-stackable-columns stk-block-columns stk-block stk-6f18c6e\" data-block-id=\"6f18c6e\"><div class=\"stk-row stk-inner-blocks stk-block-content stk-content-align stk-6f18c6e-column\">\n<div class=\"wp-block-stackable-column stk-block-column stk-column stk-block stk-e79ddbd stk-block-background\" data-v=\"4\" data-block-id=\"e79ddbd\"><style>.stk-e79ddbd {background-color:var(--stk-global-color-54527, #e89b9b) !important;}.stk-e79ddbd:before{background-color:var(--stk-global-color-54527, #e89b9b) !important;}@media screen and (min-width: 768px){.stk-e79ddbd {flex:var(--stk-flex-grow, 1) 1 calc(50% - var(--stk-column-gap, 0px) * 1 \/ 2 ) !important;}}<\/style><div class=\"stk-column-wrapper stk-block-column__content stk-container stk-e79ddbd-container stk--no-background stk--no-padding\"><div class=\"has-text-align-center stk-block-content stk-inner-blocks stk-e79ddbd-inner-blocks\">\n<div class=\"wp-block-stackable-text stk-block-text stk-block stk-02effff\" data-block-id=\"02effff\"><style>.stk-02effff {margin-bottom:6px !important;}.stk-02effff .stk-block-text__text{font-size:20px !important;color:var(--stk-global-color-74915, #fffaf3) !important;font-family:\"Nunito\", Sans-serif !important;}@media screen and (max-width: 1023px){.stk-02effff .stk-block-text__text{font-size:20px !important;}}<\/style><p class=\"stk-block-text__text has-text-color has-text-align-center\">Cette ann\u00e9e, L&rsquo;Armoire de Mamie d\u00e9barque au March\u00e9 de No\u00ebl de Nantes, et on a h\u00e2te de vous y voir<\/p><\/div>\n\n\n\n<div class=\"wp-block-stackable-text stk-block-text stk-block stk-85d95c7\" data-block-id=\"85d95c7\"><style>.stk-85d95c7 .stk-block-text__text{font-size:20px !important;color:var(--stk-global-color-74915, #fffaf3) !important;font-family:\"Nunito\", Sans-serif !important;}@media screen and (max-width: 1023px){.stk-85d95c7 .stk-block-text__text{font-size:20px !important;}}<\/style><p class=\"stk-block-text__text has-text-color has-text-align-center\"> <br>Venez nous retrouver chaque samedi et dimanche pour d\u00e9couvrir nos cr\u00e9ations en tissu matelass\u00e9 recycl\u00e9 : vestes \u00e9l\u00e9gantes, trousses pratiques, sacs originaux, pochette d&rsquo;ordinateur uniques, tout ce qu\u2019il faut pour offrir, ou s\u2019offrir des cadeaux tendances et responsables <br><br><strong>Rencontrez-nous ! <\/strong><br>Sur notre stand, vous serez accueillis par Lisa, Ana\u00efs, et Pauline, pr\u00eates \u00e0 vous partager leur passion et leur savoir-faire. <br>Elles se feront un plaisir de vous conseiller et de vous raconter l\u2019histoire de nos cr\u00e9ations, fabriqu\u00e9es avec soin \u00e0 partir de tissus recycl\u00e9s. <br> <br><strong>Lieu<\/strong> : March\u00e9 de No\u00ebl de Nantes <br><strong>Dates<\/strong> : 21 novembre au 31 d\u00e9cembre. <br><br>On vous attend nombreux !                         <\/p><\/div>\n<\/div><\/div><\/div>\n\n\n\n<div class=\"wp-block-stackable-column stk-block-column stk-column stk-block stk-a7d596d\" data-v=\"4\" data-block-id=\"a7d596d\"><style>@media screen and (min-width: 768px){.stk-a7d596d {flex:var(--stk-flex-grow, 1) 1 calc(50% - var(--stk-column-gap, 0px) * 1 \/ 2 ) !important;}}<\/style><div class=\"stk-column-wrapper stk-block-column__content stk-container stk-a7d596d-container stk--no-background stk--no-padding\"><div class=\"stk-block-content stk-inner-blocks stk-a7d596d-inner-blocks\">\n<figure class=\"wp-block-image size-full is-style-default\" data-block-type=\"core\"><img loading=\"lazy\" decoding=\"async\" width=\"736\" height=\"919\" src=\"https:\/\/iut.fluxeos.com\/larmoiredemamie\/wp-content\/uploads\/sites\/9\/2024\/11\/blog-4-site-internet-1.jpg\" alt=\"\" class=\"wp-image-463\" srcset=\"https:\/\/iut.fluxeos.com\/larmoiredemamie\/wp-content\/uploads\/sites\/9\/2024\/11\/blog-4-site-internet-1.jpg 736w, https:\/\/iut.fluxeos.com\/larmoiredemamie\/wp-content\/uploads\/sites\/9\/2024\/11\/blog-4-site-internet-1-240x300.jpg 240w, https:\/\/iut.fluxeos.com\/larmoiredemamie\/wp-content\/uploads\/sites\/9\/2024\/11\/blog-4-site-internet-1-600x749.jpg 600w\" sizes=\"auto, (max-width: 736px) 100vw, 736px\" \/><\/figure>\n<\/div><\/div><\/div>\n<\/div><\/div>\n\n\n\n<div class=\"wp-block-stackable-columns stk-block-columns stk-block stk-1f5f939\" data-block-id=\"1f5f939\"><div class=\"stk-row stk-inner-blocks stk-block-content stk-content-align stk-1f5f939-column\">\n<div class=\"wp-block-stackable-column stk-block-column stk-column stk-block stk-0a2c0e4\" data-v=\"4\" data-block-id=\"0a2c0e4\"><div class=\"stk-column-wrapper stk-block-column__content stk-container stk-0a2c0e4-container stk--no-background stk--no-padding\"><div class=\"stk-block-content stk-inner-blocks stk-0a2c0e4-inner-blocks\">\n<div class=\"wp-block-stackable-heading stk-block-heading stk-block-heading--v2 stk-block stk-6f0f136\" id=\"nos-tissus-ont-une-histoire\" data-block-id=\"6f0f136\"><style>.stk-6f0f136 .stk-block-heading__text{color:var(--stk-global-color-54527, #e89b9b) !important;}<\/style><h2 class=\"stk-block-heading__text has-text-color has-text-align-center\">Nos tissus ont une histoire <\/h2><\/div>\n<\/div><\/div><\/div>\n<\/div><\/div>\n\n\n\n<div class=\"wp-block-stackable-columns stk-block-columns stk-block stk-35c915f\" data-block-id=\"35c915f\"><div class=\"stk-row stk-inner-blocks stk-block-content stk-content-align stk-35c915f-column\">\n<div class=\"wp-block-stackable-column stk-block-column stk-column stk-block stk-8529d4c stk-block-background\" data-v=\"4\" data-block-id=\"8529d4c\"><style>.stk-8529d4c {background-color:var(--stk-global-color-54527, #e89b9b) !important;}.stk-8529d4c:before{background-color:var(--stk-global-color-54527, #e89b9b) !important;}@media screen and (min-width: 768px){.stk-8529d4c {flex:var(--stk-flex-grow, 1) 1 calc(50% - var(--stk-column-gap, 0px) * 1 \/ 2 ) !important;}}<\/style><div class=\"stk-column-wrapper stk-block-column__content stk-container stk-8529d4c-container stk--no-background stk--no-padding\"><div class=\"has-text-align-center stk-block-content stk-inner-blocks stk-8529d4c-inner-blocks\">\n<div class=\"wp-block-stackable-text stk-block-text stk-block stk-8f9ca83\" data-block-id=\"8f9ca83\"><style>.stk-8f9ca83 {margin-bottom:6px !important;}.stk-8f9ca83 .stk-block-text__text{font-size:20px !important;color:var(--stk-global-color-74915, #fffaf3) !important;font-family:\"Nunito\", Sans-serif !important;}@media screen and (max-width: 1023px){.stk-8f9ca83 .stk-block-text__text{font-size:20px !important;}}<\/style><p class=\"stk-block-text__text has-text-color has-text-align-center\">Ce qui rend L\u2019Armoire de Mamie unique, c\u2019est l\u2019histoire qui se cache derri\u00e8re chacune de nos cr\u00e9ations. Chaque veste, trousse ou sac est bien plus qu\u2019un simple accessoire : c\u2019est une pi\u00e8ce unique, fabriqu\u00e9e avec soin \u00e0 partir de tissus s\u00e9lectionn\u00e9s avec amour et rigueur.<\/p><\/div>\n\n\n\n<div class=\"wp-block-stackable-text stk-block-text stk-block stk-c6c0a10\" data-block-id=\"c6c0a10\"><style>.stk-c6c0a10 .stk-block-text__text{font-size:20px !important;color:var(--stk-global-color-74915, #fffaf3) !important;font-family:\"Nunito\", Sans-serif !important;}@media screen and (max-width: 1023px){.stk-c6c0a10 .stk-block-text__text{font-size:20px !important;}}<\/style><p class=\"stk-block-text__text has-text-color has-text-align-center\"><strong>L\u2019art de chiner : la qu\u00eate des tissus parfaits<\/strong><br>Nous parcourons les brocantes, les march\u00e9s et les vide-greniers \u00e0 la recherche de tr\u00e9sors textiles. Nous chinons avec passion des tissus anciens, parfois oubli\u00e9s, mais toujours remplis de charme et de caract\u00e8re. Chaque trouvaille est soigneusement examin\u00e9e : la qualit\u00e9, les couleurs et les motifs doivent \u00eatre parfaits pour donner vie \u00e0 nos cr\u00e9ations. <br><br><strong>Un choix qui a du sens :<\/strong><br>Nous recevons \u00e9galement des dons de tissus de particuliers qui partagent nos valeurs. Ces tissus, souvent charg\u00e9s d\u2019histoire, trouvent une nouvelle vie entre nos mains. C\u2019est un v\u00e9ritable cercle vertueux o\u00f9 rien ne se perd, tout se transforme.<br><br><strong>Une relation de confiance avec nos clients : <\/strong><br>Nos clients nous confient parfois leurs propres tissus, avec des souvenirs et des \u00e9motions qui leur sont chers.       Nous les transformons en pi\u00e8ces uniques, faites sur mesure. Cette confiance nous touche profond\u00e9ment .                   <\/p><\/div>\n<\/div><\/div><\/div>\n\n\n\n<div class=\"wp-block-stackable-column stk-block-column stk-column stk-block stk-6a6714e\" data-v=\"4\" data-block-id=\"6a6714e\"><style>@media screen and (min-width: 768px){.stk-6a6714e {flex:var(--stk-flex-grow, 1) 1 calc(50% - var(--stk-column-gap, 0px) * 1 \/ 2 ) !important;}}<\/style><div class=\"stk-column-wrapper stk-block-column__content stk-container stk-6a6714e-container stk--no-background stk--no-padding\"><div class=\"stk-block-content stk-inner-blocks stk-6a6714e-inner-blocks\"><div class=\"wp-block-image is-style-default\">\n<figure class=\"aligncenter size-full is-resized\" data-block-type=\"core\"><img loading=\"lazy\" decoding=\"async\" width=\"640\" height=\"640\" src=\"https:\/\/iut.fluxeos.com\/larmoiredemamie\/wp-content\/uploads\/sites\/9\/2024\/11\/3e59e2f8de5dd6771f29325cbecdacbc.jpg\" alt=\"\" class=\"wp-image-429\" style=\"object-fit:cover;width:736px;height:919px\" srcset=\"https:\/\/iut.fluxeos.com\/larmoiredemamie\/wp-content\/uploads\/sites\/9\/2024\/11\/3e59e2f8de5dd6771f29325cbecdacbc.jpg 640w, https:\/\/iut.fluxeos.com\/larmoiredemamie\/wp-content\/uploads\/sites\/9\/2024\/11\/3e59e2f8de5dd6771f29325cbecdacbc-300x300.jpg 300w, https:\/\/iut.fluxeos.com\/larmoiredemamie\/wp-content\/uploads\/sites\/9\/2024\/11\/3e59e2f8de5dd6771f29325cbecdacbc-150x150.jpg 150w, https:\/\/iut.fluxeos.com\/larmoiredemamie\/wp-content\/uploads\/sites\/9\/2024\/11\/3e59e2f8de5dd6771f29325cbecdacbc-600x600.jpg 600w, https:\/\/iut.fluxeos.com\/larmoiredemamie\/wp-content\/uploads\/sites\/9\/2024\/11\/3e59e2f8de5dd6771f29325cbecdacbc-100x100.jpg 100w\" sizes=\"auto, (max-width: 640px) 100vw, 640px\" \/><\/figure>\n<\/div><\/div><\/div><\/div>\n<\/div><\/div>\n\n\n\n<p data-block-type=\"core\"><\/p>\n","protected":false},"excerpt":{"rendered":"<p>Tendances et Inspiration Les vestes de L&rsquo;Armoire de Mamie ne sont pas seulement des pi\u00e8ces uniques, elles incarnent aussi les tendances actuelles. Avec leurs tissus matelass\u00e9s recycl\u00e9s et leurs motifs \u00e9clatants Look casual : associez une de nos vestes \u00e0 un jean brut et des baskets blanches. Un combo parfait pour vos journ\u00e9es d\u00e9tente ou [&hellip;]<\/p>\n","protected":false},"author":11,"featured_media":0,"parent":0,"menu_order":0,"comment_status":"closed","ping_status":"closed","template":"","meta":{"footnotes":""},"class_list":["post-108","page","type-page","status-publish","hentry"],"_links":{"self":[{"href":"https:\/\/iut.fluxeos.com\/larmoiredemamie\/wp-json\/wp\/v2\/pages\/108","targetHints":{"allow":["GET"]}}],"collection":[{"href":"https:\/\/iut.fluxeos.com\/larmoiredemamie\/wp-json\/wp\/v2\/pages"}],"about":[{"href":"https:\/\/iut.fluxeos.com\/larmoiredemamie\/wp-json\/wp\/v2\/types\/page"}],"author":[{"embeddable":true,"href":"https:\/\/iut.fluxeos.com\/larmoiredemamie\/wp-json\/wp\/v2\/users\/11"}],"replies":[{"embeddable":true,"href":"https:\/\/iut.fluxeos.com\/larmoiredemamie\/wp-json\/wp\/v2\/comments?post=108"}],"version-history":[{"count":35,"href":"https:\/\/iut.fluxeos.com\/larmoiredemamie\/wp-json\/wp\/v2\/pages\/108\/revisions"}],"predecessor-version":[{"id":691,"href":"https:\/\/iut.fluxeos.com\/larmoiredemamie\/wp-json\/wp\/v2\/pages\/108\/revisions\/691"}],"wp:attachment":[{"href":"https:\/\/iut.fluxeos.com\/larmoiredemamie\/wp-json\/wp\/v2\/media?parent=108"}],"curies":[{"name":"wp","href":"https:\/\/api.w.org\/{rel}","templated":true}]}}