{"id":104,"date":"2024-10-25T08:42:17","date_gmt":"2024-10-25T08:42:17","guid":{"rendered":"https:\/\/iut.fluxeos.com\/larmoiredemamie\/?page_id=104"},"modified":"2024-12-03T08:39:17","modified_gmt":"2024-12-03T08:39:17","slug":"notre-histoire","status":"publish","type":"page","link":"https:\/\/iut.fluxeos.com\/larmoiredemamie\/notre-histoire\/","title":{"rendered":"Notre histoire"},"content":{"rendered":"\n<div class=\"wp-block-stackable-image stk-block-image stk-block stk-aff69a0\" data-block-id=\"aff69a0\"><style>.stk-aff69a0 .stk-img-wrapper{width:100% !important;height:478px !important;}<\/style><figure><span class=\"stk-img-wrapper stk-image--shape-stretch\"><img loading=\"lazy\" decoding=\"async\" class=\"stk-img wp-image-652\" src=\"https:\/\/iut.fluxeos.com\/larmoiredemamie\/wp-content\/uploads\/sites\/9\/2024\/12\/IMG_4448-scaled.jpg\" width=\"1440\" height=\"2560\" srcset=\"https:\/\/iut.fluxeos.com\/larmoiredemamie\/wp-content\/uploads\/sites\/9\/2024\/12\/IMG_4448-scaled.jpg 1440w, https:\/\/iut.fluxeos.com\/larmoiredemamie\/wp-content\/uploads\/sites\/9\/2024\/12\/IMG_4448-169x300.jpg 169w, https:\/\/iut.fluxeos.com\/larmoiredemamie\/wp-content\/uploads\/sites\/9\/2024\/12\/IMG_4448-576x1024.jpg 576w, https:\/\/iut.fluxeos.com\/larmoiredemamie\/wp-content\/uploads\/sites\/9\/2024\/12\/IMG_4448-768x1365.jpg 768w, https:\/\/iut.fluxeos.com\/larmoiredemamie\/wp-content\/uploads\/sites\/9\/2024\/12\/IMG_4448-864x1536.jpg 864w, https:\/\/iut.fluxeos.com\/larmoiredemamie\/wp-content\/uploads\/sites\/9\/2024\/12\/IMG_4448-1152x2048.jpg 1152w, https:\/\/iut.fluxeos.com\/larmoiredemamie\/wp-content\/uploads\/sites\/9\/2024\/12\/IMG_4448-600x1067.jpg 600w\" sizes=\"auto, (max-width: 1440px) 100vw, 1440px\" \/><\/span><\/figure><\/div>\n\n\n\n<div class=\"wp-block-stackable-columns stk-block-columns stk-block stk-e184fac\" data-block-id=\"e184fac\"><div class=\"stk-row stk-inner-blocks stk-block-content stk-content-align stk-e184fac-column\">\n<div class=\"wp-block-stackable-column stk-block-column stk-column stk-block stk-e0ce4c4\" data-v=\"4\" data-block-id=\"e0ce4c4\"><div class=\"stk-column-wrapper stk-block-column__content stk-container stk-e0ce4c4-container stk--no-background stk--no-padding\"><div class=\"stk-block-content stk-inner-blocks stk-e0ce4c4-inner-blocks\">\n<div class=\"wp-block-stackable-columns stk-block-columns stk-block stk-5f83bdc\" data-block-id=\"5f83bdc\"><div class=\"stk-row stk-inner-blocks stk-block-content stk-content-align stk-5f83bdc-column\">\n<div class=\"wp-block-stackable-column stk-block-column stk-column stk-block stk-df9a19f\" data-v=\"4\" data-block-id=\"df9a19f\"><div class=\"stk-column-wrapper stk-block-column__content stk-container stk-df9a19f-container stk--no-background stk--no-padding\"><div class=\"stk-block-content stk-inner-blocks stk-df9a19f-inner-blocks\">\n<div class=\"wp-block-stackable-heading stk-block-heading stk-block-heading--v2 stk-block stk-1be0158 stk-block-background\" id=\"strong-dans-larmoire-de-mamie-est-un-projet-porte-par-trois-jeunes-etudiantes-passionnees-de-mode-pauline-anais-et-lisa-notre-amour-pour-la-mode-ne-se-limite-pas-seulement-aux-tendances-actuelles-mais-setend-egalement-sur-le-marche-de-la-seconde-main-en-particulier-a-travers-des-plateformes-comme-vinted-notre-trio-dynamique-a-permis-de-creer-un-concept-unique-qui-repose-sur-la-recuperation-de-couettes-vintage-matelasses-pour-les-transformer-en-piece-de-mode-tendance-telles-que-des-vestes-et-des-accessoires-strong\" data-block-id=\"1be0158\"><style>.stk-1be0158 {background-color:var(--stk-global-color-54527, #e89b9b) !important;}.stk-1be0158:before{background-color:var(--stk-global-color-54527, #e89b9b) !important;}.stk-1be0158 .stk-block-heading__text{text-shadow:none !important;color:var(--stk-global-color-74915, #fffaf3) !important;font-family:\"Nunito\", Sans-serif !important;}<\/style><h3 class=\"stk-block-heading__text has-text-color has-text-align-center\"><strong>Dans l\u2019armoire de Mamie est un projet port\u00e9 par trois jeunes \u00e9tudiantes passionn\u00e9es de mode : Pauline, Ana\u00efs et Lisa. Notre amour pour la mode ne se limite pas seulement aux tendances actuelles, mais s\u2019\u00e9tend \u00e9galement sur le march\u00e9 de la seconde main, en particulier \u00e0 travers des plateformes comme Vinted. Notre trio dynamique \u00e0 permis de cr\u00e9er un concept unique qui repose sur la r\u00e9cup\u00e9ration de couettes vintage matelass\u00e9s pour les transformer en pi\u00e8ce de mode tendance, telles que des vestes et des accessoires.\u00a0<\/strong><\/h3><\/div>\n<\/div><\/div><\/div>\n<\/div><\/div>\n<\/div><\/div><\/div>\n<\/div><\/div>\n\n\n\n<div class=\"wp-block-stackable-heading stk-block-heading stk-block-heading--v2 stk-block stk-4f69cae\" id=\"nos-portraits\" data-block-id=\"4f69cae\"><style>.stk-4f69cae .stk-block-heading__text{font-size:30px !important;color:var(--stk-global-color-54527, #e89b9b) !important;}@media screen and (max-width: 1023px){.stk-4f69cae .stk-block-heading__text{font-size:30px !important;}}<\/style><h2 class=\"stk-block-heading__text has-text-color has-text-align-center\">Nos portraits <\/h2><\/div>\n\n\n\n<div class=\"wp-block-stackable-columns stk-block-columns stk-block stk-4569642\" data-block-id=\"4569642\"><div class=\"stk-row stk-inner-blocks stk-block-content stk-content-align stk-4569642-column\">\n<div class=\"wp-block-stackable-column stk-block-column stk-column stk-block stk-42d1279\" data-v=\"4\" data-block-id=\"42d1279\"><div class=\"stk-column-wrapper stk-block-column__content stk-container stk-42d1279-container stk--no-background stk--no-padding\"><div class=\"stk-block-content stk-inner-blocks stk-42d1279-inner-blocks\">\n<div class=\"wp-block-stackable-image-box stk-block-image-box stk-hover-parent stk-block stk-e131e8f is-style-default\" data-block-id=\"e131e8f\"><div class=\"stk-block-content stk-inner-blocks has-text-align-center stk-row stk-block-image-box__content\">\n<div class=\"wp-block-stackable-image stk-block-image stk-block stk-b09072a\" data-block-id=\"b09072a\"><style>.stk-b09072a .stk-img-wrapper{width:100% !important;height:510px !important;}:where(.stk-hover-parent:hover,  .stk-hover-parent.stk--is-hovered) .stk-b09072a .stk-img-wrapper::after{background-color:#000000B3 !important;}<\/style><figure><span class=\"stk-img-wrapper stk-image--shape-stretch\"><img loading=\"lazy\" decoding=\"async\" class=\"stk-img wp-image-526\" src=\"https:\/\/iut.fluxeos.com\/larmoiredemamie\/wp-content\/uploads\/sites\/9\/2024\/11\/IMG_7524-Moyenne.png\" width=\"480\" height=\"640\" srcset=\"https:\/\/iut.fluxeos.com\/larmoiredemamie\/wp-content\/uploads\/sites\/9\/2024\/11\/IMG_7524-Moyenne.png 480w, https:\/\/iut.fluxeos.com\/larmoiredemamie\/wp-content\/uploads\/sites\/9\/2024\/11\/IMG_7524-Moyenne-225x300.png 225w\" sizes=\"auto, (max-width: 480px) 100vw, 480px\" \/><\/span><figcaption class=\"stk-img-figcaption\"><\/figcaption><\/figure><\/div>\n\n\n\n<div class=\"wp-block-stackable-column stk-block-column stk-column stk-block stk-c957423\" data-v=\"4\" data-block-id=\"c957423\"><style>.stk-c957423 {align-items:center !important;display:flex !important;}<\/style><div class=\"stk-column-wrapper stk-block-column__content stk-container stk-c957423-container stk--no-background stk--no-padding\"><div class=\"stk-block-content stk-inner-blocks stk-c957423-inner-blocks\">\n<div class=\"wp-block-stackable-subtitle stk-block-subtitle stk-block stk-c5748ba\" data-block-id=\"c5748ba\"><style>.stk-c5748ba {margin-bottom:8px !important;opacity:0 !important;}:where(.stk-hover-parent:hover,  .stk-hover-parent.stk--is-hovered) .stk-c5748ba{opacity:1 !important;}.stk-c5748ba .stk-block-subtitle__text{color:#FFFFFF !important;}<\/style><p class=\"stk-block-subtitle__text stk-subtitle has-text-color has-white-color\">Subtitle for This BlockTitle for This BlockText for This Block<\/p><\/div>\n<\/div><\/div><\/div>\n<\/div><\/div>\n\n\n\n<div class=\"wp-block-stackable-text stk-block-text stk-block stk-c059581\" data-block-id=\"c059581\"><style>.stk-c059581 .stk-block-text__text{font-size:21px !important;color:var(--stk-global-color-54527, #e89b9b) !important;}@media screen and (max-width: 1023px){.stk-c059581 .stk-block-text__text{font-size:21px !important;}}<\/style><p class=\"stk-block-text__text has-text-color has-text-align-center\">ANA\u00cfS <\/p><\/div>\n<\/div><\/div><\/div>\n\n\n\n<div class=\"wp-block-stackable-column stk-block-column stk-column stk-block stk-3e0d7ad\" data-v=\"4\" data-block-id=\"3e0d7ad\"><div class=\"stk-column-wrapper stk-block-column__content stk-container stk-3e0d7ad-container stk--no-background stk--no-padding\"><div class=\"stk-block-content stk-inner-blocks stk-3e0d7ad-inner-blocks\">\n<div class=\"wp-block-stackable-image-box stk-block-image-box stk-hover-parent stk-block stk-b10b786 is-style-default\" data-block-id=\"b10b786\"><div class=\"stk-block-content stk-inner-blocks has-text-align-center stk-row stk-block-image-box__content\">\n<div class=\"wp-block-stackable-image stk-block-image stk-block stk-1b8c1c7\" data-block-id=\"1b8c1c7\"><style>.stk-1b8c1c7 .stk-img-wrapper{width:100% !important;height:510px !important;}:where(.stk-hover-parent:hover,  .stk-hover-parent.stk--is-hovered) .stk-1b8c1c7 .stk-img-wrapper::after{background-color:#000000B3 !important;}<\/style><figure><span class=\"stk-img-wrapper stk-image--shape-stretch\"><img loading=\"lazy\" decoding=\"async\" class=\"stk-img wp-image-538\" src=\"https:\/\/iut.fluxeos.com\/larmoiredemamie\/wp-content\/uploads\/sites\/9\/2024\/11\/IMG_8352-2.jpg\" width=\"397\" height=\"776\" srcset=\"https:\/\/iut.fluxeos.com\/larmoiredemamie\/wp-content\/uploads\/sites\/9\/2024\/11\/IMG_8352-2.jpg 397w, https:\/\/iut.fluxeos.com\/larmoiredemamie\/wp-content\/uploads\/sites\/9\/2024\/11\/IMG_8352-2-153x300.jpg 153w\" sizes=\"auto, (max-width: 397px) 100vw, 397px\" \/><\/span><\/figure><\/div>\n\n\n\n<div class=\"wp-block-stackable-column stk-block-column stk-column stk-block stk-148ccd1\" data-v=\"4\" data-block-id=\"148ccd1\"><style>.stk-148ccd1 {align-items:center !important;display:flex !important;}<\/style><div class=\"stk-column-wrapper stk-block-column__content stk-container stk-148ccd1-container stk--no-background stk--no-padding\"><div class=\"stk-block-content stk-inner-blocks stk-148ccd1-inner-blocks\"><\/div><\/div><\/div>\n<\/div><\/div>\n\n\n\n<div class=\"wp-block-stackable-text stk-block-text stk-block stk-bf15f11\" data-block-id=\"bf15f11\"><style>.stk-bf15f11 .stk-block-text__text{font-size:21px !important;color:var(--stk-global-color-54527, #e89b9b) !important;}@media screen and (max-width: 1023px){.stk-bf15f11 .stk-block-text__text{font-size:21px !important;}}<\/style><p class=\"stk-block-text__text has-text-color has-text-align-center\">LISA<\/p><\/div>\n<\/div><\/div><\/div>\n\n\n\n<div class=\"wp-block-stackable-column stk-block-column stk-column stk-block stk-a526ef4\" data-v=\"4\" data-block-id=\"a526ef4\"><div class=\"stk-column-wrapper stk-block-column__content stk-container stk-a526ef4-container stk--no-background stk--no-padding\"><div class=\"stk-block-content stk-inner-blocks stk-a526ef4-inner-blocks\">\n<div class=\"wp-block-stackable-image-box stk-block-image-box stk-hover-parent stk-block stk-909afb4 is-style-default\" data-block-id=\"909afb4\"><div class=\"stk-block-content stk-inner-blocks has-text-align-center stk-row stk-block-image-box__content\">\n<div class=\"wp-block-stackable-image stk-block-image stk-block stk-7a10d7d\" data-block-id=\"7a10d7d\"><style>.stk-7a10d7d .stk-img-wrapper{width:100% !important;height:510px !important;}:where(.stk-hover-parent:hover,  .stk-hover-parent.stk--is-hovered) .stk-7a10d7d .stk-img-wrapper::after{background-color:#000000B3 !important;}<\/style><figure><span class=\"stk-img-wrapper stk-image--shape-stretch stk--has-lightbox\"><img loading=\"lazy\" decoding=\"async\" class=\"stk-img wp-image-524\" src=\"https:\/\/iut.fluxeos.com\/larmoiredemamie\/wp-content\/uploads\/sites\/9\/2024\/11\/IMG_7479-Moyenne.png\" width=\"480\" height=\"640\" srcset=\"https:\/\/iut.fluxeos.com\/larmoiredemamie\/wp-content\/uploads\/sites\/9\/2024\/11\/IMG_7479-Moyenne.png 480w, https:\/\/iut.fluxeos.com\/larmoiredemamie\/wp-content\/uploads\/sites\/9\/2024\/11\/IMG_7479-Moyenne-225x300.png 225w\" sizes=\"auto, (max-width: 480px) 100vw, 480px\" \/><\/span><\/figure><\/div>\n\n\n\n<div class=\"wp-block-stackable-column stk-block-column stk-column stk-block stk-5a692c7\" data-v=\"4\" data-block-id=\"5a692c7\"><style>.stk-5a692c7 {align-items:center !important;display:flex !important;}<\/style><div class=\"stk-column-wrapper stk-block-column__content stk-container stk-5a692c7-container stk--no-background stk--no-padding\"><div class=\"stk-block-content stk-inner-blocks stk-5a692c7-inner-blocks\"><\/div><\/div><\/div>\n<\/div><\/div>\n\n\n\n<div class=\"wp-block-stackable-text stk-block-text stk-block stk-a46f3ce\" data-block-id=\"a46f3ce\"><style>.stk-a46f3ce .stk-block-text__text{font-size:21px !important;color:var(--stk-global-color-54527, #e89b9b) !important;}@media screen and (max-width: 1023px){.stk-a46f3ce .stk-block-text__text{font-size:21px !important;}}<\/style><p class=\"stk-block-text__text has-text-color has-text-align-center\">PAULINE\n<\/p><\/div>\n<\/div><\/div><\/div>\n<\/div><\/div>\n\n\n\n<div class=\"wp-block-stackable-text stk-block-text stk-block stk-80ca7c0\" data-block-id=\"80ca7c0\"><style>.stk-80ca7c0 .stk-block-text__text{font-size:20px !important;font-family:\"Nunito\", Sans-serif !important;}@media screen and (max-width: 1023px){.stk-80ca7c0 .stk-block-text__text{font-size:20px !important;}}<\/style><p class=\"stk-block-text__text has-text-align-center\">\u201cDans l\u2019armoire de mamie\u00a0\u00bb, nous concevons et fabriquons \u00e0 la main des trousses, pochettes et sacs de voyage dans notre atelier local situ\u00e9 \u00e0 Pornichet. Chaque pi\u00e8ce est r\u00e9alis\u00e9e avec soin, juste \u00e0 c\u00f4t\u00e9 de nos cours, en nous assurant de choisir des mat\u00e9riaux de qualit\u00e9 et de cr\u00e9er des produits uniques et durables. Nous sommes fiers d&rsquo;allier savoir-faire traditionnel et cr\u00e9ativit\u00e9, pour offrir \u00e0 nos clients des accessoires \u00e0 la fois pratiques et esth\u00e9tiques.\n<\/p><\/div>\n\n\n\n<div class=\"wp-block-stackable-spacer stk-block-spacer stk--no-padding stk-block stk-888296e\" data-block-id=\"888296e\"><\/div>\n\n\n\n<div class=\"wp-block-stackable-columns stk-block-columns stk-block stk-bc64747\" data-block-id=\"bc64747\"><div class=\"stk-row stk-inner-blocks stk-block-content stk-content-align stk-bc64747-column\">\n<div class=\"wp-block-stackable-column stk-block-column stk-column stk-block stk-327803b\" data-v=\"4\" data-block-id=\"327803b\"><div class=\"stk-column-wrapper stk-block-column__content stk-container stk-327803b-container stk--no-background stk--no-padding\"><div class=\"stk-block-content stk-inner-blocks stk-327803b-inner-blocks\">\n<div class=\"wp-block-stackable-image-box stk-block-image-box stk-hover-parent stk-block stk-fac0fbc is-style-plain\" data-block-id=\"fac0fbc\"><div class=\"stk-block-content stk-inner-blocks has-text-align-left stk-row stk-block-image-box__content\">\n<div class=\"wp-block-stackable-image stk-block-image stk-block stk-ca9ead6 stk-block-background\" data-block-id=\"ca9ead6\"><style>.stk-ca9ead6 {background-color:var(--stk-global-color-74915, #fffaf3) !important;}.stk-ca9ead6:before{background-color:var(--stk-global-color-74915, #fffaf3) !important;}.stk-ca9ead6 .stk-img-wrapper{height:350px !important;}:where(.stk-hover-parent:hover,  .stk-hover-parent.stk--is-hovered) .stk-ca9ead6 .stk-img-wrapper::after{background-color:#000000B3 !important;}<\/style><figure><span class=\"stk-img-wrapper stk-image--shape-stretch\"><img loading=\"lazy\" decoding=\"async\" class=\"stk-img wp-image-439\" src=\"https:\/\/iut.fluxeos.com\/larmoiredemamie\/wp-content\/uploads\/sites\/9\/2024\/11\/fcc1e737f577483a76850ed1be2081a6.jpg\" width=\"560\" height=\"560\" srcset=\"https:\/\/iut.fluxeos.com\/larmoiredemamie\/wp-content\/uploads\/sites\/9\/2024\/11\/fcc1e737f577483a76850ed1be2081a6.jpg 560w, https:\/\/iut.fluxeos.com\/larmoiredemamie\/wp-content\/uploads\/sites\/9\/2024\/11\/fcc1e737f577483a76850ed1be2081a6-300x300.jpg 300w, https:\/\/iut.fluxeos.com\/larmoiredemamie\/wp-content\/uploads\/sites\/9\/2024\/11\/fcc1e737f577483a76850ed1be2081a6-150x150.jpg 150w, https:\/\/iut.fluxeos.com\/larmoiredemamie\/wp-content\/uploads\/sites\/9\/2024\/11\/fcc1e737f577483a76850ed1be2081a6-100x100.jpg 100w\" sizes=\"auto, (max-width: 560px) 100vw, 560px\" \/><\/span><\/figure><\/div>\n\n\n\n<div class=\"wp-block-stackable-column stk-block-column stk-column stk-block stk-3e48d2d\" data-v=\"4\" data-block-id=\"3e48d2d\"><style>.stk-3e48d2d-inner-blocks{justify-content:flex-end !important;}.stk-3e48d2d-container{padding-top:32px !important;padding-right:32px !important;padding-bottom:32px !important;padding-left:32px !important;display:flex !important;}<\/style><div class=\"stk-column-wrapper stk-block-column__content stk-container stk-3e48d2d-container stk--no-background stk--no-padding\"><div class=\"stk-block-content stk-inner-blocks stk-3e48d2d-inner-blocks\">\n<div class=\"wp-block-stackable-subtitle stk-block-subtitle stk-block stk-4dc7676\" data-block-id=\"4dc7676\"><style>.stk-4dc7676 {margin-bottom:8px !important;transform:translateY(32px) !important;}:where(.stk-hover-parent:hover,  .stk-hover-parent.stk--is-hovered) .stk-4dc7676{transform:translateY(0px) !important;}.stk-4dc7676 .stk-block-subtitle__text{color:#FFFFFF !important;}<\/style><p class=\"stk-block-subtitle__text stk-subtitle has-text-color has-white-color\">Subtitle for This BlocText for This Block<\/p><\/div>\n<\/div><\/div><\/div>\n<\/div><\/div>\n<\/div><\/div><\/div>\n\n\n\n<div class=\"wp-block-stackable-column stk-block-column stk-column stk-block stk-4bbfcfc\" data-v=\"4\" data-block-id=\"4bbfcfc\"><div class=\"stk-column-wrapper stk-block-column__content stk-container stk-4bbfcfc-container stk--no-background stk--no-padding\"><div class=\"stk-block-content stk-inner-blocks stk-4bbfcfc-inner-blocks\">\n<div class=\"wp-block-stackable-image-box stk-block-image-box stk-hover-parent stk-block stk-ee4811c is-style-plain\" data-block-id=\"ee4811c\"><div class=\"stk-block-content stk-inner-blocks has-text-align-left stk-row stk-block-image-box__content\">\n<div class=\"wp-block-stackable-image stk-block-image stk-block stk-904d78a stk-block-background\" data-block-id=\"904d78a\"><style>.stk-904d78a {background-color:var(--stk-global-color-74915, #fffaf3) !important;}.stk-904d78a:before{background-color:var(--stk-global-color-74915, #fffaf3) !important;}.stk-904d78a .stk-img-wrapper{height:350px !important;}:where(.stk-hover-parent:hover,  .stk-hover-parent.stk--is-hovered) .stk-904d78a .stk-img-wrapper::after{background-color:#000000B3 !important;}<\/style><figure><span class=\"stk-img-wrapper stk-image--shape-stretch\"><img loading=\"lazy\" decoding=\"async\" class=\"stk-img wp-image-492\" src=\"https:\/\/iut.fluxeos.com\/larmoiredemamie\/wp-content\/uploads\/sites\/9\/2024\/10\/LOGO_SITE___1_-removebg-preview.png\" width=\"500\" height=\"500\" srcset=\"https:\/\/iut.fluxeos.com\/larmoiredemamie\/wp-content\/uploads\/sites\/9\/2024\/10\/LOGO_SITE___1_-removebg-preview.png 500w, https:\/\/iut.fluxeos.com\/larmoiredemamie\/wp-content\/uploads\/sites\/9\/2024\/10\/LOGO_SITE___1_-removebg-preview-300x300.png 300w, https:\/\/iut.fluxeos.com\/larmoiredemamie\/wp-content\/uploads\/sites\/9\/2024\/10\/LOGO_SITE___1_-removebg-preview-150x150.png 150w, https:\/\/iut.fluxeos.com\/larmoiredemamie\/wp-content\/uploads\/sites\/9\/2024\/10\/LOGO_SITE___1_-removebg-preview-100x100.png 100w\" sizes=\"auto, (max-width: 500px) 100vw, 500px\" \/><\/span><\/figure><\/div>\n\n\n\n<div class=\"wp-block-stackable-column stk-block-column stk-column stk-block stk-7b119f2\" data-v=\"4\" data-block-id=\"7b119f2\"><style>.stk-7b119f2-inner-blocks{justify-content:flex-end !important;}.stk-7b119f2-container{padding-top:32px !important;padding-right:32px !important;padding-bottom:32px !important;padding-left:32px !important;display:flex !important;}<\/style><div class=\"stk-column-wrapper stk-block-column__content stk-container stk-7b119f2-container stk--no-background stk--no-padding\"><div class=\"stk-block-content stk-inner-blocks stk-7b119f2-inner-blocks\"><\/div><\/div><\/div>\n<\/div><\/div>\n<\/div><\/div><\/div>\n\n\n\n<div class=\"wp-block-stackable-column stk-block-column stk-column stk-block stk-07cdb32\" data-v=\"4\" data-block-id=\"07cdb32\"><div class=\"stk-column-wrapper stk-block-column__content stk-container stk-07cdb32-container stk--no-background stk--no-padding\"><div class=\"stk-block-content stk-inner-blocks stk-07cdb32-inner-blocks\">\n<div class=\"wp-block-stackable-image-box stk-block-image-box stk-hover-parent stk-block stk-e48875e stk-block-background is-style-plain\" data-block-id=\"e48875e\"><style>.stk-e48875e {background-color:var(--stk-global-color-74915, #fffaf3) !important;}.stk-e48875e:before{background-color:var(--stk-global-color-74915, #fffaf3) !important;}<\/style><div class=\"stk-block-content stk-inner-blocks has-text-align-left stk-row stk-block-image-box__content\">\n<div class=\"wp-block-stackable-image stk-block-image stk-block stk-a861b67\" data-block-id=\"a861b67\"><style>.stk-a861b67 .stk-img-wrapper{height:350px !important;}:where(.stk-hover-parent:hover,  .stk-hover-parent.stk--is-hovered) .stk-a861b67 .stk-img-wrapper::after{background-color:#000000B3 !important;}<\/style><figure><span class=\"stk-img-wrapper stk-image--shape-stretch\"><img loading=\"lazy\" decoding=\"async\" class=\"stk-img wp-image-435\" src=\"https:\/\/iut.fluxeos.com\/larmoiredemamie\/wp-content\/uploads\/sites\/9\/2024\/11\/406e74ae84cab1550cc8988e348badc2.jpg\" width=\"474\" height=\"632\" srcset=\"https:\/\/iut.fluxeos.com\/larmoiredemamie\/wp-content\/uploads\/sites\/9\/2024\/11\/406e74ae84cab1550cc8988e348badc2.jpg 474w, https:\/\/iut.fluxeos.com\/larmoiredemamie\/wp-content\/uploads\/sites\/9\/2024\/11\/406e74ae84cab1550cc8988e348badc2-225x300.jpg 225w\" sizes=\"auto, (max-width: 474px) 100vw, 474px\" \/><\/span><\/figure><\/div>\n\n\n\n<div class=\"wp-block-stackable-column stk-block-column stk-column stk-block stk-d985229\" data-v=\"4\" data-block-id=\"d985229\"><style>.stk-d985229-inner-blocks{justify-content:flex-end !important;}.stk-d985229-container{padding-top:32px !important;padding-right:32px !important;padding-bottom:32px !important;padding-left:32px !important;display:flex !important;}<\/style><div class=\"stk-column-wrapper stk-block-column__content stk-container stk-d985229-container stk--no-background stk--no-padding\"><div class=\"stk-block-content stk-inner-blocks stk-d985229-inner-blocks\"><\/div><\/div><\/div>\n<\/div><\/div>\n<\/div><\/div><\/div>\n<\/div><\/div>\n\n\n\n<div class=\"wp-block-stackable-spacer stk-block-spacer stk--no-padding stk-block stk-36613bd\" data-block-id=\"36613bd\"><\/div>\n\n\n\n<div class=\"wp-block-stackable-text stk-block-text stk-block stk-514ee35\" data-block-id=\"514ee35\"><style>.stk-514ee35 .stk-block-text__text{font-size:20px !important;font-family:\"Nunito\", Sans-serif !important;}@media screen and (max-width: 1023px){.stk-514ee35 .stk-block-text__text{font-size:20px !important;}}<\/style><p class=\"stk-block-text__text has-text-align-center\">Il \u00e9tait tr\u00e8s important pour nous de proposer un service de r\u00e9cup\u00e9ration afin de personnaliser nos produits, car nous sommes profond\u00e9ment sensibles \u00e0 notre impact environnemental. En int\u00e9grant des mat\u00e9riaux r\u00e9cup\u00e9r\u00e9s dans la cr\u00e9ation de nos trousses, pochettes et sacs de voyage, nous cherchons \u00e0 r\u00e9duire le gaspillage tout en offrant \u00e0 nos clients la possibilit\u00e9 de poss\u00e9der des articles v\u00e9ritablement uniques. Chaque pi\u00e8ce raconte ainsi une histoire diff\u00e9rente, refl\u00e9tant \u00e0 la fois notre engagement \u00e9cologique et notre d\u00e9sir de proposer des accessoires originaux et durables.<\/p><\/div>\n\n\n\n<div class=\"wp-block-stackable-text stk-block-text stk-block stk-c220db9\" data-block-id=\"c220db9\"><p class=\"stk-block-text__text\"><\/p><\/div>\n","protected":false},"excerpt":{"rendered":"<p>Dans l\u2019armoire de Mamie est un projet port\u00e9 par trois jeunes \u00e9tudiantes passionn\u00e9es de mode : Pauline, Ana\u00efs et Lisa. Notre amour pour la mode ne se limite pas seulement aux tendances actuelles, mais s\u2019\u00e9tend \u00e9galement sur le march\u00e9 de la seconde main, en particulier \u00e0 travers des plateformes comme Vinted. Notre trio dynamique \u00e0 [&hellip;]<\/p>\n","protected":false},"author":11,"featured_media":0,"parent":0,"menu_order":0,"comment_status":"closed","ping_status":"closed","template":"","meta":{"footnotes":""},"class_list":["post-104","page","type-page","status-publish","hentry"],"_links":{"self":[{"href":"https:\/\/iut.fluxeos.com\/larmoiredemamie\/wp-json\/wp\/v2\/pages\/104","targetHints":{"allow":["GET"]}}],"collection":[{"href":"https:\/\/iut.fluxeos.com\/larmoiredemamie\/wp-json\/wp\/v2\/pages"}],"about":[{"href":"https:\/\/iut.fluxeos.com\/larmoiredemamie\/wp-json\/wp\/v2\/types\/page"}],"author":[{"embeddable":true,"href":"https:\/\/iut.fluxeos.com\/larmoiredemamie\/wp-json\/wp\/v2\/users\/11"}],"replies":[{"embeddable":true,"href":"https:\/\/iut.fluxeos.com\/larmoiredemamie\/wp-json\/wp\/v2\/comments?post=104"}],"version-history":[{"count":42,"href":"https:\/\/iut.fluxeos.com\/larmoiredemamie\/wp-json\/wp\/v2\/pages\/104\/revisions"}],"predecessor-version":[{"id":677,"href":"https:\/\/iut.fluxeos.com\/larmoiredemamie\/wp-json\/wp\/v2\/pages\/104\/revisions\/677"}],"wp:attachment":[{"href":"https:\/\/iut.fluxeos.com\/larmoiredemamie\/wp-json\/wp\/v2\/media?parent=104"}],"curies":[{"name":"wp","href":"https:\/\/api.w.org\/{rel}","templated":true}]}}