{"id":538,"date":"2024-11-29T11:52:39","date_gmt":"2024-11-29T11:52:39","guid":{"rendered":"https:\/\/iut.fluxeos.com\/lacabanedeplage\/?post_type=product&#038;p=538"},"modified":"2024-11-29T11:52:56","modified_gmt":"2024-11-29T11:52:56","slug":"carte-cadeau-3","status":"publish","type":"product","link":"https:\/\/iut.fluxeos.com\/lacabanedeplage\/produit\/carte-cadeau-3\/","title":{"rendered":"Carte cadeau"},"content":{"rendered":"<p>Offrez une exp\u00e9rience de shopping sur mesure avec cette carte cadeau en ligne. D&rsquo;un montant d\u00e9fini, elle est envoy\u00e9e directement dans la bo\u00eete mail du destinataire, id\u00e9ale pour un cadeau rapide et pratique. Avec un an pour l\u2019utiliser, elle permet de profiter pleinement de notre s\u00e9lection de produits.<\/p>\n<ul>\n<li><strong>Envoi<\/strong> : Envoy\u00e9e instantan\u00e9ment par email apr\u00e8s achat, pr\u00eate \u00e0 \u00eatre utilis\u00e9e<\/li>\n<li><strong>Caract\u00e9ristiques<\/strong> :\n<ul>\n<li>Utilisable sur notre site en ligne<\/li>\n<li>Valable pendant 1 an \u00e0 partir de la date d\u2019envoi<\/li>\n<li>Facile \u00e0 utiliser, sans frais suppl\u00e9mentaires<\/li>\n<\/ul>\n<\/li>\n<\/ul>\n<p>Cette carte cadeau num\u00e9rique est la solution id\u00e9ale pour un cadeau de derni\u00e8re minute ou pour offrir une totale libert\u00e9 au destinataire. Un geste pratique et tendance pour tous les moments de f\u00eate !<\/p>\n","protected":false},"excerpt":{"rendered":"<p>Carte cadeaux<\/p>\n","protected":false},"featured_media":176,"comment_status":"open","ping_status":"closed","template":"","meta":[],"product_brand":[],"product_cat":[30],"product_tag":[],"class_list":{"0":"post-538","1":"product","2":"type-product","3":"status-publish","4":"has-post-thumbnail","6":"product_cat-cartes-cadeaux","8":"first","9":"instock","10":"shipping-taxable","11":"purchasable","12":"product-type-simple"},"_links":{"self":[{"href":"https:\/\/iut.fluxeos.com\/lacabanedeplage\/wp-json\/wp\/v2\/product\/538","targetHints":{"allow":["GET"]}}],"collection":[{"href":"https:\/\/iut.fluxeos.com\/lacabanedeplage\/wp-json\/wp\/v2\/product"}],"about":[{"href":"https:\/\/iut.fluxeos.com\/lacabanedeplage\/wp-json\/wp\/v2\/types\/product"}],"replies":[{"embeddable":true,"href":"https:\/\/iut.fluxeos.com\/lacabanedeplage\/wp-json\/wp\/v2\/comments?post=538"}],"wp:featuredmedia":[{"embeddable":true,"href":"https:\/\/iut.fluxeos.com\/lacabanedeplage\/wp-json\/wp\/v2\/media\/176"}],"wp:attachment":[{"href":"https:\/\/iut.fluxeos.com\/lacabanedeplage\/wp-json\/wp\/v2\/media?parent=538"}],"wp:term":[{"taxonomy":"product_brand","embeddable":true,"href":"https:\/\/iut.fluxeos.com\/lacabanedeplage\/wp-json\/wp\/v2\/product_brand?post=538"},{"taxonomy":"product_cat","embeddable":true,"href":"https:\/\/iut.fluxeos.com\/lacabanedeplage\/wp-json\/wp\/v2\/product_cat?post=538"},{"taxonomy":"product_tag","embeddable":true,"href":"https:\/\/iut.fluxeos.com\/lacabanedeplage\/wp-json\/wp\/v2\/product_tag?post=538"}],"curies":[{"name":"wp","href":"https:\/\/api.w.org\/{rel}","templated":true}]}}