{"id":536,"date":"2024-11-29T11:49:40","date_gmt":"2024-11-29T11:49:40","guid":{"rendered":"https:\/\/iut.fluxeos.com\/lacabanedeplage\/?post_type=product&#038;p=536"},"modified":"2024-11-29T11:49:40","modified_gmt":"2024-11-29T11:49:40","slug":"miroir-bois","status":"publish","type":"product","link":"https:\/\/iut.fluxeos.com\/lacabanedeplage\/produit\/miroir-bois\/","title":{"rendered":"Miroir bois"},"content":{"rendered":"<p>Apportez une touche d&rsquo;authenticit\u00e9 et de s\u00e9r\u00e9nit\u00e9 \u00e0 votre int\u00e9rieur avec ce miroir en bois flott\u00e9. Chaque pi\u00e8ce est unique, fa\u00e7onn\u00e9e par la mer, offrant un design organique et chaleureux qui s&rsquo;int\u00e8gre parfaitement dans une d\u00e9coration bord de mer, boh\u00e8me ou nature.<\/p>\n<ul>\n<li><strong>Dimensions<\/strong> : 40 cm x 40 cm (autres tailles disponibles sur demande)<\/li>\n<li><strong>Caract\u00e9ristiques<\/strong> :\n<ul>\n<li>Cadre fait main, chaque morceau de bois est soigneusement s\u00e9lectionn\u00e9 et assembl\u00e9<\/li>\n<li>Style rustique et \u00e9pur\u00e9 pour un look authentique<\/li>\n<li>Facile \u00e0 accrocher avec un syst\u00e8me de fixation discret<\/li>\n<\/ul>\n<\/li>\n<\/ul>\n<p>Ce miroir en bois flott\u00e9 est bien plus qu\u2019un simple accessoire de d\u00e9coration ; il devient une v\u00e9ritable \u0153uvre d\u2019art qui apportera une atmosph\u00e8re calme et naturelle \u00e0 votre pi\u00e8ce. Un must-have pour les amoureux de la mer et de la nature !<\/p>\n","protected":false},"excerpt":{"rendered":"<p>Miroir 40cm en bois flott\u00e9<\/p>\n","protected":false},"featured_media":211,"comment_status":"open","ping_status":"closed","template":"","meta":[],"product_brand":[],"product_cat":[27,18],"product_tag":[],"class_list":{"0":"post-536","1":"product","2":"type-product","3":"status-publish","4":"has-post-thumbnail","6":"product_cat-bois-flotte","7":"product_cat-decoration","9":"first","10":"instock","11":"shipping-taxable","12":"purchasable","13":"product-type-simple"},"_links":{"self":[{"href":"https:\/\/iut.fluxeos.com\/lacabanedeplage\/wp-json\/wp\/v2\/product\/536","targetHints":{"allow":["GET"]}}],"collection":[{"href":"https:\/\/iut.fluxeos.com\/lacabanedeplage\/wp-json\/wp\/v2\/product"}],"about":[{"href":"https:\/\/iut.fluxeos.com\/lacabanedeplage\/wp-json\/wp\/v2\/types\/product"}],"replies":[{"embeddable":true,"href":"https:\/\/iut.fluxeos.com\/lacabanedeplage\/wp-json\/wp\/v2\/comments?post=536"}],"wp:featuredmedia":[{"embeddable":true,"href":"https:\/\/iut.fluxeos.com\/lacabanedeplage\/wp-json\/wp\/v2\/media\/211"}],"wp:attachment":[{"href":"https:\/\/iut.fluxeos.com\/lacabanedeplage\/wp-json\/wp\/v2\/media?parent=536"}],"wp:term":[{"taxonomy":"product_brand","embeddable":true,"href":"https:\/\/iut.fluxeos.com\/lacabanedeplage\/wp-json\/wp\/v2\/product_brand?post=536"},{"taxonomy":"product_cat","embeddable":true,"href":"https:\/\/iut.fluxeos.com\/lacabanedeplage\/wp-json\/wp\/v2\/product_cat?post=536"},{"taxonomy":"product_tag","embeddable":true,"href":"https:\/\/iut.fluxeos.com\/lacabanedeplage\/wp-json\/wp\/v2\/product_tag?post=536"}],"curies":[{"name":"wp","href":"https:\/\/api.w.org\/{rel}","templated":true}]}}