{"id":98,"date":"2024-11-13T14:01:22","date_gmt":"2024-11-13T14:01:22","guid":{"rendered":"https:\/\/iut.fluxeos.com\/lacabanedeplage\/?page_id=98"},"modified":"2024-12-03T08:24:03","modified_gmt":"2024-12-03T08:24:03","slug":"actualites-mode","status":"publish","type":"page","link":"https:\/\/iut.fluxeos.com\/lacabanedeplage\/actualites-mode\/","title":{"rendered":"Actualit\u00e9s mode"},"content":{"rendered":"\n<div class=\"wp-block-stackable-heading stk-block-heading stk-block-heading--v2 stk-block stk-d12e548\" id=\"nos-actualites-mode\" data-block-id=\"d12e548\"><h1 class=\"stk-block-heading__text has-text-align-center\">Nos actualit\u00e9s mode<\/h1><\/div>\n\n\n\n<div class=\"wp-block-stackable-text stk-block-text stk-block stk-895ee7d\" data-block-id=\"895ee7d\"><p class=\"stk-block-text__text has-text-align-center\">Chez <a href=\"https:\/\/iut.fluxeos.com\/lacabanedeplage\/\" data-type=\"page\" data-id=\"2\">La Cabane de Plage<\/a>, nous croyons que la mode et la d\u00e9coration ne sont pas de simples choix esth\u00e9tiques, mais de v\u00e9ritables moyens d\u2019exprimer votre personnalit\u00e9 et de transformer votre quotidien. \u00c0 travers ce blog, nous souhaitons vous offrir une source d\u2019inspiration pour explorer les tendances, affiner votre style et d\u00e9couvrir des astuces pratiques qui refl\u00e8tent l\u2019esprit de notre enseigne : un m\u00e9lange subtil de simplicit\u00e9, d\u2019\u00e9l\u00e9gance et d\u2019authenticit\u00e9.<\/p><\/div>\n\n\n\n<div class=\"wp-block-stackable-columns stk-block-columns stk-block stk-8edc36b\" data-block-id=\"8edc36b\"><div class=\"stk-row stk-inner-blocks stk-block-content stk-content-align stk-8edc36b-column\">\n<div class=\"wp-block-stackable-column stk-block-column stk-column stk-block stk-e29929c\" data-v=\"4\" data-block-id=\"e29929c\"><div class=\"stk-column-wrapper stk-block-column__content stk-container stk-e29929c-container stk--no-background stk--no-padding\"><div class=\"stk-block-content stk-inner-blocks stk-e29929c-inner-blocks\">\n<div class=\"wp-block-stackable-image stk-block-image stk-block stk-3c14438\" data-block-id=\"3c14438\"><figure><a class=\"stk-link\" href=\"https:\/\/iut.fluxeos.com\/lacabanedeplage\/blog\/tendances-hiver-2024\/\"><span class=\"stk-img-wrapper stk-image--shape-stretch\"><img loading=\"lazy\" decoding=\"async\" class=\"stk-img wp-image-127\" src=\"https:\/\/iut.fluxeos.com\/lacabanedeplage\/wp-content\/uploads\/sites\/13\/2024\/10\/manteaux-.png\" width=\"450\" height=\"450\" alt=\"Manteaux oversize beige\" srcset=\"https:\/\/iut.fluxeos.com\/lacabanedeplage\/wp-content\/uploads\/sites\/13\/2024\/10\/manteaux-.png 450w, https:\/\/iut.fluxeos.com\/lacabanedeplage\/wp-content\/uploads\/sites\/13\/2024\/10\/manteaux--300x300.png 300w, https:\/\/iut.fluxeos.com\/lacabanedeplage\/wp-content\/uploads\/sites\/13\/2024\/10\/manteaux--150x150.png 150w, https:\/\/iut.fluxeos.com\/lacabanedeplage\/wp-content\/uploads\/sites\/13\/2024\/10\/manteaux--100x100.png 100w\" sizes=\"auto, (max-width: 450px) 100vw, 450px\" \/><\/span><\/a><\/figure><\/div>\n\n\n\n<div class=\"wp-block-stackable-text stk-block-text stk-block stk-ee24e8c\" data-block-id=\"ee24e8c\"><p class=\"stk-block-text__text has-text-align-center\"><strong>Les 5 tendances incontournables du pr\u00eat-\u00e0-porter pour l&rsquo;hiver 2024<\/strong><\/p><\/div>\n\n\n\n<div class=\"wp-block-product-blocks-button-group wopb-block-dae2ea\"><div class=\"wopb-block-wrapper wopb-button-wrapper wopb-anim-none\">\n<div class=\"wp-block-product-blocks-button wopb-block-f29899 wopb-button-layout1\"><a class=\"wopb-button-link\" href=\"https:\/\/iut.fluxeos.com\/lacabanedeplage\/blog\/article-1\/\" target=\"_self\" rel=\"noopener\"><div class=\"wopb-button-text\">Voir plus<\/div><\/a><\/div>\n<\/div><\/div>\n<\/div><\/div><\/div>\n\n\n\n<div class=\"wp-block-stackable-column stk-block-column stk-column stk-block stk-33fb11f\" data-v=\"4\" data-block-id=\"33fb11f\"><div class=\"stk-column-wrapper stk-block-column__content stk-container stk-33fb11f-container stk--no-background stk--no-padding\"><div class=\"stk-block-content stk-inner-blocks stk-33fb11f-inner-blocks\">\n<div class=\"wp-block-stackable-image stk-block-image stk-block stk-f8f762c\" data-block-id=\"f8f762c\"><figure><a class=\"stk-link\" href=\"https:\/\/iut.fluxeos.com\/lacabanedeplage\/blog\/style-bord-de-mer\/\"><span class=\"stk-img-wrapper stk-image--shape-stretch\"><img loading=\"lazy\" decoding=\"async\" class=\"stk-img wp-image-546\" src=\"https:\/\/iut.fluxeos.com\/lacabanedeplage\/wp-content\/uploads\/sites\/13\/2024\/12\/Vetements-lin-1-1.png\" width=\"500\" height=\"500\" alt=\"Manteaux oversize beige\" srcset=\"https:\/\/iut.fluxeos.com\/lacabanedeplage\/wp-content\/uploads\/sites\/13\/2024\/12\/Vetements-lin-1-1.png 500w, https:\/\/iut.fluxeos.com\/lacabanedeplage\/wp-content\/uploads\/sites\/13\/2024\/12\/Vetements-lin-1-1-300x300.png 300w, https:\/\/iut.fluxeos.com\/lacabanedeplage\/wp-content\/uploads\/sites\/13\/2024\/12\/Vetements-lin-1-1-150x150.png 150w, https:\/\/iut.fluxeos.com\/lacabanedeplage\/wp-content\/uploads\/sites\/13\/2024\/12\/Vetements-lin-1-1-100x100.png 100w\" sizes=\"auto, (max-width: 500px) 100vw, 500px\" \/><\/span><\/a><\/figure><\/div>\n\n\n\n<div class=\"wp-block-stackable-text stk-block-text stk-block stk-16c844a\" data-block-id=\"16c844a\"><p class=\"stk-block-text__text has-text-align-center\"><strong>Comment adopter un style bord de mer au quotidien, en restant chic ?<\/strong><\/p><\/div>\n\n\n\n<div class=\"wp-block-product-blocks-button-group wopb-block-1a4cd7\"><div class=\"wopb-block-wrapper wopb-button-wrapper wopb-anim-none\">\n<div class=\"wp-block-product-blocks-button wopb-block-c3f17d wopb-button-layout1\"><a class=\"wopb-button-link\" href=\"https:\/\/iut.fluxeos.com\/lacabanedeplage\/blog\/article-2\/\" target=\"_self\" rel=\"noopener\"><div class=\"wopb-button-text\">Voir plus<\/div><\/a><\/div>\n<\/div><\/div>\n<\/div><\/div><\/div>\n\n\n\n<div class=\"wp-block-stackable-column stk-block-column stk-column stk-block stk-4d4cc44\" data-v=\"4\" data-block-id=\"4d4cc44\"><div class=\"stk-column-wrapper stk-block-column__content stk-container stk-4d4cc44-container stk--no-background stk--no-padding\"><div class=\"stk-block-content stk-inner-blocks stk-4d4cc44-inner-blocks\">\n<div class=\"wp-block-stackable-image stk-block-image stk-block stk-5cb2726\" data-block-id=\"5cb2726\"><figure><a class=\"stk-link\" href=\"https:\/\/iut.fluxeos.com\/lacabanedeplage\/blog\/tendances-couleurs-hiver\/\"><span class=\"stk-img-wrapper stk-image--shape-stretch\"><img loading=\"lazy\" decoding=\"async\" class=\"stk-img wp-image-544\" src=\"https:\/\/iut.fluxeos.com\/lacabanedeplage\/wp-content\/uploads\/sites\/13\/2024\/12\/femme-habille-1-1-1.png\" width=\"500\" height=\"500\" alt=\"Manteaux oversize beige\" srcset=\"https:\/\/iut.fluxeos.com\/lacabanedeplage\/wp-content\/uploads\/sites\/13\/2024\/12\/femme-habille-1-1-1.png 500w, https:\/\/iut.fluxeos.com\/lacabanedeplage\/wp-content\/uploads\/sites\/13\/2024\/12\/femme-habille-1-1-1-300x300.png 300w, https:\/\/iut.fluxeos.com\/lacabanedeplage\/wp-content\/uploads\/sites\/13\/2024\/12\/femme-habille-1-1-1-150x150.png 150w, https:\/\/iut.fluxeos.com\/lacabanedeplage\/wp-content\/uploads\/sites\/13\/2024\/12\/femme-habille-1-1-1-100x100.png 100w\" sizes=\"auto, (max-width: 500px) 100vw, 500px\" \/><\/span><\/a><\/figure><\/div>\n\n\n\n<div class=\"wp-block-stackable-text stk-block-text stk-block stk-b081fff\" data-block-id=\"b081fff\"><p class=\"stk-block-text__text has-text-align-center\"><strong>Tendances d\u00e9co et mode : les couleurs qui feront fureur cet hiver<\/strong><\/p><\/div>\n\n\n\n<div class=\"wp-block-product-blocks-button-group wopb-block-05722f\"><div class=\"wopb-block-wrapper wopb-button-wrapper wopb-anim-none\">\n<div class=\"wp-block-product-blocks-button wopb-block-7e6d08 wopb-button-layout1\"><a class=\"wopb-button-link\" href=\"https:\/\/iut.fluxeos.com\/lacabanedeplage\/blog\/tendances-deco-et-mode-les-couleurs-qui-feront-fureur-cet-hiver\/\" target=\"_self\" rel=\"noopener\"><div class=\"wopb-button-text\">Voir plus<\/div><\/a><\/div>\n<\/div><\/div>\n<\/div><\/div><\/div>\n<\/div><\/div>\n","protected":false},"excerpt":{"rendered":"<p>Nos actualit\u00e9s mode Chez La Cabane de Plage, nous croyons que la mode et la d\u00e9coration ne sont pas de simples choix esth\u00e9tiques, mais de v\u00e9ritables moyens d\u2019exprimer votre personnalit\u00e9 et de transformer votre quotidien. \u00c0 travers ce blog, nous souhaitons vous offrir une source d\u2019inspiration pour explorer les tendances, affiner votre style et d\u00e9couvrir [&hellip;]<\/p>\n","protected":false},"author":15,"featured_media":0,"parent":0,"menu_order":0,"comment_status":"closed","ping_status":"closed","template":"","meta":{"footnotes":""},"class_list":["post-98","page","type-page","status-publish","hentry"],"_links":{"self":[{"href":"https:\/\/iut.fluxeos.com\/lacabanedeplage\/wp-json\/wp\/v2\/pages\/98","targetHints":{"allow":["GET"]}}],"collection":[{"href":"https:\/\/iut.fluxeos.com\/lacabanedeplage\/wp-json\/wp\/v2\/pages"}],"about":[{"href":"https:\/\/iut.fluxeos.com\/lacabanedeplage\/wp-json\/wp\/v2\/types\/page"}],"author":[{"embeddable":true,"href":"https:\/\/iut.fluxeos.com\/lacabanedeplage\/wp-json\/wp\/v2\/users\/15"}],"replies":[{"embeddable":true,"href":"https:\/\/iut.fluxeos.com\/lacabanedeplage\/wp-json\/wp\/v2\/comments?post=98"}],"version-history":[{"count":16,"href":"https:\/\/iut.fluxeos.com\/lacabanedeplage\/wp-json\/wp\/v2\/pages\/98\/revisions"}],"predecessor-version":[{"id":548,"href":"https:\/\/iut.fluxeos.com\/lacabanedeplage\/wp-json\/wp\/v2\/pages\/98\/revisions\/548"}],"wp:attachment":[{"href":"https:\/\/iut.fluxeos.com\/lacabanedeplage\/wp-json\/wp\/v2\/media?parent=98"}],"curies":[{"name":"wp","href":"https:\/\/api.w.org\/{rel}","templated":true}]}}