{"id":279,"date":"2024-11-20T21:03:20","date_gmt":"2024-11-20T21:03:20","guid":{"rendered":"https:\/\/iut.fluxeos.com\/lacabanedeplage\/?page_id=279"},"modified":"2024-11-26T17:04:19","modified_gmt":"2024-11-26T17:04:19","slug":"conditions-generales-de-vente","status":"publish","type":"page","link":"https:\/\/iut.fluxeos.com\/lacabanedeplage\/conditions-generales-de-vente\/","title":{"rendered":"conditions g\u00e9n\u00e9rales de vente"},"content":{"rendered":"\n<div class=\"wp-block-stackable-heading stk-block-heading stk-block-heading--v2 stk-block stk-26660d0\" id=\"conditions-generales-de-vente\" data-block-id=\"26660d0\"><h1 class=\"stk-block-heading__text has-text-align-center\">Conditions g\u00e9n\u00e9rales de vente<\/h1><\/div>\n\n\n\n<div class=\"wp-block-stackable-text stk-block-text stk-block stk-9671748\" data-block-id=\"9671748\"><p class=\"stk-block-text__text has-text-align-center\">Derni\u00e8re mise \u00e0 jour le : 10 novembre 2024<\/p><\/div>\n\n\n\n<div class=\"wp-block-stackable-columns stk-block-columns stk-block stk-072cbc3\" data-block-id=\"072cbc3\"><div class=\"stk-row stk-inner-blocks stk-block-content stk-content-align stk-072cbc3-column\">\n<div class=\"wp-block-stackable-column stk-block-column stk-column stk-block stk-1570fc2\" data-v=\"4\" data-block-id=\"1570fc2\"><div class=\"stk-column-wrapper stk-block-column__content stk-container stk-1570fc2-container stk--no-background stk--no-padding\"><div class=\"stk-block-content stk-inner-blocks stk-1570fc2-inner-blocks\">\n<div class=\"wp-block-stackable-heading stk-block-heading stk-block-heading--v2 stk-block stk-ad04dd9\" id=\"article-1-preambule\" data-block-id=\"ad04dd9\"><h2 class=\"stk-block-heading__text has-text-align-center\">ARTICLE 1 &#8211; Pr\u00e9ambule<\/h2><\/div>\n\n\n\n<div class=\"wp-block-stackable-text stk-block-text stk-block stk-ffb896d\" data-block-id=\"ffb896d\"><p class=\"stk-block-text__text has-text-align-center\">Les pr\u00e9sentes Conditions G\u00e9n\u00e9rales de Vente (CGV) r\u00e9gissent l&rsquo;ensemble des relations commerciales entre <strong><a href=\"https:\/\/iut.fluxeos.com\/lacabanedeplage\/\" data-type=\"page\" data-id=\"2\">La Cabane de Plage<\/a><\/strong>, et toute personne effectuant un achat sur le site (WWW.lacabanedeplage.com). En passant commande, vous acceptez pleinement les pr\u00e9sentes CGV.<\/p><\/div>\n<\/div><\/div><\/div>\n<\/div><\/div>\n\n\n\n<div class=\"wp-block-stackable-columns stk-block-columns stk-block stk-e076763\" data-block-id=\"e076763\"><div class=\"stk-row stk-inner-blocks stk-block-content stk-content-align stk-e076763-column\">\n<div class=\"wp-block-stackable-column stk-block-column stk-column stk-block stk-cc6c818\" data-v=\"4\" data-block-id=\"cc6c818\"><div class=\"stk-column-wrapper stk-block-column__content stk-container stk-cc6c818-container stk--no-background stk--no-padding\"><div class=\"stk-block-content stk-inner-blocks stk-cc6c818-inner-blocks\">\n<div class=\"wp-block-stackable-heading stk-block-heading stk-block-heading--v2 stk-block stk-63efda5\" id=\"article-2-identification-du-vendeur\" data-block-id=\"63efda5\"><h2 class=\"stk-block-heading__text has-text-align-center\">ARTICLE 2 &#8211; Identification du vendeur<\/h2><\/div>\n\n\n\n<div class=\"wp-block-stackable-text stk-block-text stk-block stk-90d8312\" data-block-id=\"90d8312\"><style>.stk-90d8312 {margin-bottom:0px !important;}<\/style><p class=\"stk-block-text__text has-text-align-center\">Nom de l&rsquo;entreprise : La Cabane de Plage<\/p><\/div>\n\n\n\n<div class=\"wp-block-stackable-text stk-block-text stk-block stk-b1f3376\" data-block-id=\"b1f3376\"><style>.stk-b1f3376 {margin-bottom:0px !important;}<\/style><p class=\"stk-block-text__text has-text-align-center\">Adresse : 2-4 rue Winston Churchill, 22370, Pl\u00e9neuf-Val-Andr\u00e9<\/p><\/div>\n\n\n\n<div class=\"wp-block-stackable-text stk-block-text stk-block stk-78b52d0\" data-block-id=\"78b52d0\"><style>.stk-78b52d0 {margin-bottom:0px !important;}<\/style><p class=\"stk-block-text__text has-text-align-center\">Siret : <\/p><\/div>\n\n\n\n<div class=\"wp-block-stackable-text stk-block-text stk-block stk-8c14190\" data-block-id=\"8c14190\"><style>.stk-8c14190 {margin-bottom:0px !important;}<\/style><p class=\"stk-block-text__text has-text-align-center\">E-mail : <a href=\"mailto:contact@lacabanedeplage.com\">contact@lacabanedeplage.com<\/a><\/p><\/div>\n\n\n\n<div class=\"wp-block-stackable-text stk-block-text stk-block stk-6416034\" data-block-id=\"6416034\"><p class=\"stk-block-text__text has-text-align-center\">T\u00e9l\u00e9phone : <\/p><\/div>\n<\/div><\/div><\/div>\n<\/div><\/div>\n\n\n\n<div class=\"wp-block-stackable-columns stk-block-columns stk-block stk-1121b64\" data-block-id=\"1121b64\"><div class=\"stk-row stk-inner-blocks stk-block-content stk-content-align stk-1121b64-column\">\n<div class=\"wp-block-stackable-column stk-block-column stk-column stk-block stk-ab062e2\" data-v=\"4\" data-block-id=\"ab062e2\"><div class=\"stk-column-wrapper stk-block-column__content stk-container stk-ab062e2-container stk--no-background stk--no-padding\"><div class=\"stk-block-content stk-inner-blocks stk-ab062e2-inner-blocks\">\n<div class=\"wp-block-stackable-heading stk-block-heading stk-block-heading--v2 stk-block stk-c31af8f\" id=\"article-3-produits\" data-block-id=\"c31af8f\"><h2 class=\"stk-block-heading__text has-text-align-center\">ARTICLE 3 &#8211; Produits<\/h2><\/div>\n\n\n\n<div class=\"wp-block-stackable-text stk-block-text stk-block stk-f299f97\" data-block-id=\"f299f97\"><p class=\"stk-block-text__text has-text-align-center\">Les articles propos\u00e9s \u00e0 la vente sur notre site sont des v\u00eatements, des bijoux, des accessoires et des objets de d\u00e9coration. Chaque produit est accompagn\u00e9e d&rsquo;une description d\u00e9taill\u00e9e et des photographies repr\u00e9sentatives.<\/p><\/div>\n\n\n\n<div class=\"wp-block-stackable-text stk-block-text stk-block stk-8330f6f\" data-block-id=\"8330f6f\"><p class=\"stk-block-text__text has-text-align-center\">Les produits sont disponibles dans la limite des stocks. En cas d&rsquo;indisponibilit\u00e9 apr\u00e8s validation de la commande, nous vous en informerons rapidement et proc\u00e9derons soit \u00e0 un \u00e9change, soit \u00e0 un remboursement.<\/p><\/div>\n<\/div><\/div><\/div>\n<\/div><\/div>\n\n\n\n<div class=\"wp-block-stackable-columns stk-block-columns stk-block stk-4a0994d\" data-block-id=\"4a0994d\"><div class=\"stk-row stk-inner-blocks stk-block-content stk-content-align stk-4a0994d-column\">\n<div class=\"wp-block-stackable-column stk-block-column stk-column stk-block stk-6f302b6\" data-v=\"4\" data-block-id=\"6f302b6\"><div class=\"stk-column-wrapper stk-block-column__content stk-container stk-6f302b6-container stk--no-background stk--no-padding\"><div class=\"stk-block-content stk-inner-blocks stk-6f302b6-inner-blocks\">\n<div class=\"wp-block-stackable-heading stk-block-heading stk-block-heading--v2 stk-block stk-57e370a\" id=\"article-4-prix\" data-block-id=\"57e370a\"><h2 class=\"stk-block-heading__text has-text-align-center\">ARTICLE 4 &#8211; Prix<\/h2><\/div>\n\n\n\n<div class=\"wp-block-stackable-text stk-block-text stk-block stk-15aacd0\" data-block-id=\"15aacd0\"><p class=\"stk-block-text__text has-text-align-center\">Les prix affich\u00e9s sur le site sont exprim\u00e9s en euros (\u20ac) et incluent toutes taxes comprises (TTC). Les frais de livraisons sont pr\u00e9cis\u00e9s lors de la validation de la commande.<\/p><\/div>\n\n\n\n<div class=\"wp-block-stackable-text stk-block-text stk-block stk-e769ca8\" data-block-id=\"e769ca8\"><p class=\"stk-block-text__text has-text-align-center\">La Cabane de Plage se r\u00e9serve le droit de modifier ses prix \u00e0 tout moment, mais le prix appliqu\u00e9 sera celui en vigueur au moment de la commande.<\/p><\/div>\n<\/div><\/div><\/div>\n<\/div><\/div>\n\n\n\n<div class=\"wp-block-stackable-columns stk-block-columns stk-block stk-e0ca37a\" data-block-id=\"e0ca37a\"><div class=\"stk-row stk-inner-blocks stk-block-content stk-content-align stk-e0ca37a-column\">\n<div class=\"wp-block-stackable-column stk-block-column stk-column stk-block stk-d151bdf\" data-v=\"4\" data-block-id=\"d151bdf\"><div class=\"stk-column-wrapper stk-block-column__content stk-container stk-d151bdf-container stk--no-background stk--no-padding\"><div class=\"stk-block-content stk-inner-blocks stk-d151bdf-inner-blocks\">\n<div class=\"wp-block-stackable-heading stk-block-heading stk-block-heading--v2 stk-block stk-f42d19c\" id=\"article-5-commande\" data-block-id=\"f42d19c\"><h2 class=\"stk-block-heading__text has-text-align-center\">ARTICLE 5 &#8211; Commande<\/h2><\/div>\n\n\n\n<div class=\"wp-block-stackable-text stk-block-text stk-block stk-3b16533\" data-block-id=\"3b16533\"><p class=\"stk-block-text__text has-text-align-center\">Processus de commande : s\u00e9lectionnez vos articles et ajoutez-les au panier, validez votre panier, fournissez vos informations personnelles et choisissez une m\u00e9thode de livraison, effectuez le paiement s\u00e9curis\u00e9 en ligne et vous recevrez une confirmation de commande par e-mail.<\/p><\/div>\n\n\n\n<div class=\"wp-block-stackable-text stk-block-text stk-block stk-b6ec36e\" data-block-id=\"b6ec36e\"><p class=\"stk-block-text__text has-text-align-center\">Si vous constatez une erreur dans votre commande, contactez-nous rapidement \u00e0 <a href=\"mailto:contact@lacabanedeplage.com\">contact@lacabanedeplage.com<\/a> ou au 02 30 25 56 76<\/p><\/div>\n<\/div><\/div><\/div>\n<\/div><\/div>\n\n\n\n<div class=\"wp-block-stackable-columns stk-block-columns stk-block stk-82a9319\" data-block-id=\"82a9319\"><div class=\"stk-row stk-inner-blocks stk-block-content stk-content-align stk-82a9319-column\">\n<div class=\"wp-block-stackable-column stk-block-column stk-column stk-block stk-e2cdd1d\" data-v=\"4\" data-block-id=\"e2cdd1d\"><div class=\"stk-column-wrapper stk-block-column__content stk-container stk-e2cdd1d-container stk--no-background stk--no-padding\"><div class=\"stk-block-content stk-inner-blocks stk-e2cdd1d-inner-blocks\">\n<div class=\"wp-block-stackable-heading stk-block-heading stk-block-heading--v2 stk-block stk-06c9641\" id=\"article-6-paiement\" data-block-id=\"06c9641\"><h2 class=\"stk-block-heading__text has-text-align-center\">ARTICLE 6 &#8211; Paiement<\/h2><\/div>\n\n\n\n<div class=\"wp-block-stackable-text stk-block-text stk-block stk-06ac28f\" data-block-id=\"06ac28f\"><p class=\"stk-block-text__text has-text-align-center\">Le paiement s&rsquo;effectue en ligne via des moyens s\u00e9curis\u00e9s : Cartes Bancaires<\/p><\/div>\n\n\n\n<div class=\"wp-block-stackable-text stk-block-text stk-block stk-a5d6d5c\" data-block-id=\"a5d6d5c\"><p class=\"stk-block-text__text has-text-align-center\">Les transactions sont prot\u00e9g\u00e9es par un syst\u00e8me de cryptage pour garantir la s\u00e9curit\u00e9 de vos donn\u00e9es.<\/p><\/div>\n<\/div><\/div><\/div>\n<\/div><\/div>\n\n\n\n<div class=\"wp-block-stackable-columns stk-block-columns stk-block stk-37035c0\" data-block-id=\"37035c0\"><div class=\"stk-row stk-inner-blocks stk-block-content stk-content-align stk-37035c0-column\">\n<div class=\"wp-block-stackable-column stk-block-column stk-column stk-block stk-6e10fc1\" data-v=\"4\" data-block-id=\"6e10fc1\"><div class=\"stk-column-wrapper stk-block-column__content stk-container stk-6e10fc1-container stk--no-background stk--no-padding\"><div class=\"stk-block-content stk-inner-blocks stk-6e10fc1-inner-blocks\">\n<div class=\"wp-block-stackable-heading stk-block-heading stk-block-heading--v2 stk-block stk-308bcbd\" id=\"article-7-livraison\" data-block-id=\"308bcbd\"><h2 class=\"stk-block-heading__text has-text-align-center\">ARTICLE 7 &#8211; Livraison<\/h2><\/div>\n\n\n\n<div class=\"wp-block-stackable-text stk-block-text stk-block stk-e9740ca\" data-block-id=\"e9740ca\"><p class=\"stk-block-text__text has-text-align-center\">Les commandes sont exp\u00e9di\u00e9es en France m\u00e9tropolitaine. Pour toute livraison \u00e0 l&rsquo;\u00e9tranger, merci de nous contacter.<\/p><\/div>\n\n\n\n<div class=\"wp-block-stackable-text stk-block-text stk-block stk-ddb5684\" data-block-id=\"ddb5684\"><p class=\"stk-block-text__text has-text-align-center\">Les d\u00e9lais de livraison varient entre 3 et 6 jours ouvr\u00e9s apr\u00e8s la confirmation de commande. Les frais de livraison sont calcul\u00e9s en fonction du montant total de la commande et de l&rsquo;adresse de livraison.<\/p><\/div>\n\n\n\n<div class=\"wp-block-stackable-text stk-block-text stk-block stk-5b0d76b\" data-block-id=\"5b0d76b\"><p class=\"stk-block-text__text has-text-align-center\">En cas de retard ou de probl\u00e8me, contactez-nous \u00e0 <a href=\"mailto:contact@lacabanedeplage.com\">contact@lacabanedeplage.com<\/a><\/p><\/div>\n<\/div><\/div><\/div>\n<\/div><\/div>\n\n\n\n<div class=\"wp-block-stackable-columns stk-block-columns stk-block stk-32d08ac\" data-block-id=\"32d08ac\"><div class=\"stk-row stk-inner-blocks stk-block-content stk-content-align stk-32d08ac-column\">\n<div class=\"wp-block-stackable-column stk-block-column stk-column stk-block stk-9a086f5\" data-v=\"4\" data-block-id=\"9a086f5\"><div class=\"stk-column-wrapper stk-block-column__content stk-container stk-9a086f5-container stk--no-background stk--no-padding\"><div class=\"stk-block-content stk-inner-blocks stk-9a086f5-inner-blocks\">\n<div class=\"wp-block-stackable-heading stk-block-heading stk-block-heading--v2 stk-block stk-ce33a1b\" id=\"article-8-droit-de-retractation\" data-block-id=\"ce33a1b\"><h2 class=\"stk-block-heading__text has-text-align-center\">ARTICLE 8 &#8211; Droit de r\u00e9tractation<\/h2><\/div>\n\n\n\n<div class=\"wp-block-stackable-text stk-block-text stk-block stk-3bf3959\" data-block-id=\"3bf3959\"><p class=\"stk-block-text__text has-text-align-center\">Conform\u00e9ment \u00e0 l&rsquo;article L221-18 du Code de la consommation, vous disposez d\u2019un d\u00e9lai de 14 jours \u00e0 compter de la r\u00e9ception des produits pour exercer votre droit de r\u00e9tractation.<\/p><\/div>\n\n\n\n<div class=\"wp-block-stackable-text stk-block-text stk-block stk-4365b7c\" data-block-id=\"4365b7c\"><p class=\"stk-block-text__text has-text-align-center\">Proc\u00e9dure : Contactez-nous \u00e0 <a href=\"mailto:contact@lacabanedeplage.com\">contact@lacabanedeplage.com<\/a> pour signaler votre intention, retournez les produits \u00e0 vos frais \u00e0 l&rsquo;adresse suivante : 2-4 rue Winston Churchill 22370 Pl\u00e9neuf-Val-Andr\u00e9. Les produits doivent \u00eatre retourn\u00e9s en parfait \u00e9tat, non utilis\u00e9s, et dans leur emballage d&rsquo;origine.<\/p><\/div>\n\n\n\n<div class=\"wp-block-stackable-text stk-block-text stk-block stk-18516de\" data-block-id=\"18516de\"><p class=\"stk-block-text__text has-text-align-center\">Le remboursement sera effectu\u00e9 dans un d\u00e9lai de<strong> 14 jours<\/strong> apr\u00e8s r\u00e9ception des articles retourn\u00e9s.<\/p><\/div>\n<\/div><\/div><\/div>\n<\/div><\/div>\n\n\n\n<div class=\"wp-block-stackable-columns stk-block-columns stk-block stk-a4fc113\" data-block-id=\"a4fc113\"><div class=\"stk-row stk-inner-blocks stk-block-content stk-content-align stk-a4fc113-column\">\n<div class=\"wp-block-stackable-column stk-block-column stk-column stk-block stk-f6ed771\" data-v=\"4\" data-block-id=\"f6ed771\"><div class=\"stk-column-wrapper stk-block-column__content stk-container stk-f6ed771-container stk--no-background stk--no-padding\"><div class=\"stk-block-content stk-inner-blocks stk-f6ed771-inner-blocks\">\n<div class=\"wp-block-stackable-heading stk-block-heading stk-block-heading--v2 stk-block stk-dfc88c0\" id=\"article-9-garanties\" data-block-id=\"dfc88c0\"><h2 class=\"stk-block-heading__text has-text-align-center\">ARTICLE 9 &#8211; Garanties<\/h2><\/div>\n\n\n\n<div class=\"wp-block-stackable-text stk-block-text stk-block stk-774fb0e\" data-block-id=\"774fb0e\"><p class=\"stk-block-text__text has-text-align-center\">Tous nos produits b\u00e9n\u00e9ficient des garanties l\u00e9gales de conformit\u00e9 et des vices cach\u00e9s, conform\u00e9ment aux articles L217-4 et suivants du Code de la consommation.<\/p><\/div>\n<\/div><\/div><\/div>\n<\/div><\/div>\n\n\n\n<div class=\"wp-block-stackable-columns stk-block-columns stk-block stk-658d0c2\" data-block-id=\"658d0c2\"><div class=\"stk-row stk-inner-blocks stk-block-content stk-content-align stk-658d0c2-column\">\n<div class=\"wp-block-stackable-column stk-block-column stk-column stk-block stk-54f9cdb\" data-v=\"4\" data-block-id=\"54f9cdb\"><div class=\"stk-column-wrapper stk-block-column__content stk-container stk-54f9cdb-container stk--no-background stk--no-padding\"><div class=\"stk-block-content stk-inner-blocks stk-54f9cdb-inner-blocks\">\n<div class=\"wp-block-stackable-heading stk-block-heading stk-block-heading--v2 stk-block stk-4ee8e5d\" id=\"article-10-responsabilite\" data-block-id=\"4ee8e5d\"><h2 class=\"stk-block-heading__text has-text-align-center\">ARTICLE 10 &#8211; Responsabilit\u00e9<\/h2><\/div>\n\n\n\n<div class=\"wp-block-stackable-text stk-block-text stk-block stk-5cfcd7a\" data-block-id=\"5cfcd7a\"><p class=\"stk-block-text__text has-text-align-center\"><strong>La Cabane de Plage<\/strong> d\u00e9cline toute responsabilit\u00e9 en cas d&rsquo;utilisation non conforme des produits ou de dommages r\u00e9sultant de leur mauvaise utilisation.<\/p><\/div>\n<\/div><\/div><\/div>\n<\/div><\/div>\n\n\n\n<div class=\"wp-block-stackable-columns stk-block-columns stk-block stk-97704ea\" data-block-id=\"97704ea\"><div class=\"stk-row stk-inner-blocks stk-block-content stk-content-align stk-97704ea-column\">\n<div class=\"wp-block-stackable-column stk-block-column stk-column stk-block stk-539b48e\" data-v=\"4\" data-block-id=\"539b48e\"><div class=\"stk-column-wrapper stk-block-column__content stk-container stk-539b48e-container stk--no-background stk--no-padding\"><div class=\"stk-block-content stk-inner-blocks stk-539b48e-inner-blocks\">\n<div class=\"wp-block-stackable-heading stk-block-heading stk-block-heading--v2 stk-block stk-7e8fdaa\" id=\"article-11-propriete-intellectuelle\" data-block-id=\"7e8fdaa\"><h2 class=\"stk-block-heading__text has-text-align-center\">ARTICLE 11 &#8211; Propri\u00e9t\u00e9 intellectuelle<\/h2><\/div>\n\n\n\n<div class=\"wp-block-stackable-text stk-block-text stk-block stk-12a0ecc\" data-block-id=\"12a0ecc\"><p class=\"stk-block-text__text has-text-align-center\">Tous les \u00e9l\u00e9ments pr\u00e9sents sur le site (textes, images, graphismes, logos, etc.) sont prot\u00e9g\u00e9s par des droits de propri\u00e9t\u00e9 intellectuelle. Toute reproduction, totale ou partielle, sans autorisation pr\u00e9alable est strictement interdite.<\/p><\/div>\n<\/div><\/div><\/div>\n<\/div><\/div>\n\n\n\n<div class=\"wp-block-stackable-columns stk-block-columns stk-block stk-c511e89\" data-block-id=\"c511e89\"><div class=\"stk-row stk-inner-blocks stk-block-content stk-content-align stk-c511e89-column\">\n<div class=\"wp-block-stackable-column stk-block-column stk-column stk-block stk-e5b85ad\" data-v=\"4\" data-block-id=\"e5b85ad\"><div class=\"stk-column-wrapper stk-block-column__content stk-container stk-e5b85ad-container stk--no-background stk--no-padding\"><div class=\"stk-block-content stk-inner-blocks stk-e5b85ad-inner-blocks\">\n<div class=\"wp-block-stackable-heading stk-block-heading stk-block-heading--v2 stk-block stk-dfa1238\" id=\"article-12-donnees-personnelles\" data-block-id=\"dfa1238\"><h2 class=\"stk-block-heading__text has-text-align-center\">ARTICLE 12 &#8211; Donn\u00e9es personnelles<\/h2><\/div>\n\n\n\n<div class=\"wp-block-stackable-text stk-block-text stk-block stk-744b267\" data-block-id=\"744b267\"><p class=\"stk-block-text__text has-text-align-center\">Les donn\u00e9es collect\u00e9es lors de vos commandes sont utilis\u00e9es dans le cadre de leur traitement et ne sont jamais revendues \u00e0 des tiers. Pour plus d\u2019informations, consultez notre <a href=\"https:\/\/iut.fluxeos.com\/lacabanedeplage\/politique-de-confidentialite-2\/\" data-type=\"page\" data-id=\"272\">Politique de Confidentialit\u00e9<\/a>.<\/p><\/div>\n<\/div><\/div><\/div>\n<\/div><\/div>\n\n\n\n<div class=\"wp-block-stackable-columns stk-block-columns stk-block stk-855bb87\" data-block-id=\"855bb87\"><div class=\"stk-row stk-inner-blocks stk-block-content stk-content-align stk-855bb87-column\">\n<div class=\"wp-block-stackable-column stk-block-column stk-column stk-block stk-2d674a2\" data-v=\"4\" data-block-id=\"2d674a2\"><div class=\"stk-column-wrapper stk-block-column__content stk-container stk-2d674a2-container stk--no-background stk--no-padding\"><div class=\"stk-block-content stk-inner-blocks stk-2d674a2-inner-blocks\">\n<div class=\"wp-block-stackable-heading stk-block-heading stk-block-heading--v2 stk-block stk-a8d92c5\" id=\"article-13-droit-applicable-et-litiges\" data-block-id=\"a8d92c5\"><h2 class=\"stk-block-heading__text has-text-align-center\">ARTICLE 13 &#8211; Droit applicable et litiges <\/h2><\/div>\n\n\n\n<div class=\"wp-block-stackable-text stk-block-text stk-block stk-e3fe4a9\" data-block-id=\"e3fe4a9\"><p class=\"stk-block-text__text has-text-align-center\">Les pr\u00e9sentes CGV sont r\u00e9gies par le droit fran\u00e7ais. En cas de litige, une solution amiable sera recherch\u00e9e avant tout recours judiciaire. Si aucun accord n&rsquo;est trouv\u00e9, le litige sera soumis aux tribunaux comp\u00e9tents.<\/p><\/div>\n<\/div><\/div><\/div>\n<\/div><\/div>\n\n\n\n<div class=\"wp-block-stackable-columns stk-block-columns stk-block stk-1509977\" data-block-id=\"1509977\"><div class=\"stk-row stk-inner-blocks stk-block-content stk-content-align stk-1509977-column\">\n<div class=\"wp-block-stackable-column stk-block-column stk-column stk-block stk-745105f\" data-v=\"4\" data-block-id=\"745105f\"><div class=\"stk-column-wrapper stk-block-column__content stk-container stk-745105f-container stk--no-background stk--no-padding\"><div class=\"stk-block-content stk-inner-blocks stk-745105f-inner-blocks\">\n<div class=\"wp-block-stackable-heading stk-block-heading stk-block-heading--v2 stk-block stk-d712e1d\" id=\"article-14-contact\" data-block-id=\"d712e1d\"><h2 class=\"stk-block-heading__text has-text-align-center\">ARTICLE 14 &#8211; Contact<\/h2><\/div>\n\n\n\n<div class=\"wp-block-stackable-text stk-block-text stk-block stk-42e6779\" data-block-id=\"42e6779\"><p class=\"stk-block-text__text has-text-align-center\">Pour toute question concernant les CGV ou vos commandes, vous pouvez nous contacter : <\/p><\/div>\n\n\n\n<div class=\"wp-block-stackable-text stk-block-text stk-block stk-2ce063e\" data-block-id=\"2ce063e\"><p class=\"stk-block-text__text has-text-align-center\">Par e-mail : <a href=\"mailto:contact@lacabanedeplage.com\">contact@lacabanedeplage.com<\/a><\/p><\/div>\n\n\n\n<div class=\"wp-block-stackable-text stk-block-text stk-block stk-4ee322a\" data-block-id=\"4ee322a\"><p class=\"stk-block-text__text has-text-align-center\">Par t\u00e9l\u00e9phone : 02 30 25 56 76<\/p><\/div>\n<\/div><\/div><\/div>\n<\/div><\/div>\n","protected":false},"excerpt":{"rendered":"<p>Conditions g\u00e9n\u00e9rales de vente Derni\u00e8re mise \u00e0 jour le : 10 novembre 2024 ARTICLE 1 &#8211; Pr\u00e9ambule Les pr\u00e9sentes Conditions G\u00e9n\u00e9rales de Vente (CGV) r\u00e9gissent l&rsquo;ensemble des relations commerciales entre La Cabane de Plage, et toute personne effectuant un achat sur le site (WWW.lacabanedeplage.com). En passant commande, vous acceptez pleinement les pr\u00e9sentes CGV. ARTICLE 2 [&hellip;]<\/p>\n","protected":false},"author":15,"featured_media":0,"parent":0,"menu_order":0,"comment_status":"closed","ping_status":"closed","template":"","meta":{"footnotes":""},"class_list":["post-279","page","type-page","status-publish","hentry"],"_links":{"self":[{"href":"https:\/\/iut.fluxeos.com\/lacabanedeplage\/wp-json\/wp\/v2\/pages\/279","targetHints":{"allow":["GET"]}}],"collection":[{"href":"https:\/\/iut.fluxeos.com\/lacabanedeplage\/wp-json\/wp\/v2\/pages"}],"about":[{"href":"https:\/\/iut.fluxeos.com\/lacabanedeplage\/wp-json\/wp\/v2\/types\/page"}],"author":[{"embeddable":true,"href":"https:\/\/iut.fluxeos.com\/lacabanedeplage\/wp-json\/wp\/v2\/users\/15"}],"replies":[{"embeddable":true,"href":"https:\/\/iut.fluxeos.com\/lacabanedeplage\/wp-json\/wp\/v2\/comments?post=279"}],"version-history":[{"count":4,"href":"https:\/\/iut.fluxeos.com\/lacabanedeplage\/wp-json\/wp\/v2\/pages\/279\/revisions"}],"predecessor-version":[{"id":381,"href":"https:\/\/iut.fluxeos.com\/lacabanedeplage\/wp-json\/wp\/v2\/pages\/279\/revisions\/381"}],"wp:attachment":[{"href":"https:\/\/iut.fluxeos.com\/lacabanedeplage\/wp-json\/wp\/v2\/media?parent=279"}],"curies":[{"name":"wp","href":"https:\/\/api.w.org\/{rel}","templated":true}]}}