{"id":272,"date":"2024-11-20T20:11:23","date_gmt":"2024-11-20T20:11:23","guid":{"rendered":"https:\/\/iut.fluxeos.com\/lacabanedeplage\/?page_id=272"},"modified":"2024-11-27T13:15:53","modified_gmt":"2024-11-27T13:15:53","slug":"politique-de-confidentialite-2","status":"publish","type":"page","link":"https:\/\/iut.fluxeos.com\/lacabanedeplage\/politique-de-confidentialite-2\/","title":{"rendered":"Politique de confidentialit\u00e9 1"},"content":{"rendered":"\n<div class=\"wp-block-stackable-heading stk-block-heading stk-block-heading--v2 stk-block stk-2f57906\" id=\"politique-de-confidentialite\" data-block-id=\"2f57906\"><h1 class=\"stk-block-heading__text has-text-align-center\">Politique de confidentialit\u00e9<\/h1><\/div>\n\n\n\n<div class=\"wp-block-stackable-text stk-block-text stk-block stk-d13b1d5\" data-block-id=\"d13b1d5\"><p class=\"stk-block-text__text has-text-align-center\">Derni\u00e8re mise \u00e0 jour la : 10 octobre 2024<\/p><\/div>\n\n\n\n<div class=\"wp-block-stackable-columns stk-block-columns stk-block stk-8d03d45\" data-block-id=\"8d03d45\"><div class=\"stk-row stk-inner-blocks stk-block-content stk-content-align stk-8d03d45-column\">\n<div class=\"wp-block-stackable-column stk-block-column stk-column stk-block stk-3b113c5\" data-v=\"4\" data-block-id=\"3b113c5\"><div class=\"stk-column-wrapper stk-block-column__content stk-container stk-3b113c5-container stk--no-background stk--no-padding\"><div class=\"stk-block-content stk-inner-blocks stk-3b113c5-inner-blocks\">\n<div class=\"wp-block-stackable-text stk-block-text stk-block stk-dd7bf75\" data-block-id=\"dd7bf75\"><p class=\"stk-block-text__text has-text-align-center\">Bienvenue sur le site <strong><a href=\"https:\/\/iut.fluxeos.com\/lacabanedeplage\/\" data-type=\"page\" data-id=\"2\">La Cabane de Plage<\/a><\/strong>. Nous accordons une grande importance \u00e0 la confidentialit\u00e9 de vos donn\u00e9es personnelles et \u00e0 leur protection. Cette politique de confidentialit\u00e9 d\u00e9taille comment vos informations sont collect\u00e9es, utilis\u00e9es, partag\u00e9es et s\u00e9curis\u00e9es lorsque vous naviguez ou effectuez des achats sur notre site. En utilisant notre site, vous acceptez les termes de cette politique.<\/p><\/div>\n<\/div><\/div><\/div>\n<\/div><\/div>\n\n\n\n<div class=\"wp-block-stackable-columns stk-block-columns stk-block stk-9314204\" data-block-id=\"9314204\"><div class=\"stk-row stk-inner-blocks stk-block-content stk-content-align stk-9314204-column\">\n<div class=\"wp-block-stackable-column stk-block-column stk-column stk-block stk-c4d4e49\" data-v=\"4\" data-block-id=\"c4d4e49\"><div class=\"stk-column-wrapper stk-block-column__content stk-container stk-c4d4e49-container stk--no-background stk--no-padding\"><div class=\"stk-block-content stk-inner-blocks stk-c4d4e49-inner-blocks\">\n<div class=\"wp-block-stackable-heading stk-block-heading stk-block-heading--v2 stk-block stk-8119e24\" id=\"collecte-dinformation\" data-block-id=\"8119e24\"><h2 class=\"stk-block-heading__text has-text-align-center\">Collecte d&rsquo;information<\/h2><\/div>\n\n\n\n<div class=\"wp-block-stackable-text stk-block-text stk-block stk-503d687\" data-block-id=\"503d687\"><p class=\"stk-block-text__text has-text-align-center\">Nous collectons les informations personnelles que vous fournissez directement, notamment : nom et pr\u00e9nom, adresse e-mail, num\u00e9ro de t\u00e9l\u00e9phone, adresse postale et information de paiement (dans le cadre d&rsquo;une commande).<\/p><\/div>\n\n\n\n<div class=\"wp-block-stackable-text stk-block-text stk-block stk-46d7749\" data-block-id=\"46d7749\"><p class=\"stk-block-text__text has-text-align-center\">Lorsque vous naviguez sur notre site, nous collectons automatiquement certaines informations techniques, telles que : votre adresse IP, le type de navigateur que vous utilisez, les pages visit\u00e9es et le temps pass\u00e9 sur celle-ci et les informations sur votre appareil (type, syst\u00e8me d&rsquo;exploitation&#8230;)<\/p><\/div>\n<\/div><\/div><\/div>\n<\/div><\/div>\n\n\n\n<div class=\"wp-block-stackable-columns stk-block-columns stk-block stk-a9c4c7a\" data-block-id=\"a9c4c7a\"><div class=\"stk-row stk-inner-blocks stk-block-content stk-content-align stk-a9c4c7a-column\">\n<div class=\"wp-block-stackable-column stk-block-column stk-column stk-block stk-bc9e958\" data-v=\"4\" data-block-id=\"bc9e958\"><div class=\"stk-column-wrapper stk-block-column__content stk-container stk-bc9e958-container stk--no-background stk--no-padding\"><div class=\"stk-block-content stk-inner-blocks stk-bc9e958-inner-blocks\">\n<div class=\"wp-block-stackable-heading stk-block-heading stk-block-heading--v2 stk-block stk-42325d0\" id=\"utilisation-des-informations\" data-block-id=\"42325d0\"><h2 class=\"stk-block-heading__text has-text-align-center\">Utilisation des informations<\/h2><\/div>\n\n\n\n<div class=\"wp-block-stackable-text stk-block-text stk-block stk-220236f\" data-block-id=\"220236f\"><p class=\"stk-block-text__text has-text-align-center\">Les donn\u00e9es collect\u00e9es sont utilis\u00e9es dans les cas suivants :<\/p><\/div>\n\n\n\n<div class=\"wp-block-stackable-text stk-block-text stk-block stk-6069f35\" data-block-id=\"6069f35\"><p class=\"stk-block-text__text has-text-align-center\">La gestion des commandes (traitement et suivi des commandes, exp\u00e9dition des produits), l&rsquo;am\u00e9lioration de nos services, la communication et le marketing, le service client et le respect des obligations l\u00e9gales<\/p><\/div>\n<\/div><\/div><\/div>\n<\/div><\/div>\n\n\n\n<div class=\"wp-block-stackable-columns stk-block-columns stk-block stk-35a51a2\" data-block-id=\"35a51a2\"><div class=\"stk-row stk-inner-blocks stk-block-content stk-content-align stk-35a51a2-column\">\n<div class=\"wp-block-stackable-column stk-block-column stk-column stk-block stk-c709ee0\" data-v=\"4\" data-block-id=\"c709ee0\"><div class=\"stk-column-wrapper stk-block-column__content stk-container stk-c709ee0-container stk--no-background stk--no-padding\"><div class=\"stk-block-content stk-inner-blocks stk-c709ee0-inner-blocks\">\n<div class=\"wp-block-stackable-heading stk-block-heading stk-block-heading--v2 stk-block stk-f81cbf2\" id=\"partage-des-informations\" data-block-id=\"f81cbf2\"><h2 class=\"stk-block-heading__text has-text-align-center\">Partage des informations<\/h2><\/div>\n\n\n\n<div class=\"wp-block-stackable-text stk-block-text stk-block stk-4637230\" data-block-id=\"4637230\"><p class=\"stk-block-text__text has-text-align-center\">Vos informations personnelles peuvent \u00eatre partag\u00e9es uniquement dans les cas suivants : <\/p><\/div>\n\n\n\n<div class=\"wp-block-stackable-text stk-block-text stk-block stk-a3405d8\" data-block-id=\"a3405d8\"><p class=\"stk-block-text__text\">Avec des prestataires tiers n\u00e9cessaire \u00e0 l&rsquo;exploitation du site<\/p><\/div>\n\n\n\n<div class=\"wp-block-stackable-text stk-block-text stk-block stk-abbdc08\" data-block-id=\"abbdc08\"><p class=\"stk-block-text__text\">Avec des autorit\u00e9s l\u00e9gales, si cela est requis par la loi<\/p><\/div>\n\n\n\n<div class=\"wp-block-stackable-text stk-block-text stk-block stk-83d968a\" data-block-id=\"83d968a\"><p class=\"stk-block-text__text\">Nous garantissons que vos donn\u00e9es ne seront jamais vendues ni lou\u00e9es \u00e0 des tiers<\/p><\/div>\n<\/div><\/div><\/div>\n<\/div><\/div>\n\n\n\n<div class=\"wp-block-stackable-columns stk-block-columns stk-block stk-f449b98\" data-block-id=\"f449b98\"><div class=\"stk-row stk-inner-blocks stk-block-content stk-content-align stk-f449b98-column\">\n<div class=\"wp-block-stackable-column stk-block-column stk-column stk-block stk-ae9a540\" data-v=\"4\" data-block-id=\"ae9a540\"><div class=\"stk-column-wrapper stk-block-column__content stk-container stk-ae9a540-container stk--no-background stk--no-padding\"><div class=\"stk-block-content stk-inner-blocks stk-ae9a540-inner-blocks\">\n<div class=\"wp-block-stackable-heading stk-block-heading stk-block-heading--v2 stk-block stk-be3d7d4\" id=\"securite-des-informations\" data-block-id=\"be3d7d4\"><h2 class=\"stk-block-heading__text has-text-align-center\">S\u00e9curit\u00e9 des informations<\/h2><\/div>\n\n\n\n<div class=\"wp-block-stackable-text stk-block-text stk-block stk-4e78963\" data-block-id=\"4e78963\"><p class=\"stk-block-text__text has-text-align-center\">Nous mettons en \u0153uvre des mesures techniques et organisationnelles appropri\u00e9es pour prot\u00e9ger vos donn\u00e9es personnelles contre : l&rsquo;acc\u00e8s non autoris\u00e9, la divulgation ou l&rsquo;alt\u00e9ration, la destruction accidentelle ou ill\u00e9gale.<\/p><\/div>\n\n\n\n<div class=\"wp-block-stackable-text stk-block-text stk-block stk-0682111\" data-block-id=\"0682111\"><p class=\"stk-block-text__text has-text-align-center\">Cependant, aucune m\u00e9thode de transmission ou de stockage de donn\u00e9es n&rsquo;est enti\u00e8rement s\u00e9curis\u00e9e. Nous faisons de notre possible pour minimiser les risques.<\/p><\/div>\n<\/div><\/div><\/div>\n<\/div><\/div>\n\n\n\n<div class=\"wp-block-stackable-columns stk-block-columns stk-block stk-e654715\" data-block-id=\"e654715\"><div class=\"stk-row stk-inner-blocks stk-block-content stk-content-align stk-e654715-column\">\n<div class=\"wp-block-stackable-column stk-block-column stk-column stk-block stk-796623c\" data-v=\"4\" data-block-id=\"796623c\"><div class=\"stk-column-wrapper stk-block-column__content stk-container stk-796623c-container stk--no-background stk--no-padding\"><div class=\"stk-block-content stk-inner-blocks stk-796623c-inner-blocks\">\n<div class=\"wp-block-stackable-heading stk-block-heading stk-block-heading--v2 stk-block stk-b2f006a\" id=\"cookies\" data-block-id=\"b2f006a\"><h2 class=\"stk-block-heading__text has-text-align-center\">Cookies<\/h2><\/div>\n\n\n\n<div class=\"wp-block-stackable-text stk-block-text stk-block stk-d72b515\" data-block-id=\"d72b515\"><p class=\"stk-block-text__text has-text-align-center\">Les cookies nous permettent de : personnaliser votre navigation, analyser le trafic sur notre site pour am\u00e9liorer l&rsquo;exp\u00e9rience utilisateur.<\/p><\/div>\n\n\n\n<div class=\"wp-block-stackable-text stk-block-text stk-block stk-e1c7440\" data-block-id=\"e1c7440\"><p class=\"stk-block-text__text has-text-align-center\">Vous pouvez configurer votre navigateur pour accepter ou refuser les cookies, ou pour vous alerter lorsqu&rsquo;un cookie est utilis\u00e9. Notez que la d\u00e9sactivation des cookies peut limiter certaines fonctionnalit\u00e9s du site.<\/p><\/div>\n<\/div><\/div><\/div>\n<\/div><\/div>\n\n\n\n<div class=\"wp-block-stackable-columns stk-block-columns stk-block stk-65839e3\" data-block-id=\"65839e3\"><div class=\"stk-row stk-inner-blocks stk-block-content stk-content-align stk-65839e3-column\">\n<div class=\"wp-block-stackable-column stk-block-column stk-column stk-block stk-e1cfa23\" data-v=\"4\" data-block-id=\"e1cfa23\"><div class=\"stk-column-wrapper stk-block-column__content stk-container stk-e1cfa23-container stk--no-background stk--no-padding\"><div class=\"stk-block-content stk-inner-blocks stk-e1cfa23-inner-blocks\">\n<div class=\"wp-block-stackable-heading stk-block-heading stk-block-heading--v2 stk-block stk-26066c9\" id=\"modifications-de-cette-politique\" data-block-id=\"26066c9\"><h2 class=\"stk-block-heading__text has-text-align-center\">Modifications de cette politique<\/h2><\/div>\n\n\n\n<div class=\"wp-block-stackable-text stk-block-text stk-block stk-39dc390\" data-block-id=\"39dc390\"><p class=\"stk-block-text__text has-text-align-center\">Nous nous r\u00e9servons le droit de modifier cette politique de confidentialit\u00e9 \u00e0 tout moment. Les modifications prendront effet imm\u00e9diatement apr\u00e8s leur publication sur cette page, accompagn\u00e9es de la date de la derni\u00e8re mise \u00e0 jour.<\/p><\/div>\n<\/div><\/div><\/div>\n<\/div><\/div>\n","protected":false},"excerpt":{"rendered":"<p>Politique de confidentialit\u00e9 Derni\u00e8re mise \u00e0 jour la : 10 octobre 2024 Bienvenue sur le site La Cabane de Plage. Nous accordons une grande importance \u00e0 la confidentialit\u00e9 de vos donn\u00e9es personnelles et \u00e0 leur protection. Cette politique de confidentialit\u00e9 d\u00e9taille comment vos informations sont collect\u00e9es, utilis\u00e9es, partag\u00e9es et s\u00e9curis\u00e9es lorsque vous naviguez ou effectuez [&hellip;]<\/p>\n","protected":false},"author":15,"featured_media":0,"parent":0,"menu_order":0,"comment_status":"closed","ping_status":"closed","template":"","meta":{"footnotes":""},"class_list":["post-272","page","type-page","status-publish","hentry"],"_links":{"self":[{"href":"https:\/\/iut.fluxeos.com\/lacabanedeplage\/wp-json\/wp\/v2\/pages\/272","targetHints":{"allow":["GET"]}}],"collection":[{"href":"https:\/\/iut.fluxeos.com\/lacabanedeplage\/wp-json\/wp\/v2\/pages"}],"about":[{"href":"https:\/\/iut.fluxeos.com\/lacabanedeplage\/wp-json\/wp\/v2\/types\/page"}],"author":[{"embeddable":true,"href":"https:\/\/iut.fluxeos.com\/lacabanedeplage\/wp-json\/wp\/v2\/users\/15"}],"replies":[{"embeddable":true,"href":"https:\/\/iut.fluxeos.com\/lacabanedeplage\/wp-json\/wp\/v2\/comments?post=272"}],"version-history":[{"count":4,"href":"https:\/\/iut.fluxeos.com\/lacabanedeplage\/wp-json\/wp\/v2\/pages\/272\/revisions"}],"predecessor-version":[{"id":417,"href":"https:\/\/iut.fluxeos.com\/lacabanedeplage\/wp-json\/wp\/v2\/pages\/272\/revisions\/417"}],"wp:attachment":[{"href":"https:\/\/iut.fluxeos.com\/lacabanedeplage\/wp-json\/wp\/v2\/media?parent=272"}],"curies":[{"name":"wp","href":"https:\/\/api.w.org\/{rel}","templated":true}]}}