{"id":233,"date":"2024-11-26T17:16:53","date_gmt":"2024-11-26T17:16:53","guid":{"rendered":"https:\/\/iut.fluxeos.com\/lacabanedeplage\/?page_id=233"},"modified":"2024-12-03T08:56:21","modified_gmt":"2024-12-03T08:56:21","slug":"newsletter","status":"publish","type":"page","link":"https:\/\/iut.fluxeos.com\/lacabanedeplage\/newsletter\/","title":{"rendered":"Newsletter 1"},"content":{"rendered":"\n<div class=\"wp-block-stackable-heading stk-block-heading stk-block-heading--v2 stk-block stk-90697c3\" id=\"sabonner-a-la-newsletter\" data-block-id=\"90697c3\"><style>.stk-90697c3 .stk-block-heading__text{font-size:50px !important;font-family:\"Montserrat\", Sans-serif !important;}@media screen and (max-width: 1023px){.stk-90697c3 .stk-block-heading__text{font-size:50px !important;}}<\/style><h1 class=\"stk-block-heading__text has-text-align-center\">S&rsquo;abonner \u00e0 la newsletter<\/h1><\/div>\n\n\n\n<div class=\"wp-block-stackable-columns stk-block-columns stk-block stk-9efcb38\" data-block-id=\"9efcb38\"><div class=\"stk-row stk-inner-blocks stk-block-content stk-content-align stk-9efcb38-column\">\n<div class=\"wp-block-stackable-column stk-block-column stk-column stk-block stk-2851c46\" data-v=\"4\" data-block-id=\"2851c46\"><div class=\"stk-column-wrapper stk-block-column__content stk-container stk-2851c46-container stk--no-background stk--no-padding\"><div class=\"stk-block-content stk-inner-blocks stk-2851c46-inner-blocks\">\n<div class=\"wp-block-stackable-text stk-block-text stk-block stk-6f60c00\" data-block-id=\"6f60c00\"><style>.stk-6f60c00 .stk-block-text__text{font-size:18px !important;font-family:\"Montserrat\", Sans-serif !important;}@media screen and (max-width: 1023px){.stk-6f60c00 .stk-block-text__text{font-size:18px !important;}}<\/style><p class=\"stk-block-text__text\">Chers amis de la plage,<\/p><\/div>\n\n\n\n<div class=\"wp-block-stackable-text stk-block-text stk-block stk-aa516fc\" data-block-id=\"aa516fc\"><style>.stk-aa516fc .stk-block-text__text{font-size:18px !important;font-family:\"montserrat\", Sans-serif !important;}@media screen and (max-width: 1023px){.stk-aa516fc .stk-block-text__text{font-size:18px !important;}}<\/style><p class=\"stk-block-text__text\">Vous r\u00eavez de sable fin, de vagues apaisantes et d&rsquo;une ambiance chaleureuse tout au long de l&rsquo;ann\u00e9e ? La Cabane de Plage vous invite \u00e0 rejoindre notre communaut\u00e9 exclusive en vous abonnant \u00e0 notre newsletter. Plongez dans un oc\u00e9an d&rsquo;avantages et restez connect\u00e9 \u00e0 votre endroit pr\u00e9f\u00e9r\u00e9 !<\/p><\/div>\n\n\n\n<div class=\"wp-block-stackable-text stk-block-text stk-block stk-38b58f4\" data-block-id=\"38b58f4\"><style>.stk-38b58f4 .stk-block-text__text{font-size:18px !important;font-family:\"Montserrat\", Sans-serif !important;}@media screen and (max-width: 1023px){.stk-38b58f4 .stk-block-text__text{font-size:18px !important;}}<\/style><p class=\"stk-block-text__text\">Pourquoi s&rsquo;abonner \u00e0 notre newsletter ?<\/p><\/div>\n\n\n\n<div class=\"wp-block-stackable-text stk-block-text stk-block stk-f2b540a\" data-block-id=\"f2b540a\"><style>.stk-f2b540a .stk-block-text__text{font-size:18px !important;font-family:\"Montserrat\", Sans-serif !important;}@media screen and (max-width: 1023px){.stk-f2b540a .stk-block-text__text{font-size:18px !important;}}<\/style><p class=\"stk-block-text__text\">Offres Exclusives et R\u00e9ductions Sp\u00e9ciales : En tant qu&rsquo;abonn\u00e9, vous serez les premiers \u00e0 recevoir nos promotions saisonni\u00e8res, nos offres sp\u00e9ciales et des r\u00e9ductions uniques. Profitez de tarifs pr\u00e9f\u00e9rentiels sur nos menus, nos \u00e9v\u00e9nements et nos activit\u00e9s.<\/p><\/div>\n\n\n\n<div class=\"wp-block-stackable-text stk-block-text stk-block stk-6323aaa\" data-block-id=\"6323aaa\"><style>.stk-6323aaa .stk-block-text__text{font-size:18px !important;font-family:\"Montserrat\", Sans-serif !important;}@media screen and (max-width: 1023px){.stk-6323aaa .stk-block-text__text{font-size:18px !important;}}<\/style><p class=\"stk-block-text__text\">\u00c9v\u00e9nements Priv\u00e9s et Activit\u00e9s en Avant-Premi\u00e8re : Recevez des invitations VIP pour nos soir\u00e9es th\u00e9matiques, concerts en plein air, et \u00e9v\u00e9nements exclusifs. D\u00e9couvrez en avant-premi\u00e8re nos nouvelles activit\u00e9s et animations pour toute la famille.<\/p><\/div>\n\n\n\n<div class=\"wp-block-stackable-text stk-block-text stk-block stk-2e96514\" data-block-id=\"2e96514\"><style>.stk-2e96514 .stk-block-text__text{font-size:18px !important;font-family:\"Montserrat\", Sans-serif !important;}@media screen and (max-width: 1023px){.stk-2e96514 .stk-block-text__text{font-size:18px !important;}}<\/style><p class=\"stk-block-text__text\">Astuces et Conseils pour Profiter de la Plage : Nous partageons avec vous nos meilleurs conseils pour profiter pleinement de votre s\u00e9jour \u00e0 la plage. Des recettes de cocktails rafra\u00eechissants aux id\u00e9es de jeux de plage pour les enfants, vous aurez tout ce qu&rsquo;il faut pour cr\u00e9er des souvenirs inoubliables.<\/p><\/div>\n\n\n\n<div class=\"wp-block-stackable-text stk-block-text stk-block stk-9dc1e16\" data-block-id=\"9dc1e16\"><style>.stk-9dc1e16 .stk-block-text__text{font-size:18px !important;font-family:\"Montserrat\", Sans-serif !important;}@media screen and (max-width: 1023px){.stk-9dc1e16 .stk-block-text__text{font-size:18px !important;}}<\/style><p class=\"stk-block-text__text\">Actualit\u00e9s et Nouveaut\u00e9s de La Cabane de Plage : Restez inform\u00e9 des derni\u00e8res actualit\u00e9s de La Cabane de Plage. Soyez les premiers \u00e0 d\u00e9couvrir nos nouveaux am\u00e9nagements, les ajouts \u00e0 notre carte gourmande et nos projets futurs pour am\u00e9liorer votre exp\u00e9rience.<\/p><\/div>\n\n\n\n<div class=\"wp-block-stackable-text stk-block-text stk-block stk-a3df9b7\" data-block-id=\"a3df9b7\"><style>.stk-a3df9b7 .stk-block-text__text{font-size:18px !important;font-family:\"Montserrat\", Sans-serif !important;}@media screen and (max-width: 1023px){.stk-a3df9b7 .stk-block-text__text{font-size:18px !important;}}<\/style><p class=\"stk-block-text__text\">Concours et Cadeaux : Participez \u00e0 nos concours r\u00e9serv\u00e9s aux abonn\u00e9s et tentez de gagner des cadeaux exclusifs. Des goodies de La Cabane de Plage aux s\u00e9jours offerts, vous aurez de nombreuses occasions de vous faire plaisir.<\/p><\/div>\n\n\n\n<div class=\"wp-block-stackable-text stk-block-text stk-block stk-924cb1c\" data-block-id=\"924cb1c\"><style>.stk-924cb1c .stk-block-text__text{font-size:18px !important;font-family:\"Montserrat\", Sans-serif !important;}@media screen and (max-width: 1023px){.stk-924cb1c .stk-block-text__text{font-size:18px !important;}}<\/style><p class=\"stk-block-text__text\">En vous abonnant, vous rejoindrez une communaut\u00e9 de passionn\u00e9s de la plage qui partagent les m\u00eames valeurs et le m\u00eame amour pour la mer. Ne manquez plus rien de ce qui fait le charme et l&rsquo;authenticit\u00e9 de La Cabane de Plage.<\/p><\/div>\n<\/div><\/div><\/div>\n\n\n\n<div class=\"wp-block-stackable-column stk-block-column stk-column stk-block stk-d6838dc\" data-v=\"4\" data-block-id=\"d6838dc\"><div class=\"stk-column-wrapper stk-block-column__content stk-container stk-d6838dc-container stk--no-background stk--no-padding\"><div class=\"stk-block-content stk-inner-blocks stk-d6838dc-inner-blocks\">\n<div class=\"wp-block-stackable-image stk-block-image stk-block stk-c623676\" data-block-id=\"c623676\"><style>.stk-c623676 .stk-img-wrapper{height:800px !important;}<\/style><figure><span class=\"stk-img-wrapper stk-image--shape-stretch\"><img loading=\"lazy\" decoding=\"async\" class=\"stk-img wp-image-554\" src=\"https:\/\/iut.fluxeos.com\/lacabanedeplage\/wp-content\/uploads\/sites\/13\/2024\/12\/news-1.png\" width=\"665\" height=\"665\" alt=\"image newsletter\" srcset=\"https:\/\/iut.fluxeos.com\/lacabanedeplage\/wp-content\/uploads\/sites\/13\/2024\/12\/news-1.png 665w, https:\/\/iut.fluxeos.com\/lacabanedeplage\/wp-content\/uploads\/sites\/13\/2024\/12\/news-1-300x300.png 300w, https:\/\/iut.fluxeos.com\/lacabanedeplage\/wp-content\/uploads\/sites\/13\/2024\/12\/news-1-150x150.png 150w, https:\/\/iut.fluxeos.com\/lacabanedeplage\/wp-content\/uploads\/sites\/13\/2024\/12\/news-1-600x600.png 600w, https:\/\/iut.fluxeos.com\/lacabanedeplage\/wp-content\/uploads\/sites\/13\/2024\/12\/news-1-100x100.png 100w\" sizes=\"auto, (max-width: 665px) 100vw, 665px\" \/><\/span><\/figure><\/div>\n\n\n\n<div class=\"wp-block-stackable-columns stk-block-columns stk-block stk-7bbeb43\" data-block-id=\"7bbeb43\"><div class=\"stk-row stk-inner-blocks stk-block-content stk-content-align stk-7bbeb43-column\">\n<div class=\"wp-block-stackable-column stk-block-column stk-column stk-block stk-28e6194\" data-v=\"4\" data-block-id=\"28e6194\"><div class=\"stk-column-wrapper stk-block-column__content stk-container stk-28e6194-container stk--no-background stk--no-padding\"><div class=\"stk-block-content stk-inner-blocks stk-28e6194-inner-blocks\"><\/div><\/div><\/div>\n<\/div><\/div>\n<\/div><\/div><\/div>\n<\/div><\/div>\n\n\n\n<div class=\"wp-block-stackable-columns stk-block-columns stk-block stk-e12ee56\" data-block-id=\"e12ee56\"><div class=\"stk-row stk-inner-blocks stk-block-content stk-content-align stk-e12ee56-column\">\n<div class=\"wp-block-stackable-column stk-block-column stk-column stk-block stk-3d6897f\" data-v=\"4\" data-block-id=\"3d6897f\"><div class=\"stk-column-wrapper stk-block-column__content stk-container stk-3d6897f-container stk--no-background stk--no-padding\"><div class=\"has-text-align-center stk-block-content stk-inner-blocks stk-3d6897f-inner-blocks\"><noscript class=\"ninja-forms-noscript-message\">\n\tRemarque\u00a0: JavaScript est requis pour ce contenu.<\/noscript>\n<div id=\"nf-form-3-cont\" class=\"nf-form-cont\" aria-live=\"polite\" aria-labelledby=\"nf-form-title-3\" aria-describedby=\"nf-form-errors-3\" role=\"form\">\n\n    <div class=\"nf-loading-spinner\"><\/div>\n\n<\/div>\n        <!-- That data is being printed as a workaround to page builders reordering the order of the scripts loaded-->\n        <script>var formDisplay=1;var nfForms=nfForms||[];var form=[];form.id='3';form.settings={\"objectType\":\"Form Setting\",\"editActive\":false,\"title\":\"Newsletter\",\"show_title\":1,\"allow_public_link\":0,\"embed_form\":\"\",\"clear_complete\":1,\"hide_complete\":1,\"default_label_pos\":\"above\",\"wrapper_class\":\"\",\"element_class\":\"\",\"form_title_heading_level\":\"3\",\"key\":\"\",\"add_submit\":0,\"currency\":\"\",\"unique_field_error\":\"A form with this value has already been submitted.\",\"logged_in\":false,\"not_logged_in_msg\":\"\",\"sub_limit_msg\":\"The form has reached its submission limit.\",\"calculations\":[],\"formContentData\":[\"email_1731501979059\",\"s_inscrire_1731502155485\"],\"ninjaForms\":\"Formulaire\",\"changeEmailErrorMsg\":\"Veuillez saisir une adresse de messagerie valide. Ex\\u00a0: jean.dupont@gmail.com\",\"changeDateErrorMsg\":\"Veuillez saisir une date valide\\u00a0!\",\"confirmFieldErrorMsg\":\"Ces champs doivent correspondre\\u00a0!\",\"fieldNumberNumMinError\":\"Erreur de nombre min.\",\"fieldNumberNumMaxError\":\"Erreur de nombre max.\",\"fieldNumberIncrementBy\":\"Veuillez incr\\u00e9menter par \",\"fieldTextareaRTEInsertLink\":\"Ins\\u00e9rer un lien\",\"fieldTextareaRTEInsertMedia\":\"Ins\\u00e9rer un m\\u00e9dia\",\"fieldTextareaRTESelectAFile\":\"S\\u00e9lectionnez un fichier\",\"formErrorsCorrectErrors\":\"Veuillez corriger les erreurs avant d\\u2019envoyer ce formulaire.\",\"formHoneypot\":\"Si vous \\u00eates un \\u00eatre humain et que vous voyez ce champ, veuillez le laisser vide.\",\"validateRequiredField\":\"Ce champ est obligatoire.\",\"honeypotHoneypotError\":\"Erreur Honeypot\",\"fileUploadOldCodeFileUploadInProgress\":\"T\\u00e9l\\u00e9versement du fichier en cours.\",\"fileUploadOldCodeFileUpload\":\"T\\u00c9L\\u00c9VERSEMENT DE FICHIER\",\"currencySymbol\":false,\"fieldsMarkedRequired\":\"Les champs marqu\\u00e9s d\\u2019un <span class=\\\"ninja-forms-req-symbol\\\">*<\\\/span> sont obligatoires\",\"thousands_sep\":\"\\u00a0\",\"decimal_point\":\",\",\"siteLocale\":\"fr_FR\",\"dateFormat\":\"m\\\/d\\\/Y\",\"startOfWeek\":\"1\",\"of\":\"sur\",\"previousMonth\":\"Mois pr\\u00e9c\\u00e9dent\",\"nextMonth\":\"Mois suivant\",\"months\":[\"Janvier\",\"F\\u00e9vrier\",\"Mars\",\"Avril\",\"Mai\",\"Juin\",\"Juillet\",\"Ao\\u00fbt\",\"Septembre\",\"Octobre\",\"Novembre\",\"D\\u00e9cembre\"],\"monthsShort\":[\"Jan\",\"F\\u00e9v\",\"Mar\",\"Avr\",\"Mai\",\"Juin\",\"Juil\",\"Ao\\u00fb\",\"Sep\",\"Oct\",\"Nov\",\"D\\u00e9c\"],\"weekdays\":[\"Dimanche\",\"Lundi\",\"Mardi\",\"Mercredi\",\"Jeudi\",\"Vendredi\",\"Samedi\"],\"weekdaysShort\":[\"Dim\",\"Lun\",\"Mar\",\"Mer\",\"Jeu\",\"Ven\",\"Sam\"],\"weekdaysMin\":[\"Di\",\"Lu\",\"Ma\",\"Me\",\"Je\",\"Ve\",\"Sa\"],\"recaptchaConsentMissing\":\"reCaptcha validation couldn&#039;t load.\",\"recaptchaMissingCookie\":\"reCaptcha v3 validation couldn&#039;t load the cookie needed to submit the form.\",\"recaptchaConsentEvent\":\"Accept reCaptcha cookies before sending the form.\",\"currency_symbol\":\"\",\"beforeForm\":\"\",\"beforeFields\":\"\",\"afterFields\":\"\",\"afterForm\":\"\"};form.fields=[{\"objectType\":\"Field\",\"objectDomain\":\"fields\",\"editActive\":false,\"order\":1,\"idAttribute\":\"id\",\"type\":\"email\",\"label\":\"Email\",\"key\":\"email_1731501979059\",\"label_pos\":\"above\",\"required\":false,\"default\":\"\",\"placeholder\":\"\",\"container_class\":\"\",\"element_class\":\"\",\"admin_label\":\"\",\"help_text\":\"\",\"custom_name_attribute\":\"email\",\"personally_identifiable\":1,\"value\":\"\",\"drawerDisabled\":false,\"id\":10,\"beforeField\":\"\",\"afterField\":\"\",\"parentType\":\"email\",\"element_templates\":[\"email\",\"input\"],\"old_classname\":\"\",\"wrap_template\":\"wrap\"},{\"objectType\":\"Field\",\"objectDomain\":\"fields\",\"editActive\":false,\"order\":999,\"idAttribute\":\"id\",\"type\":\"submit\",\"label\":\"s'inscrire\",\"processing_label\":\"Processing\",\"container_class\":\"\",\"element_class\":\"\",\"key\":\"s_inscrire_1731502155485\",\"admin_label\":\"\",\"drawerDisabled\":false,\"id\":11,\"beforeField\":\"\",\"afterField\":\"\",\"value\":\"\",\"label_pos\":\"above\",\"parentType\":\"textbox\",\"element_templates\":[\"submit\",\"button\",\"input\"],\"old_classname\":\"\",\"wrap_template\":\"wrap-no-label\"}];nfForms.push(form);<\/script>\n        <\/div><\/div><\/div>\n<\/div><\/div>\n","protected":false},"excerpt":{"rendered":"<p>S&rsquo;abonner \u00e0 la newsletter Chers amis de la plage, Vous r\u00eavez de sable fin, de vagues apaisantes et d&rsquo;une ambiance chaleureuse tout au long de l&rsquo;ann\u00e9e ? La Cabane de Plage vous invite \u00e0 rejoindre notre communaut\u00e9 exclusive en vous abonnant \u00e0 notre newsletter. Plongez dans un oc\u00e9an d&rsquo;avantages et restez connect\u00e9 \u00e0 votre endroit [&hellip;]<\/p>\n","protected":false},"author":15,"featured_media":0,"parent":0,"menu_order":0,"comment_status":"closed","ping_status":"closed","template":"","meta":{"footnotes":""},"class_list":["post-233","page","type-page","status-publish","hentry"],"_links":{"self":[{"href":"https:\/\/iut.fluxeos.com\/lacabanedeplage\/wp-json\/wp\/v2\/pages\/233","targetHints":{"allow":["GET"]}}],"collection":[{"href":"https:\/\/iut.fluxeos.com\/lacabanedeplage\/wp-json\/wp\/v2\/pages"}],"about":[{"href":"https:\/\/iut.fluxeos.com\/lacabanedeplage\/wp-json\/wp\/v2\/types\/page"}],"author":[{"embeddable":true,"href":"https:\/\/iut.fluxeos.com\/lacabanedeplage\/wp-json\/wp\/v2\/users\/15"}],"replies":[{"embeddable":true,"href":"https:\/\/iut.fluxeos.com\/lacabanedeplage\/wp-json\/wp\/v2\/comments?post=233"}],"version-history":[{"count":8,"href":"https:\/\/iut.fluxeos.com\/lacabanedeplage\/wp-json\/wp\/v2\/pages\/233\/revisions"}],"predecessor-version":[{"id":556,"href":"https:\/\/iut.fluxeos.com\/lacabanedeplage\/wp-json\/wp\/v2\/pages\/233\/revisions\/556"}],"wp:attachment":[{"href":"https:\/\/iut.fluxeos.com\/lacabanedeplage\/wp-json\/wp\/v2\/media?parent=233"}],"curies":[{"name":"wp","href":"https:\/\/api.w.org\/{rel}","templated":true}]}}