{"id":223,"date":"2024-11-13T12:19:33","date_gmt":"2024-11-13T12:19:33","guid":{"rendered":"https:\/\/iut.fluxeos.com\/lacabanedeplage\/?page_id=223"},"modified":"2024-11-27T10:19:04","modified_gmt":"2024-11-27T10:19:04","slug":"nos-points-de-vente","status":"publish","type":"page","link":"https:\/\/iut.fluxeos.com\/lacabanedeplage\/nos-points-de-vente\/","title":{"rendered":"Nos points de vente 1"},"content":{"rendered":"\n<div class=\"wp-block-stackable-heading stk-block-heading stk-block-heading--v2 stk-block stk-5ac72ca\" id=\"nos-points-de-vente\" data-block-id=\"5ac72ca\"><style>.stk-5ac72ca .stk-block-heading__text{font-family:\"Montserrat\", Sans-serif !important;}<\/style><h1 class=\"stk-block-heading__text has-text-align-center\">Nos points de vente<\/h1><\/div>\n\n\n\n<div class=\"wp-block-stackable-text stk-block-text stk-block stk-bcd820d\" data-block-id=\"bcd820d\"><style>.stk-bcd820d .stk-block-text__text{font-size:18px !important;font-family:\"Montserrat\", Sans-serif !important;}@media screen and (max-width: 1023px){.stk-bcd820d .stk-block-text__text{font-size:18px !important;}}<\/style><p class=\"stk-block-text__text\">Nous vous invitons chaleureusement \u00e0 venir nous rendre visite dans nos boutiques d&rsquo;Erquy et de Pl\u00e9neuf-Val-Andr\u00e9. Que vous soyez \u00e0 la recherche de v\u00eatements tendance, de bijoux uniques ou de d\u00e9coration inspir\u00e9e par le littoral breton, nos boutiques vous offrent une exp\u00e9rience d&rsquo;achat exceptionnelle. Notre \u00e9quipe d\u00e9vou\u00e9e et passionn\u00e9e est l\u00e0 pour vous accueillir, vous conseiller et vous aider \u00e0 trouver ce que vous cherchez. N&rsquo;h\u00e9sitez pas \u00e0 passer nous voir et \u00e0 d\u00e9couvrir notre s\u00e9lection soigneusement choisie pour son authenticit\u00e9 et son charme. Venez partager un moment agr\u00e9able avec nous et emportez un peu de l&rsquo;esprit de la mer chez vous. Nous avons h\u00e2te de vous rencontrer !<\/p><\/div>\n\n\n\n<div class=\"wp-block-stackable-columns stk-block-columns stk-block stk-d3586c9\" data-block-id=\"d3586c9\"><div class=\"stk-row stk-inner-blocks stk-block-content stk-content-align stk-d3586c9-column\">\n<div class=\"wp-block-stackable-column stk-block-column stk-column stk-block stk-4e613dd stk-block-background\" data-v=\"4\" data-block-id=\"4e613dd\"><style>.stk-4e613dd {background-color:var(--stk-global-color-44585, #8b4513) !important;border-top-left-radius:20px !important;border-top-right-radius:20px !important;border-bottom-right-radius:20px !important;border-bottom-left-radius:20px !important;overflow:hidden !important;}.stk-4e613dd:before{background-color:var(--stk-global-color-44585, #8b4513) !important;}@media screen and (min-width: 768px){.stk-4e613dd {flex:var(--stk-flex-grow, 1) 1 calc(45% - var(--stk-column-gap, 0px) * 2 \/ 3 ) !important;}}<\/style><div class=\"stk-column-wrapper stk-block-column__content stk-container stk-4e613dd-container stk--no-background stk--no-padding\"><div class=\"has-text-align-right stk-block-content stk-inner-blocks stk-4e613dd-inner-blocks\">\n<div class=\"wp-block-stackable-heading stk-block-heading stk-block-heading--v2 stk-block stk-cc12c3d\" id=\"point-de-vente-de-span-style-color-ffffff-class-stk-highlight-pleneuf-val-andre-span\" data-block-id=\"cc12c3d\"><style>.stk-cc12c3d .stk-block-heading__text{font-size:40px !important;color:#ffffff !important;font-family:\"Montserrat\", Sans-serif !important;}@media screen and (max-width: 1023px){.stk-cc12c3d .stk-block-heading__text{font-size:40px !important;}}<\/style><h2 class=\"stk-block-heading__text has-text-color has-text-align-center\">Point de vente de <span style=\"color: #ffffff\" class=\"stk-highlight\">Pl\u00e9neuf-Val-Andr\u00e9<\/span><\/h2><\/div>\n\n\n\n<div class=\"wp-block-stackable-image stk-block-image stk-block stk-3c4e6e1\" data-block-id=\"3c4e6e1\"><style>.stk-3c4e6e1 .stk-img-wrapper{width:100% !important;height:250px !important;}<\/style><figure><span class=\"stk-img-wrapper stk-image--shape-stretch\"><img loading=\"lazy\" decoding=\"async\" class=\"stk-img wp-image-254\" src=\"https:\/\/iut.fluxeos.com\/lacabanedeplage\/wp-content\/uploads\/sites\/13\/2024\/11\/Screenshot_1.png\" width=\"400\" height=\"300\" srcset=\"https:\/\/iut.fluxeos.com\/lacabanedeplage\/wp-content\/uploads\/sites\/13\/2024\/11\/Screenshot_1.png 400w, https:\/\/iut.fluxeos.com\/lacabanedeplage\/wp-content\/uploads\/sites\/13\/2024\/11\/Screenshot_1-300x225.png 300w\" sizes=\"auto, (max-width: 400px) 100vw, 400px\" \/><\/span><\/figure><\/div>\n\n\n\n<div class=\"wp-block-stackable-spacer stk-block-spacer stk--no-padding stk-block stk-c55d11a\" data-block-id=\"c55d11a\"><\/div>\n\n\n\n<div class=\"wp-block-stackable-text stk-block-text stk-block stk-c6e9558\" data-block-id=\"c6e9558\"><p class=\"stk-block-text__text has-text-align-center\"><a href=\"https:\/\/www.google.fr\/maps\/place\/2+Rue+Winston+Churchill,+22370+Pl%C3%A9neuf-Val-Andr%C3%A9\/@48.590572,-2.5561099,17z\/data=!3m1!4b1!4m6!3m5!1s0x480e0ee9d80f8b1f:0x85ed526a3273b90!8m2!3d48.5905685!4d-2.553535!16s%2Fg%2F11pvb2ky2l?entry=ttu&amp;g_ep=EgoyMDI0MTExOS4yIKXMDSoASAFQAw%3D%3D\" target=\"_blank\" rel=\"noopener\"><span style=\"color: #ffffff\" class=\"stk-highlight\">2-4 rue Winston Churchill, 22370, Pl\u00e9neuf-Val-Andr\u00e9<\/span><\/a><\/p><\/div>\n<\/div><\/div><\/div>\n\n\n\n<div class=\"wp-block-stackable-column stk-block-column stk-column stk-block stk-1c7bf69\" data-v=\"4\" data-block-id=\"1c7bf69\"><style>@media screen and (min-width: 768px){.stk-1c7bf69 {flex:var(--stk-flex-grow, 1) 1 calc(10% - var(--stk-column-gap, 0px) * 2 \/ 3 ) !important;}}<\/style><div class=\"stk-column-wrapper stk-block-column__content stk-container stk-1c7bf69-container stk--no-background stk--no-padding\"><div class=\"stk-block-content stk-inner-blocks stk-1c7bf69-inner-blocks\"><\/div><\/div><\/div>\n\n\n\n<div class=\"wp-block-stackable-column stk-block-column stk-column stk-block stk-a4db3b5 stk-block-background\" data-v=\"4\" data-block-id=\"a4db3b5\"><style>.stk-a4db3b5 {background-color:var(--stk-global-color-44585, #8b4513) !important;border-top-left-radius:20px !important;border-top-right-radius:20px !important;border-bottom-right-radius:20px !important;border-bottom-left-radius:20px !important;overflow:hidden !important;}.stk-a4db3b5:before{background-color:var(--stk-global-color-44585, #8b4513) !important;}@media screen and (min-width: 768px){.stk-a4db3b5 {flex:var(--stk-flex-grow, 1) 1 calc(45% - var(--stk-column-gap, 0px) * 2 \/ 3 ) !important;}}<\/style><div class=\"stk-column-wrapper stk-block-column__content stk-container stk-a4db3b5-container stk--no-background stk--no-padding\"><div class=\"has-text-align-left stk-block-content stk-inner-blocks stk-a4db3b5-inner-blocks\">\n<div class=\"wp-block-stackable-heading stk-block-heading stk-block-heading--v2 stk-block stk-1cd7177\" id=\"point-de-vente-d-span-style-color-ffffff-class-stk-highlight-erquy-span\" data-block-id=\"1cd7177\"><style>.stk-1cd7177 {margin-bottom:30px !important;}.stk-1cd7177 .stk-block-heading__text{font-size:40px !important;color:#ffffff !important;font-family:\"Montserrat\", Sans-serif !important;}@media screen and (max-width: 1023px){.stk-1cd7177 .stk-block-heading__text{font-size:40px !important;}}<\/style><h2 class=\"stk-block-heading__text has-text-color has-text-align-center\">Point de vente d&rsquo;<span style=\"color: #ffffff\" class=\"stk-highlight\">Erquy<\/span><\/h2><\/div>\n\n\n\n<figure class=\"wp-block-image size-full is-resized\" data-block-type=\"core\"><img loading=\"lazy\" decoding=\"async\" width=\"332\" height=\"211\" src=\"https:\/\/iut.fluxeos.com\/lacabanedeplage\/wp-content\/uploads\/sites\/13\/2024\/11\/Screenshot_3.png\" alt=\"point de vente erquy\" class=\"wp-image-366\" style=\"object-fit:cover;width:600px;height:250px\" srcset=\"https:\/\/iut.fluxeos.com\/lacabanedeplage\/wp-content\/uploads\/sites\/13\/2024\/11\/Screenshot_3.png 332w, https:\/\/iut.fluxeos.com\/lacabanedeplage\/wp-content\/uploads\/sites\/13\/2024\/11\/Screenshot_3-300x191.png 300w\" sizes=\"auto, (max-width: 332px) 100vw, 332px\" \/><\/figure>\n\n\n\n<div class=\"wp-block-stackable-spacer stk-block-spacer stk--no-padding stk-block stk-23164cd\" data-block-id=\"23164cd\"><\/div>\n\n\n\n<div class=\"wp-block-stackable-text stk-block-text stk-block stk-1936735\" data-block-id=\"1936735\"><p class=\"stk-block-text__text has-text-align-center\"><a href=\"https:\/\/www.google.fr\/maps\/place\/54+Rue+du+Port,+22430+Erquy\/@48.6361259,-2.4730777,17z\/data=!3m1!4b1!4m6!3m5!1s0x480e0b126b78aaf9:0x688bf20b42522bd2!8m2!3d48.6361224!4d-2.4705028!16s%2Fg%2F11c21y5p13?entry=ttu&amp;g_ep=EgoyMDI0MTExOS4yIKXMDSoASAFQAw%3D%3D\" target=\"_blank\" rel=\"noopener\"><span style=\"color: #ffffff\" class=\"stk-highlight\">54 rue du port, 22430, Erquy<\/span><\/a><\/p><\/div>\n<\/div><\/div><\/div>\n<\/div><\/div>\n","protected":false},"excerpt":{"rendered":"<p>Nos points de vente Nous vous invitons chaleureusement \u00e0 venir nous rendre visite dans nos boutiques d&rsquo;Erquy et de Pl\u00e9neuf-Val-Andr\u00e9. Que vous soyez \u00e0 la recherche de v\u00eatements tendance, de bijoux uniques ou de d\u00e9coration inspir\u00e9e par le littoral breton, nos boutiques vous offrent une exp\u00e9rience d&rsquo;achat exceptionnelle. Notre \u00e9quipe d\u00e9vou\u00e9e et passionn\u00e9e est l\u00e0 [&hellip;]<\/p>\n","protected":false},"author":15,"featured_media":0,"parent":0,"menu_order":0,"comment_status":"closed","ping_status":"closed","template":"","meta":{"footnotes":""},"class_list":["post-223","page","type-page","status-publish","hentry"],"_links":{"self":[{"href":"https:\/\/iut.fluxeos.com\/lacabanedeplage\/wp-json\/wp\/v2\/pages\/223","targetHints":{"allow":["GET"]}}],"collection":[{"href":"https:\/\/iut.fluxeos.com\/lacabanedeplage\/wp-json\/wp\/v2\/pages"}],"about":[{"href":"https:\/\/iut.fluxeos.com\/lacabanedeplage\/wp-json\/wp\/v2\/types\/page"}],"author":[{"embeddable":true,"href":"https:\/\/iut.fluxeos.com\/lacabanedeplage\/wp-json\/wp\/v2\/users\/15"}],"replies":[{"embeddable":true,"href":"https:\/\/iut.fluxeos.com\/lacabanedeplage\/wp-json\/wp\/v2\/comments?post=223"}],"version-history":[{"count":12,"href":"https:\/\/iut.fluxeos.com\/lacabanedeplage\/wp-json\/wp\/v2\/pages\/223\/revisions"}],"predecessor-version":[{"id":403,"href":"https:\/\/iut.fluxeos.com\/lacabanedeplage\/wp-json\/wp\/v2\/pages\/223\/revisions\/403"}],"wp:attachment":[{"href":"https:\/\/iut.fluxeos.com\/lacabanedeplage\/wp-json\/wp\/v2\/media?parent=223"}],"curies":[{"name":"wp","href":"https:\/\/api.w.org\/{rel}","templated":true}]}}